{"id":989,"date":"2021-02-11T13:16:33","date_gmt":"2021-02-11T17:16:33","guid":{"rendered":"https:\/\/ppgenfermagemcptl.ufms.br\/?page_id=989"},"modified":"2021-03-04T15:19:52","modified_gmt":"2021-03-04T19:19:52","slug":"processo-seletivo-de-alunos-especiais-2021-1","status":"publish","type":"page","link":"https:\/\/ppgenfermagemcptl.ufms.br\/en\/processo-seletivo-de-alunos-especiais-2021-1\/","title":{"rendered":"Processo Seletivo de Alunos Especiais 2021.1"},"content":{"rendered":"<p><a href=\"https:\/\/ppgenfermagemcptl.ufms.br\/files\/2021\/02\/EDITAL-PPG-ENF-CPTL-n-2-de-04-02-2021.-1.pdf\">Edital de Sele\u00e7\u00e3o<\/a><\/p>\n<p><a href=\"https:\/\/docs.google.com\/forms\/d\/15ljXpaq-QzlRu6rEAhbbk2OT9DGshSZGXIlFG_Il9rI\/edit\">Inscri\u00e7\u00f5es dever\u00e3o ser realizadas pelo Formul\u00e1rio do Google (Clique aqui)<\/a><\/p>\n<p><a href=\"https:\/\/ppgenfermagemcptl.ufms.br\/files\/2021\/03\/Edital-5.pdf\">Resultado dos Pedidos de Inscri\u00e7\u00e3o<\/a><\/p>\n<p><a href=\"https:\/\/ppgenfermagemcptl.ufms.br\/files\/2021\/03\/edital-especial-final.pdf\">Resultado Final da Sele\u00e7\u00e3o de Aluno Especial 2021.1<\/a><\/p>\n","protected":false},"excerpt":{"rendered":"<p>Edital de Sele\u00e7\u00e3o Inscri\u00e7\u00f5es dever\u00e3o ser realizadas pelo Formul\u00e1rio do Google (Clique aqui) Resultado dos Pedidos de Inscri\u00e7\u00e3o Resultado Final da Sele\u00e7\u00e3o de Aluno Especial 2021.1<\/p>\n","protected":false},"author":6722,"featured_media":0,"parent":0,"menu_order":0,"comment_status":"closed","ping_status":"closed","template":"","meta":{"footnotes":""},"coauthors":[],"class_list":["post-989","page","type-page","status-publish","hentry"],"_links":{"self":[{"href":"https:\/\/ppgenfermagemcptl.ufms.br\/en\/wp-json\/wp\/v2\/pages\/989","targetHints":{"allow":["GET"]}}],"collection":[{"href":"https:\/\/ppgenfermagemcptl.ufms.br\/en\/wp-json\/wp\/v2\/pages"}],"about":[{"href":"https:\/\/ppgenfermagemcptl.ufms.br\/en\/wp-json\/wp\/v2\/types\/page"}],"author":[{"embeddable":true,"href":"https:\/\/ppgenfermagemcptl.ufms.br\/en\/wp-json\/wp\/v2\/users\/6722"}],"replies":[{"embeddable":true,"href":"https:\/\/ppgenfermagemcptl.ufms.br\/en\/wp-json\/wp\/v2\/comments?post=989"}],"version-history":[{"count":6,"href":"https:\/\/ppgenfermagemcptl.ufms.br\/en\/wp-json\/wp\/v2\/pages\/989\/revisions"}],"predecessor-version":[{"id":1038,"href":"https:\/\/ppgenfermagemcptl.ufms.br\/en\/wp-json\/wp\/v2\/pages\/989\/revisions\/1038"}],"wp:attachment":[{"href":"https:\/\/ppgenfermagemcptl.ufms.br\/en\/wp-json\/wp\/v2\/media?parent=989"}],"wp:term":[{"taxonomy":"author","embeddable":true,"href":"https:\/\/ppgenfermagemcptl.ufms.br\/en\/wp-json\/wp\/v2\/coauthors?post=989"}],"curies":[{"name":"wp","href":"https:\/\/api.w.org\/{rel}","templated":true}]}}