{"id":967,"date":"2020-12-08T14:16:37","date_gmt":"2020-12-08T18:16:37","guid":{"rendered":"https:\/\/ppgenfermagemcptl.ufms.br\/?page_id=967"},"modified":"2021-03-09T13:49:39","modified_gmt":"2021-03-09T17:49:39","slug":"processo-seletivo-2021","status":"publish","type":"page","link":"https:\/\/ppgenfermagemcptl.ufms.br\/en\/processo-seletivo-2021\/","title":{"rendered":"Processo Seletivo 2021.1"},"content":{"rendered":"<p><a href=\"https:\/\/ppgenfermagemcptl.ufms.br\/files\/2020\/12\/Edital-Processo-Seletivo-2021.pdf\">Edital Processo Seletivo 2021.1<\/a><\/p>\n<p><a href=\"https:\/\/ppgenfermagemcptl.ufms.br\/files\/2020\/12\/Anexo-I.pdf\">Anexo I &#8211; Autodeclara\u00e7\u00e3o a Vaga Reservada<\/a><\/p>\n<p><a href=\"https:\/\/ppgenfermagemcptl.ufms.br\/files\/2020\/12\/Anexo-II.pdf\">Anexo II &#8211; Laudo M\u00e9dico<\/a><\/p>\n<p><a href=\"https:\/\/ppgenfermagemcptl.ufms.br\/files\/2020\/12\/Anexo-III.pdf\">Anexo III &#8211; Solicita\u00e7\u00e3o de Atendimento Diferenciado para Pessoas com Defici\u00eancia<\/a><\/p>\n<p><a href=\"https:\/\/ppgenfermagemcptl.ufms.br\/files\/2020\/12\/Anexo-IV.pdf\">Anexo IV &#8211; Requerimento de Recurso Processo Seletivo 2021.1<\/a><\/p>\n<p><a href=\"https:\/\/ppgenfermagemcptl.ufms.br\/files\/2020\/12\/Anexo-V.pdf\">Anexo V &#8211; Tabela de Pontua\u00e7\u00e3o de Curr\u00edculo<\/a><\/p>\n<p><a href=\"https:\/\/ppgenfermagemcptl.ufms.br\/files\/2020\/12\/Anexo-VI.pdf\">Anexo VI &#8211; Orienta\u00e7\u00f5es para Elabora\u00e7\u00e3o do Pr\u00e9-Projeto de Pesquisa e Tabela de Itens para An\u00e1lise e Defesa<\/a><\/p>\n<p>&nbsp;<\/p>\n<p><a href=\"https:\/\/ppgenfermagemcptl.ufms.br\/files\/2021\/02\/SEI_UFMS-2407398-Edital.pdf\">Resultado das Inscri\u00e7\u00f5es e Convoca\u00e7\u00e3o para as Bancas de Argui\u00e7\u00e3o<\/a><\/p>\n<p><a href=\"https:\/\/ppgenfermagemcptl.ufms.br\/files\/2021\/02\/Edital-4-REP.pdf\">Resultado da An\u00e1lise dos Recursos Indeferidos, Cronograma de Bancas de Argui\u00e7\u00e3o e Orienta\u00e7\u00f5es Gerais<\/a><\/p>\n<p><a href=\"https:\/\/ppgenfermagemcptl.ufms.br\/files\/2021\/03\/Edital-Resultado-Final.pdf\">Resultado Final<\/a><\/p>\n<p><a href=\"https:\/\/ppgenfermagemcptl.ufms.br\/files\/2021\/03\/Edital-Resultado-Recursos-Interpostos.pdf\">Resultado dos Recursos<\/a><\/p>\n<p><a href=\"https:\/\/ppgenfermagemcptl.ufms.br\/files\/2021\/03\/Resultado-Final_09_03.pdf\">Resultado Final Ap\u00f3s Recurso<\/a><\/p>\n","protected":false},"excerpt":{"rendered":"<p>Edital Processo Seletivo 2021.1 Anexo I &#8211; Autodeclara\u00e7\u00e3o a Vaga Reservada Anexo II &#8211; Laudo M\u00e9dico Anexo III &#8211; Solicita\u00e7\u00e3o de Atendimento Diferenciado para Pessoas com Defici\u00eancia Anexo IV &#8211; Requerimento de Recurso Processo Seletivo 2021.1 Anexo V &#8211; Tabela de Pontua\u00e7\u00e3o de Curr\u00edculo Anexo VI &#8211; Orienta\u00e7\u00f5es para Elabora\u00e7\u00e3o do Pr\u00e9-Projeto de Pesquisa e [&hellip;]<\/p>\n","protected":false},"author":6722,"featured_media":0,"parent":0,"menu_order":0,"comment_status":"closed","ping_status":"closed","template":"","meta":{"footnotes":""},"coauthors":[],"class_list":["post-967","page","type-page","status-publish","hentry"],"_links":{"self":[{"href":"https:\/\/ppgenfermagemcptl.ufms.br\/en\/wp-json\/wp\/v2\/pages\/967","targetHints":{"allow":["GET"]}}],"collection":[{"href":"https:\/\/ppgenfermagemcptl.ufms.br\/en\/wp-json\/wp\/v2\/pages"}],"about":[{"href":"https:\/\/ppgenfermagemcptl.ufms.br\/en\/wp-json\/wp\/v2\/types\/page"}],"author":[{"embeddable":true,"href":"https:\/\/ppgenfermagemcptl.ufms.br\/en\/wp-json\/wp\/v2\/users\/6722"}],"replies":[{"embeddable":true,"href":"https:\/\/ppgenfermagemcptl.ufms.br\/en\/wp-json\/wp\/v2\/comments?post=967"}],"version-history":[{"count":15,"href":"https:\/\/ppgenfermagemcptl.ufms.br\/en\/wp-json\/wp\/v2\/pages\/967\/revisions"}],"predecessor-version":[{"id":1054,"href":"https:\/\/ppgenfermagemcptl.ufms.br\/en\/wp-json\/wp\/v2\/pages\/967\/revisions\/1054"}],"wp:attachment":[{"href":"https:\/\/ppgenfermagemcptl.ufms.br\/en\/wp-json\/wp\/v2\/media?parent=967"}],"wp:term":[{"taxonomy":"author","embeddable":true,"href":"https:\/\/ppgenfermagemcptl.ufms.br\/en\/wp-json\/wp\/v2\/coauthors?post=967"}],"curies":[{"name":"wp","href":"https:\/\/api.w.org\/{rel}","templated":true}]}}