{"id":891,"date":"2020-06-23T22:08:25","date_gmt":"2020-06-24T02:08:25","guid":{"rendered":"https:\/\/ppgenfermagemcptl.ufms.br\/?page_id=891"},"modified":"2026-03-26T08:04:00","modified_gmt":"2026-03-26T12:04:00","slug":"documentos-e-formularios","status":"publish","type":"page","link":"https:\/\/ppgenfermagemcptl.ufms.br\/en\/documentos-e-formularios\/","title":{"rendered":"Documentos e Formul\u00e1rios"},"content":{"rendered":"<a href=\"https:\/\/ppgenfermagemcptl.ufms.br\/files\/2024\/05\/Modelo-de-Dissertacao-Word-Atualizado-1.docx\">Modelo de Disserta\u00e7\u00e3o Word &#8211; Atualizado<\/a><\/p>\n<p><a href=\"https:\/\/ppgenfermagemcptl.ufms.br\/files\/2024\/05\/Modelo-de-Dissertacao-PDF-Atualizado-1.pdf\">Modelo de Disserta\u00e7\u00e3o PDF &#8211; Atualizado<\/a><\/p>\n<p><a href=\"https:\/\/ppgenfermagemcptl.ufms.br\/files\/2024\/02\/guia-versao-final.pdf\">Guia do Mestrando &#8211; Vers\u00e3o Final<\/a><\/p>\n<p><a href=\"https:\/\/ppgenfermagemcptl.ufms.br\/files\/2026\/02\/RESOLUCAO-COPP-n-1148-de-12-02-2026.pdf\">Estrutura Curricular do Curso<\/a><\/p>\n<p><a href=\"https:\/\/ppgenfermagemcptl.ufms.br\/files\/2020\/06\/Planejamento-est\u00e1gio-doc\u00eancia.docx\">Formul\u00e1rio &#8211; Planejamento Est\u00e1gio Doc\u00eancia<\/a><\/p>\n<p><a href=\"https:\/\/ppgenfermagemcptl.ufms.br\/files\/2020\/06\/Formul\u00e1rio-de-aceite.pdf\">Formul\u00e1rio &#8211; Aceite nas Disciplinas<\/a><\/p>\n<p><a href=\"https:\/\/ppgenfermagemcptl.ufms.br\/files\/2020\/08\/Modelo-Projeto-de-Pesquisa.pdf\">Modelo de Projeto de Pesquisa &#8211; Atualizado<\/a><\/p>\n<p><a href=\"https:\/\/ppgenfermagemcptl.ufms.br\/files\/2021\/09\/Tutorial_17___aluno_enviar_trabalho_pelo_Portal.pdf\">Tutorial &#8211; Submiss\u00e3o da Disserta\u00e7\u00e3o (POSGRAD)<\/a><\/p>\n<p><a href=\"https:\/\/ppgenfermagemcptl.ufms.br\/files\/2026\/02\/Plano-de-Estudo-e-de-Pesquisa-do-Estudante-anual.docx\">Plano de Estudo e Pesquisa do Estudante (anual)<\/a><\/p>\n<p>&nbsp;","protected":false},"excerpt":{"rendered":"<p>Modelo de Disserta\u00e7\u00e3o Word &#8211; Atualizado Modelo de Disserta\u00e7\u00e3o PDF &#8211; Atualizado Guia do Mestrando &#8211; Vers\u00e3o Final Estrutura Curricular do Curso Formul\u00e1rio &#8211; Planejamento Est\u00e1gio Doc\u00eancia Formul\u00e1rio &#8211; Aceite nas Disciplinas Modelo de Projeto de Pesquisa &#8211; Atualizado Tutorial &#8211; Submiss\u00e3o da Disserta\u00e7\u00e3o (POSGRAD) Plano de Estudo e Pesquisa do Estudante (anual) &nbsp;<\/p>\n","protected":false},"author":6722,"featured_media":0,"parent":0,"menu_order":0,"comment_status":"closed","ping_status":"closed","template":"","meta":{"footnotes":""},"coauthors":[8],"class_list":["post-891","page","type-page","status-publish","hentry"],"_links":{"self":[{"href":"https:\/\/ppgenfermagemcptl.ufms.br\/en\/wp-json\/wp\/v2\/pages\/891","targetHints":{"allow":["GET"]}}],"collection":[{"href":"https:\/\/ppgenfermagemcptl.ufms.br\/en\/wp-json\/wp\/v2\/pages"}],"about":[{"href":"https:\/\/ppgenfermagemcptl.ufms.br\/en\/wp-json\/wp\/v2\/types\/page"}],"author":[{"embeddable":true,"href":"https:\/\/ppgenfermagemcptl.ufms.br\/en\/wp-json\/wp\/v2\/users\/6722"}],"replies":[{"embeddable":true,"href":"https:\/\/ppgenfermagemcptl.ufms.br\/en\/wp-json\/wp\/v2\/comments?post=891"}],"version-history":[{"count":25,"href":"https:\/\/ppgenfermagemcptl.ufms.br\/en\/wp-json\/wp\/v2\/pages\/891\/revisions"}],"predecessor-version":[{"id":2922,"href":"https:\/\/ppgenfermagemcptl.ufms.br\/en\/wp-json\/wp\/v2\/pages\/891\/revisions\/2922"}],"wp:attachment":[{"href":"https:\/\/ppgenfermagemcptl.ufms.br\/en\/wp-json\/wp\/v2\/media?parent=891"}],"wp:term":[{"taxonomy":"author","embeddable":true,"href":"https:\/\/ppgenfermagemcptl.ufms.br\/en\/wp-json\/wp\/v2\/coauthors?post=891"}],"curies":[{"name":"wp","href":"https:\/\/api.w.org\/{rel}","templated":true}]}}