{"id":89,"date":"2018-10-16T13:34:48","date_gmt":"2018-10-16T17:34:48","guid":{"rendered":"https:\/\/ppgenfermagemcptl.ufms.br\/?page_id=89"},"modified":"2020-07-24T09:10:47","modified_gmt":"2020-07-24T13:10:47","slug":"mestrado","status":"publish","type":"page","link":"https:\/\/ppgenfermagemcptl.ufms.br\/en\/mestrado\/","title":{"rendered":"Mestrado"},"content":{"rendered":"<p><a href=\"https:\/\/ppgenfermagemcptl.ufms.br\/objetivo-do-curso\/\">Objetivo do Curso<\/a><\/p>\n<p><a href=\"https:\/\/ppgenfermagemcptl.ufms.br\/files\/2020\/07\/322_ESTRUTURA_CURRICULAR_PPGENFERMAGEM-1.pdf\">Estrutura Curricular do Curso<\/a><\/p>\n<p><a href=\"https:\/\/ppgenfermagemcptl.ufms.br\/area-de-concentracao\/\">\u00c1rea de Concentra\u00e7\u00e3o<\/a><\/p>\n<p><a href=\"https:\/\/ppgenfermagemcptl.ufms.br\/linhas-de-pesquisa\/\">Linhas de Pesquisa<\/a><\/p>\n<p><a href=\"\/\/ppgenfermagemcptl.ufms.br\/bolsas\/\">Bolsas<\/a><\/p>\n<p><a href=\"https:\/\/ppgenfermagemcptl.ufms.br\/cooperacao-e-intercambio\/\">Coopera\u00e7\u00e3o e Interc\u00e2mbio<\/a><\/p>\n","protected":false},"excerpt":{"rendered":"<p>Objetivo do Curso Estrutura Curricular do Curso \u00c1rea de Concentra\u00e7\u00e3o Linhas de Pesquisa Bolsas Coopera\u00e7\u00e3o e Interc\u00e2mbio<\/p>\n","protected":false},"author":6722,"featured_media":0,"parent":0,"menu_order":0,"comment_status":"closed","ping_status":"closed","template":"","meta":{"footnotes":""},"coauthors":[],"class_list":["post-89","page","type-page","status-publish","hentry"],"_links":{"self":[{"href":"https:\/\/ppgenfermagemcptl.ufms.br\/en\/wp-json\/wp\/v2\/pages\/89","targetHints":{"allow":["GET"]}}],"collection":[{"href":"https:\/\/ppgenfermagemcptl.ufms.br\/en\/wp-json\/wp\/v2\/pages"}],"about":[{"href":"https:\/\/ppgenfermagemcptl.ufms.br\/en\/wp-json\/wp\/v2\/types\/page"}],"author":[{"embeddable":true,"href":"https:\/\/ppgenfermagemcptl.ufms.br\/en\/wp-json\/wp\/v2\/users\/6722"}],"replies":[{"embeddable":true,"href":"https:\/\/ppgenfermagemcptl.ufms.br\/en\/wp-json\/wp\/v2\/comments?post=89"}],"version-history":[{"count":10,"href":"https:\/\/ppgenfermagemcptl.ufms.br\/en\/wp-json\/wp\/v2\/pages\/89\/revisions"}],"predecessor-version":[{"id":929,"href":"https:\/\/ppgenfermagemcptl.ufms.br\/en\/wp-json\/wp\/v2\/pages\/89\/revisions\/929"}],"wp:attachment":[{"href":"https:\/\/ppgenfermagemcptl.ufms.br\/en\/wp-json\/wp\/v2\/media?parent=89"}],"wp:term":[{"taxonomy":"author","embeddable":true,"href":"https:\/\/ppgenfermagemcptl.ufms.br\/en\/wp-json\/wp\/v2\/coauthors?post=89"}],"curies":[{"name":"wp","href":"https:\/\/api.w.org\/{rel}","templated":true}]}}