{"id":883,"date":"2020-06-23T22:02:06","date_gmt":"2020-06-24T02:02:06","guid":{"rendered":"https:\/\/ppgenfermagemcptl.ufms.br\/?page_id=883"},"modified":"2026-02-20T17:17:42","modified_gmt":"2026-02-20T21:17:42","slug":"disciplinas","status":"publish","type":"page","link":"https:\/\/ppgenfermagemcptl.ufms.br\/en\/disciplinas\/","title":{"rendered":"Disciplinas e Hor\u00e1rios"},"content":{"rendered":"<p><a href=\"https:\/\/ppgenfermagemcptl.ufms.br\/files\/2026\/02\/Horarios-e-Disciplinas-2026.1.pdf\">Hor\u00e1rio e Lista de Disciplinas 2026.1<\/a><\/p>\n<p><a href=\"https:\/\/ppgenfermagemcptl.ufms.br\/files\/2025\/06\/Horario-e-Lista-de-Disciplinas-2025.2.pdf\">Hor\u00e1rio e Lista de Disciplinas 2025.2<\/a><\/p>\n<p><a href=\"https:\/\/drive.google.com\/file\/d\/1gsfFDc1sYDcgQEf3SyjkZilQre79aqHW\/view?usp=drivesdk\">Hor\u00e1rio e Lista de Disciplinas 2025.1<\/a><\/p>\n<p><a href=\"https:\/\/ppgenfermagemcptl.ufms.br\/files\/2024\/07\/Horario-e-Lista-de-Disciplinas-2024.2.pdf\">Hor\u00e1rio e Lista de Disciplinas 2024.2<\/a><\/p>\n<p><a href=\"https:\/\/ppgenfermagemcptl.ufms.br\/files\/2024\/02\/Final-Lista-Oferta-2024.1.pdf\">Hor\u00e1rio e Lista de Disciplinas 2024.1<\/a><\/p>\n<p><a href=\"https:\/\/ppgenfermagemcptl.ufms.br\/files\/2023\/07\/SEI_UFMS-4188430-Anexo.pdf\">Hor\u00e1rio e Lista de Disciplinas 2023.2<\/a><\/p>\n<p><a href=\"https:\/\/ppgenfermagemcptl.ufms.br\/files\/2023\/07\/RESOLUCAO__PPG_ENF___CPTL__n_289__de_31_01_2023..pdf\">Hor\u00e1rio e Lista de Disciplinas 2023.1<\/a><\/p>\n<p><a href=\"https:\/\/ppgenfermagemcptl.ufms.br\/files\/2023\/07\/Res.-214.2022-Lista-de-Oferta-PPG-Enfermagem-2022.2.pdf\">Hor\u00e1rio e Lista de Disciplinas 2022.2<\/a><\/p>\n<p><a href=\"https:\/\/ppgenfermagemcptl.ufms.br\/files\/2022\/02\/QUADRO-DE-HORA\u0301RIOS-DO-CURSO-DE-MESTRADO-EM-ENFERMAGEM-DO-CA\u0302MPUS-DE-TRE\u0302S-LAGOAS.pdf\">Hor\u00e1rio e Lista de Disciplinas 2022.1<\/a><\/p>\n<p><a href=\"https:\/\/ppgenfermagemcptl.ufms.br\/files\/2021\/06\/SEI_23448.002063_2021_80-3.pdf\">Hor\u00e1rio e Lista de Disciplinas 2021.2<\/a><\/p>\n<p><a href=\"https:\/\/ppgenfermagemcptl.ufms.br\/files\/2021\/03\/Oferta_2021_1.pdf\">Hor\u00e1rio e Lista de Disciplinas 2021.1<\/a><\/p>\n<p><a href=\"https:\/\/ppgenfermagemcptl.ufms.br\/files\/2020\/08\/Resolu\u00e7\u00e3o-39-REP-REP.pdf\">Hor\u00e1rio e Lista de Disciplinas 2020.2<\/a><\/p>\n<p><a href=\"https:\/\/ppgenfermagemcptl.ufms.br\/files\/2020\/06\/Disciplinas-2020.1.pdf\">Hor\u00e1rio e Lista de Disciplinas 2020.1<\/a><\/p>\n<p><a href=\"https:\/\/ppgenfermagemcptl.ufms.br\/files\/2020\/06\/Disciplinas-2019.2.pdf\">Hor\u00e1rio e Lista de Disciplinas 2019.2<\/a><\/p>\n<p><a href=\"https:\/\/ppgenfermagemcptl.ufms.br\/files\/2020\/06\/Disciplinas-2019.1.pdf\">Hor\u00e1rio e Lista de Disciplinas 2019.1<\/a><\/p>\n<p><a href=\"https:\/\/ppgenfermagemcptl.ufms.br\/files\/2025\/02\/Plano-de-Ensino-Perspectivas-para-a-Enfermagem-1.pdf\">Plano de Ensino &#8211; Perspectivas para a Enfermagem<\/a><\/p>\n","protected":false},"excerpt":{"rendered":"<p>Hor\u00e1rio e Lista de Disciplinas 2026.1 Hor\u00e1rio e Lista de Disciplinas 2025.2 Hor\u00e1rio e Lista de Disciplinas 2025.1 Hor\u00e1rio e Lista de Disciplinas 2024.2 Hor\u00e1rio e Lista de Disciplinas 2024.1 Hor\u00e1rio e Lista de Disciplinas 2023.2 Hor\u00e1rio e Lista de Disciplinas 2023.1 Hor\u00e1rio e Lista de Disciplinas 2022.2 Hor\u00e1rio e Lista de Disciplinas 2022.1 Hor\u00e1rio [&hellip;]<\/p>\n","protected":false},"author":6722,"featured_media":0,"parent":0,"menu_order":0,"comment_status":"closed","ping_status":"closed","template":"","meta":{"footnotes":""},"coauthors":[8],"class_list":["post-883","page","type-page","status-publish","hentry"],"_links":{"self":[{"href":"https:\/\/ppgenfermagemcptl.ufms.br\/en\/wp-json\/wp\/v2\/pages\/883","targetHints":{"allow":["GET"]}}],"collection":[{"href":"https:\/\/ppgenfermagemcptl.ufms.br\/en\/wp-json\/wp\/v2\/pages"}],"about":[{"href":"https:\/\/ppgenfermagemcptl.ufms.br\/en\/wp-json\/wp\/v2\/types\/page"}],"author":[{"embeddable":true,"href":"https:\/\/ppgenfermagemcptl.ufms.br\/en\/wp-json\/wp\/v2\/users\/6722"}],"replies":[{"embeddable":true,"href":"https:\/\/ppgenfermagemcptl.ufms.br\/en\/wp-json\/wp\/v2\/comments?post=883"}],"version-history":[{"count":31,"href":"https:\/\/ppgenfermagemcptl.ufms.br\/en\/wp-json\/wp\/v2\/pages\/883\/revisions"}],"predecessor-version":[{"id":2851,"href":"https:\/\/ppgenfermagemcptl.ufms.br\/en\/wp-json\/wp\/v2\/pages\/883\/revisions\/2851"}],"wp:attachment":[{"href":"https:\/\/ppgenfermagemcptl.ufms.br\/en\/wp-json\/wp\/v2\/media?parent=883"}],"wp:term":[{"taxonomy":"author","embeddable":true,"href":"https:\/\/ppgenfermagemcptl.ufms.br\/en\/wp-json\/wp\/v2\/coauthors?post=883"}],"curies":[{"name":"wp","href":"https:\/\/api.w.org\/{rel}","templated":true}]}}