{"id":80,"date":"2018-10-16T13:25:38","date_gmt":"2018-10-16T17:25:38","guid":{"rendered":"https:\/\/ppgenfermagemcptl.ufms.br\/?page_id=80"},"modified":"2019-02-28T11:57:59","modified_gmt":"2019-02-28T15:57:59","slug":"processo-seletivo","status":"publish","type":"page","link":"https:\/\/ppgenfermagemcptl.ufms.br\/en\/processo-seletivo\/","title":{"rendered":"Processo Seletivo 2019.1"},"content":{"rendered":"<p><a href=\"https:\/\/ppgenfermagemcptl.ufms.br\/files\/2018\/10\/Resultado-Final-do-Processo-Seletivo-2019.1.pdf\">Resultado FINAL do Processo Seletivo 2019.1<\/a><\/p>\n<p><a href=\"https:\/\/ppgenfermagemcptl.ufms.br\/files\/2018\/10\/Resultado-PRELIMINAR-do-Processo-Seletivo-2019.1-1.pdf\">Resultado PRELIMINAR do Processo Seletivo 2019.1<\/a><\/p>\n<p><a href=\"https:\/\/ppgenfermagemcptl.ufms.br\/files\/2018\/10\/Resultado-PRELIMINAR-da-An\u00e1lise-de-Curr\u00edculo.pdf\">Resultado PRELIMINAR da An\u00e1lise de Curr\u00edculo<\/a><\/p>\n<p><a href=\"https:\/\/ppgenfermagemcptl.ufms.br\/files\/2018\/10\/2019-02-21-Edital-N-12-Resultado-dos-FINAL-Argui\u00e7\u00e3o.pdf\">Resultado FINAL da Avalia\u00e7\u00e3o e Argui\u00e7\u00e3o do Anteprojeto de Pesquisa <\/a><\/p>\n<p><a href=\"https:\/\/ppgenfermagemcptl.ufms.br\/files\/2018\/10\/00012.pdf\">Resultado Preliminar da Argui\u00e7\u00e3o e Avalia\u00e7\u00e3o do Anteprojeto de Pesquisa<\/a><\/p>\n<p><a href=\"https:\/\/ppgenfermagemcptl.ufms.br\/files\/2018\/10\/08-Divulgar-Data-Hor-rio-Local-para-Agui-o-Anteprojeto-Processo-Seletivo-2019-1.pdf\">Data, Hor\u00e1rio e Local &#8211; Etapa de Argui\u00e7\u00e3o e Avalia\u00e7\u00e3o do Anteprojeto<\/a><\/p>\n<p><a href=\"https:\/\/ppgenfermagemcptl.ufms.br\/files\/2018\/10\/07-Resultado-Preliminar-da-Prova-Escrita-Processo-Seletivo-2019-1.pdf\">Resultado Preliminar da Prova Escrita Processo Seletivo 2019.1<\/a><\/p>\n<p><a href=\"https:\/\/ppgenfermagemcptl.ufms.br\/files\/2018\/10\/SEI_UFMS-1049687-Edital.pdf\">Resultado FINAL &#8211; Prova de Sufici\u00eancia L\u00edngua Inglesa<\/a><\/p>\n<p><a href=\"https:\/\/ppgenfermagemcptl.ufms.br\/files\/2018\/10\/Gabarito-Prova-Suficiencia-em-Lingua-Inglesa.pdf\">Gabarito &#8211; Prova Sufici\u00eancia em L\u00edngua Inglesa<\/a><\/p>\n<p><a href=\"https:\/\/ppgenfermagemcptl.ufms.br\/files\/2018\/10\/Resultado-de-Pedidos-de-Inscri\u00e7\u00e3o-do-Processo-Seletivo-2019.1.pdf\">Resultado de Pedidos de Inscri\u00e7\u00e3o do Processo Seletivo 2019.1<\/a><\/p>\n<p><a href=\"https:\/\/ppgenfermagemcptl.ufms.br\/reabertura-das-inscricoes-mestrado-em-enfermagem-processo-seletivo-2019-1\/\">Edital de reabertura das Inscri\u00e7\u00f5es &#8211; Processo Seletivo 2019.1<\/a><\/p>\n<p><a href=\"https:\/\/ppgenfermagemcptl.ufms.br\/files\/2018\/10\/Processo-Seletivo-2019.1-Edital.pdf\">Processo Seletivo 2019.1 &#8211; Edital<\/a><\/p>\n<p><a href=\"https:\/\/ppgenfermagemcptl.ufms.br\/processo-seletivo-2019-1-edital-em-html\/\">Processo Seletivo 2019.1 &#8211; Edital em html<\/a><\/p>\n<p><a href=\"https:\/\/ppgenfermagemcptl.ufms.br\/files\/2018\/10\/Distribui\u00e7\u00e3o-de-Vagas.pdf\">Distribui\u00e7\u00e3o de Vagas<\/a><\/p>\n<p><a href=\"https:\/\/ppgenfermagemcptl.ufms.br\/files\/2018\/10\/Anexo-1-Pedido-de-Isen\u00e7\u00e3o-de-Taxa-de-Inscri\u00e7\u00e3o.pdf\">Anexo 1 &#8211; Pedido de Isen\u00e7\u00e3o de Taxa de Inscri\u00e7\u00e3o<\/a><\/p>\n<p><a href=\"https:\/\/ppgenfermagemcptl.ufms.br\/files\/2018\/10\/Anexo-2-Requerimento-de-Recurso.pdf\">Anexo 2 &#8211; Requerimento de Recurso<\/a><\/p>\n<p><a href=\"https:\/\/ppgenfermagemcptl.ufms.br\/files\/2018\/10\/Anexo-3-Solicita\u00e7\u00e3o-de-Atendimento-Diferenciado-para-Pessoas-com-Defici\u00eancia.pdf\">Anexo 3 &#8211; Solicita\u00e7\u00e3o de Atendimento Diferenciado para Pessoas com Defici\u00eancia<\/a><\/p>\n<p><a href=\"https:\/\/ppgenfermagemcptl.ufms.br\/files\/2018\/10\/Anexo-4-Lista-para-An\u00e1lise-de-Curr\u00edculo.pdf\">Anexo 4 &#8211; Lista para An\u00e1lise de Curr\u00edculo<\/a><\/p>\n<p><a href=\"https:\/\/ppgenfermagemcptl.ufms.br\/files\/2018\/10\/Anexo-5-Modelo-de-Anteprojeto-de-Pesquisa.pdf\">Anexo 5 &#8211; Modelo de Anteprojeto de Pesquisa<\/a><\/p>\n<p><a href=\"https:\/\/ppgenfermagemcptl.ufms.br\/files\/2018\/10\/Anexo-6-Declara\u00e7\u00e3o-Atestando-Condi\u00e7\u00f5es-Objetivas-de-Dedica\u00e7\u00e3o-ao-Curso.pdf\">Anexo 6 &#8211; Declara\u00e7\u00e3o Atestando Condi\u00e7\u00f5es Objetivas de Dedica\u00e7\u00e3o ao Curso<\/a><\/p>\n<p><a href=\"https:\/\/ppgenfermagemcptl.ufms.br\/files\/2018\/10\/Anexo-7-Formul\u00e1rio-de-Identifica\u00e7\u00e3o-Especial.pdf\">Anexo 7 &#8211; Formul\u00e1rio de Identifica\u00e7\u00e3o Especial<\/a><\/p>\n<p><a href=\"https:\/\/ppgenfermagemcptl.ufms.br\/files\/2018\/10\/Anexo-8-Carta-de-Pr\u00e9-aceite-de-Orienta\u00e7\u00e3o-no-Curso-de-Mestrado-em-Enfermagem.pdf\">Anexo 8 &#8211; Carta de Pr\u00e9-aceite de Orienta\u00e7\u00e3o no Curso de Mestrado em Enfermagem<\/a><\/p>\n<p><a href=\"https:\/\/ppgenfermagemcptl.ufms.br\/files\/2018\/10\/Anexo-9-Procura\u00e7\u00e3o.pdf\">Anexo 9 &#8211; Procura\u00e7\u00e3o<\/a><\/p>\n","protected":false},"excerpt":{"rendered":"<p>Resultado FINAL do Processo Seletivo 2019.1 Resultado PRELIMINAR do Processo Seletivo 2019.1 Resultado PRELIMINAR da An\u00e1lise de Curr\u00edculo Resultado FINAL da Avalia\u00e7\u00e3o e Argui\u00e7\u00e3o do Anteprojeto de Pesquisa Resultado Preliminar da Argui\u00e7\u00e3o e Avalia\u00e7\u00e3o do Anteprojeto de Pesquisa Data, Hor\u00e1rio e Local &#8211; Etapa de Argui\u00e7\u00e3o e Avalia\u00e7\u00e3o do Anteprojeto Resultado Preliminar da Prova Escrita [&hellip;]<\/p>\n","protected":false},"author":6722,"featured_media":0,"parent":0,"menu_order":0,"comment_status":"closed","ping_status":"closed","template":"","meta":{"footnotes":""},"coauthors":[],"class_list":["post-80","page","type-page","status-publish","hentry"],"_links":{"self":[{"href":"https:\/\/ppgenfermagemcptl.ufms.br\/en\/wp-json\/wp\/v2\/pages\/80","targetHints":{"allow":["GET"]}}],"collection":[{"href":"https:\/\/ppgenfermagemcptl.ufms.br\/en\/wp-json\/wp\/v2\/pages"}],"about":[{"href":"https:\/\/ppgenfermagemcptl.ufms.br\/en\/wp-json\/wp\/v2\/types\/page"}],"author":[{"embeddable":true,"href":"https:\/\/ppgenfermagemcptl.ufms.br\/en\/wp-json\/wp\/v2\/users\/6722"}],"replies":[{"embeddable":true,"href":"https:\/\/ppgenfermagemcptl.ufms.br\/en\/wp-json\/wp\/v2\/comments?post=80"}],"version-history":[{"count":25,"href":"https:\/\/ppgenfermagemcptl.ufms.br\/en\/wp-json\/wp\/v2\/pages\/80\/revisions"}],"predecessor-version":[{"id":306,"href":"https:\/\/ppgenfermagemcptl.ufms.br\/en\/wp-json\/wp\/v2\/pages\/80\/revisions\/306"}],"wp:attachment":[{"href":"https:\/\/ppgenfermagemcptl.ufms.br\/en\/wp-json\/wp\/v2\/media?parent=80"}],"wp:term":[{"taxonomy":"author","embeddable":true,"href":"https:\/\/ppgenfermagemcptl.ufms.br\/en\/wp-json\/wp\/v2\/coauthors?post=80"}],"curies":[{"name":"wp","href":"https:\/\/api.w.org\/{rel}","templated":true}]}}