{"id":75,"date":"2018-10-16T13:10:06","date_gmt":"2018-10-16T17:10:06","guid":{"rendered":"https:\/\/ppgenfermagemcptl.ufms.br\/?page_id=75"},"modified":"2024-12-10T13:24:33","modified_gmt":"2024-12-10T17:24:33","slug":"linhas-de-pesquisa","status":"publish","type":"page","link":"https:\/\/ppgenfermagemcptl.ufms.br\/en\/linhas-de-pesquisa\/","title":{"rendered":"Linhas de Pesquisa"},"content":{"rendered":"<p style=\"text-align: justify\"><strong>Nome: <\/strong>Cuidado em Enfermagem e Sa\u00fade: An\u00e1lise da Pr\u00e1tica e Educa\u00e7\u00e3o<\/p>\n<p style=\"text-align: justify\"><strong>Descri\u00e7\u00e3o: <\/strong>Aborda aspectos te\u00f3ricos, metodol\u00f3gicos e tecnol\u00f3gicos direcionados a estudos relativos ao cuidado de enfermagem, sa\u00fade e o processo de trabalho em enfermagem e sa\u00fade, focando na avalia\u00e7\u00e3o das pr\u00e1ticas de enfermagem e sa\u00fade, bem como dos servi\u00e7os; planejamento desses servi\u00e7os e a interface entre a sa\u00fade e a educa\u00e7\u00e3o, tanto nas pr\u00e1ticas educativas voltadas para promo\u00e7\u00e3o da sa\u00fade, quanto nas vinculadas \u00e0s pol\u00edticas e ao processo de forma\u00e7\u00e3o profissional em enfermagem e sa\u00fade, englobando tamb\u00e9m a dimens\u00e3o educativa no ensino e no trabalho. Contempla a forma\u00e7\u00e3o dos alunos de gradua\u00e7\u00e3o para a atua\u00e7\u00e3o em ensino na Educa\u00e7\u00e3o B\u00e1sica, por meio de experi\u00eancias de imers\u00e3o e inser\u00e7\u00e3o dos estudantes da Educa\u00e7\u00e3o b\u00e1sica em atividades de extens\u00e3o, ensino e pesquisa universit\u00e1rias.<\/p>\n<hr \/>\n<p style=\"text-align: justify\"><strong>Nome: <\/strong>Sa\u00fade Coletiva: Saberes, Pol\u00edticas e Pr\u00e1ticas na Enfermagem e Sa\u00fade<\/p>\n<p style=\"text-align: justify\"><strong>Descri\u00e7\u00e3o: <\/strong>Articula as pol\u00edticas p\u00fablicas, trabalho em enfermagem e sa\u00fade e desenvolvimento socioecon\u00f4mico. Analisa reflexivamente o desenvolvimento das pol\u00edticas p\u00fablicas de sa\u00fade e seu impacto nas pr\u00e1ticas de enfermagem. Investiga o saber formal e informal constitu\u00eddo sobre a aten\u00e7\u00e3o \u00e0 sa\u00fade, os modelos assistenciais, as pol\u00edticas p\u00fablicas de sa\u00fade e as pr\u00e1ticas profissionais e do senso comum que fundamentam os campos da Sa\u00fade Coletiva e da Enfermagem em Sa\u00fade P\u00fablica. Incorpora abordagens das tecnologias de trabalho voltadas a grupamentos humanos, especialmente aquelas dirigidas \u00e0s doen\u00e7as emergentes, reemergentes e negligenciadas, na sua articula\u00e7\u00e3o com as pol\u00edticas p\u00fablicas.<\/p>\n","protected":false},"excerpt":{"rendered":"<p>Nome: Cuidado em Enfermagem e Sa\u00fade: An\u00e1lise da Pr\u00e1tica e Educa\u00e7\u00e3o Descri\u00e7\u00e3o: Aborda aspectos te\u00f3ricos, metodol\u00f3gicos e tecnol\u00f3gicos direcionados a estudos relativos ao cuidado de enfermagem, sa\u00fade e o processo de trabalho em enfermagem e sa\u00fade, focando na avalia\u00e7\u00e3o das pr\u00e1ticas de enfermagem e sa\u00fade, bem como dos servi\u00e7os; planejamento desses servi\u00e7os e a interface [&hellip;]<\/p>\n","protected":false},"author":6722,"featured_media":0,"parent":0,"menu_order":0,"comment_status":"closed","ping_status":"closed","template":"","meta":{"footnotes":""},"coauthors":[],"class_list":["post-75","page","type-page","status-publish","hentry"],"_links":{"self":[{"href":"https:\/\/ppgenfermagemcptl.ufms.br\/en\/wp-json\/wp\/v2\/pages\/75","targetHints":{"allow":["GET"]}}],"collection":[{"href":"https:\/\/ppgenfermagemcptl.ufms.br\/en\/wp-json\/wp\/v2\/pages"}],"about":[{"href":"https:\/\/ppgenfermagemcptl.ufms.br\/en\/wp-json\/wp\/v2\/types\/page"}],"author":[{"embeddable":true,"href":"https:\/\/ppgenfermagemcptl.ufms.br\/en\/wp-json\/wp\/v2\/users\/6722"}],"replies":[{"embeddable":true,"href":"https:\/\/ppgenfermagemcptl.ufms.br\/en\/wp-json\/wp\/v2\/comments?post=75"}],"version-history":[{"count":4,"href":"https:\/\/ppgenfermagemcptl.ufms.br\/en\/wp-json\/wp\/v2\/pages\/75\/revisions"}],"predecessor-version":[{"id":2141,"href":"https:\/\/ppgenfermagemcptl.ufms.br\/en\/wp-json\/wp\/v2\/pages\/75\/revisions\/2141"}],"wp:attachment":[{"href":"https:\/\/ppgenfermagemcptl.ufms.br\/en\/wp-json\/wp\/v2\/media?parent=75"}],"wp:term":[{"taxonomy":"author","embeddable":true,"href":"https:\/\/ppgenfermagemcptl.ufms.br\/en\/wp-json\/wp\/v2\/coauthors?post=75"}],"curies":[{"name":"wp","href":"https:\/\/api.w.org\/{rel}","templated":true}]}}