{"id":73,"date":"2018-10-16T13:09:27","date_gmt":"2018-10-16T17:09:27","guid":{"rendered":"https:\/\/ppgenfermagemcptl.ufms.br\/?page_id=73"},"modified":"2024-12-10T13:31:28","modified_gmt":"2024-12-10T17:31:28","slug":"area-de-concentracao","status":"publish","type":"page","link":"https:\/\/ppgenfermagemcptl.ufms.br\/en\/area-de-concentracao\/","title":{"rendered":"\u00c1rea de Concentra\u00e7\u00e3o"},"content":{"rendered":"<p style=\"text-align: justify\"><strong>Nome: <\/strong>Cuidar em enfermagem, sa\u00fade e sociedade<\/p>\n<p style=\"text-align: justify\"><strong>Descri\u00e7\u00e3o: <\/strong>Abrange a produ\u00e7\u00e3o de conhecimento sobre pr\u00e1ticas de cuidado desenvolvidas por sujeitos, grupos sociais e profissionais; o processo de trabalho em enfermagem e sa\u00fade e a sa\u00fade do trabalhador; o processo de forma\u00e7\u00e3o em enfermagem e sa\u00fade; e a constitui\u00e7\u00e3o do saber formal e informal sobre a aten\u00e7\u00e3o \u00e0 sa\u00fade, os modelos assistenciais, as pol\u00edticas p\u00fablicas de sa\u00fade no campo da sa\u00fade coletiva e a promo\u00e7\u00e3o da sa\u00fade na educa\u00e7\u00e3o b\u00e1sica. Foca-se na an\u00e1lise da produ\u00e7\u00e3o de saberes pelos agentes sociais atuantes na aten\u00e7\u00e3o \u00e0 sa\u00fade e no processo sa\u00fade-doen\u00e7a; nos conhecimentos constitu\u00eddos; na an\u00e1lise das atitudes, estrat\u00e9gias e comportamentos de cuidado. Prioriza o conhecimento cientificamente orientado das pol\u00edticas e pr\u00e1ticas em enfermagem e sa\u00fade, a partir dos seus determinantes psicossociais e macroestruturais.<\/p>\n","protected":false},"excerpt":{"rendered":"<p>Nome: Cuidar em enfermagem, sa\u00fade e sociedade Descri\u00e7\u00e3o: Abrange a produ\u00e7\u00e3o de conhecimento sobre pr\u00e1ticas de cuidado desenvolvidas por sujeitos, grupos sociais e profissionais; o processo de trabalho em enfermagem e sa\u00fade e a sa\u00fade do trabalhador; o processo de forma\u00e7\u00e3o em enfermagem e sa\u00fade; e a constitui\u00e7\u00e3o do saber formal e informal sobre a [&hellip;]<\/p>\n","protected":false},"author":6722,"featured_media":0,"parent":0,"menu_order":0,"comment_status":"closed","ping_status":"closed","template":"","meta":{"footnotes":""},"coauthors":[],"class_list":["post-73","page","type-page","status-publish","hentry"],"_links":{"self":[{"href":"https:\/\/ppgenfermagemcptl.ufms.br\/en\/wp-json\/wp\/v2\/pages\/73","targetHints":{"allow":["GET"]}}],"collection":[{"href":"https:\/\/ppgenfermagemcptl.ufms.br\/en\/wp-json\/wp\/v2\/pages"}],"about":[{"href":"https:\/\/ppgenfermagemcptl.ufms.br\/en\/wp-json\/wp\/v2\/types\/page"}],"author":[{"embeddable":true,"href":"https:\/\/ppgenfermagemcptl.ufms.br\/en\/wp-json\/wp\/v2\/users\/6722"}],"replies":[{"embeddable":true,"href":"https:\/\/ppgenfermagemcptl.ufms.br\/en\/wp-json\/wp\/v2\/comments?post=73"}],"version-history":[{"count":2,"href":"https:\/\/ppgenfermagemcptl.ufms.br\/en\/wp-json\/wp\/v2\/pages\/73\/revisions"}],"predecessor-version":[{"id":2143,"href":"https:\/\/ppgenfermagemcptl.ufms.br\/en\/wp-json\/wp\/v2\/pages\/73\/revisions\/2143"}],"wp:attachment":[{"href":"https:\/\/ppgenfermagemcptl.ufms.br\/en\/wp-json\/wp\/v2\/media?parent=73"}],"wp:term":[{"taxonomy":"author","embeddable":true,"href":"https:\/\/ppgenfermagemcptl.ufms.br\/en\/wp-json\/wp\/v2\/coauthors?post=73"}],"curies":[{"name":"wp","href":"https:\/\/api.w.org\/{rel}","templated":true}]}}