{"id":647,"date":"2019-12-06T16:07:44","date_gmt":"2019-12-06T20:07:44","guid":{"rendered":"https:\/\/ppgenfermagemcptl.ufms.br\/?page_id=647"},"modified":"2020-08-04T18:17:01","modified_gmt":"2020-08-04T22:17:01","slug":"processo-seletivo-2020-1","status":"publish","type":"page","link":"https:\/\/ppgenfermagemcptl.ufms.br\/en\/processo-seletivo-2020-1\/","title":{"rendered":"Processo Seletivo 2020.1"},"content":{"rendered":"<p><a href=\"https:\/\/ppgenfermagemcptl.ufms.br\/files\/2020\/08\/RF.pdf\">Resultado Final<\/a><\/p>\n<p><a href=\"https:\/\/ppgenfermagemcptl.ufms.br\/files\/2020\/08\/curriculo.pdf\">Resultado da An\u00e1lise de Curr\u00edculo<\/a><\/p>\n<p><a href=\"https:\/\/ppgenfermagemcptl.ufms.br\/files\/2020\/08\/Arqgui\u00e7ao.pdf\">Resultado da Prova de Argui\u00e7\u00e3o e An\u00e1lise do Projeto de Pesquisa<\/a><\/p>\n<p><a href=\"https:\/\/ppgenfermagemcptl.ufms.br\/files\/2020\/08\/Proa-Escrita.pdf\">Resultado da Prova Escrita<\/a><\/p>\n<p><a href=\"https:\/\/ppgenfermagemcptl.ufms.br\/files\/2020\/08\/Suficiencis-LInglesa.pdf\">Resultado da Prova de Sufici\u00eancia em L\u00edngua Inglesa<\/a><\/p>\n<p><a href=\"https:\/\/ppgenfermagemcptl.ufms.br\/files\/2020\/08\/RESULTADO-DE-PEDIDOS-DE-INSCRI\u00c7\u00c3O-DO-PROCESSO-SELETIVO.pdf\">Resultado de Pedidos de Inscri\u00e7\u00e3o do Processo Seletivo<\/a><\/p>\n<p><a href=\"https:\/\/ppgenfermagemcptl.ufms.br\/files\/2019\/12\/27-Enfermagem-CPTL-2020.1.pdf\">Processo Seletivo 2020.1 &#8211; Edital<\/a><\/p>\n<p><a href=\"https:\/\/ppgenfermagemcptl.ufms.br\/files\/2019\/12\/Anexo-1-2020.1.pdf\">Anexo 1 \u2013 Pedido de Isen\u00e7\u00e3o de Taxa de Inscri\u00e7\u00e3o<\/a><\/p>\n<p><a href=\"https:\/\/ppgenfermagemcptl.ufms.br\/files\/2019\/12\/Anexo-2-2020.1.pdf\">Anexo 2 \u2013 Requerimento de Recurso<\/a><\/p>\n<p><a href=\"https:\/\/ppgenfermagemcptl.ufms.br\/files\/2019\/12\/Anexo-3-2020.1.pdf\">Anexo 3 \u2013 Solicita\u00e7\u00e3o de Atendimento Diferenciado para Pessoas com Defici\u00eancia<\/a><\/p>\n<p><a href=\"https:\/\/ppgenfermagemcptl.ufms.br\/files\/2019\/12\/Anexo-4-2020.1.pdf\">Anexo 4 \u2013 Lista para An\u00e1lise de Curr\u00edculo<\/a><\/p>\n<p><a href=\"https:\/\/ppgenfermagemcptl.ufms.br\/files\/2019\/12\/Anexo-5-2020.1.pdf\">Anexo 5 \u2013 Modelo de Anteprojeto de Pesquisa<\/a><\/p>\n<p><a href=\"https:\/\/ppgenfermagemcptl.ufms.br\/files\/2019\/12\/Anexo-6-2020.1.pdf\">Anexo 6 \u2013 Declara\u00e7\u00e3o Atestando Condi\u00e7\u00f5es Objetivas de Dedica\u00e7\u00e3o ao Curso<\/a><\/p>\n<p><a href=\"https:\/\/ppgenfermagemcptl.ufms.br\/files\/2019\/12\/Anexo-7-2020.1.pdf\">Anexo 7 \u2013 Formul\u00e1rio de Identifica\u00e7\u00e3o Especial<\/a><\/p>\n<p><a href=\"https:\/\/ppgenfermagemcptl.ufms.br\/files\/2019\/12\/Anexo-8-2020.1.pdf\">Anexo 8 \u2013 Carta de Pr\u00e9-aceite de Orienta\u00e7\u00e3o no Curso de Mestrado em Enfermagem<\/a><\/p>\n<p><a href=\"https:\/\/ppgenfermagemcptl.ufms.br\/files\/2019\/12\/Anexo-9-2020.1.pdf\">Anexo 9 \u2013 Procura\u00e7\u00e3o<\/a><\/p>\n<p><a href=\"https:\/\/youtu.be\/wRWcEzu0yhM\">Edital em Libras<\/a><\/p>\n","protected":false},"excerpt":{"rendered":"<p>Resultado Final Resultado da An\u00e1lise de Curr\u00edculo Resultado da Prova de Argui\u00e7\u00e3o e An\u00e1lise do Projeto de Pesquisa Resultado da Prova Escrita Resultado da Prova de Sufici\u00eancia em L\u00edngua Inglesa Resultado de Pedidos de Inscri\u00e7\u00e3o do Processo Seletivo Processo Seletivo 2020.1 &#8211; Edital Anexo 1 \u2013 Pedido de Isen\u00e7\u00e3o de Taxa de Inscri\u00e7\u00e3o Anexo 2 [&hellip;]<\/p>\n","protected":false},"author":6722,"featured_media":0,"parent":0,"menu_order":0,"comment_status":"closed","ping_status":"closed","template":"","meta":{"footnotes":""},"coauthors":[],"class_list":["post-647","page","type-page","status-publish","hentry"],"_links":{"self":[{"href":"https:\/\/ppgenfermagemcptl.ufms.br\/en\/wp-json\/wp\/v2\/pages\/647","targetHints":{"allow":["GET"]}}],"collection":[{"href":"https:\/\/ppgenfermagemcptl.ufms.br\/en\/wp-json\/wp\/v2\/pages"}],"about":[{"href":"https:\/\/ppgenfermagemcptl.ufms.br\/en\/wp-json\/wp\/v2\/types\/page"}],"author":[{"embeddable":true,"href":"https:\/\/ppgenfermagemcptl.ufms.br\/en\/wp-json\/wp\/v2\/users\/6722"}],"replies":[{"embeddable":true,"href":"https:\/\/ppgenfermagemcptl.ufms.br\/en\/wp-json\/wp\/v2\/comments?post=647"}],"version-history":[{"count":6,"href":"https:\/\/ppgenfermagemcptl.ufms.br\/en\/wp-json\/wp\/v2\/pages\/647\/revisions"}],"predecessor-version":[{"id":652,"href":"https:\/\/ppgenfermagemcptl.ufms.br\/en\/wp-json\/wp\/v2\/pages\/647\/revisions\/652"}],"wp:attachment":[{"href":"https:\/\/ppgenfermagemcptl.ufms.br\/en\/wp-json\/wp\/v2\/media?parent=647"}],"wp:term":[{"taxonomy":"author","embeddable":true,"href":"https:\/\/ppgenfermagemcptl.ufms.br\/en\/wp-json\/wp\/v2\/coauthors?post=647"}],"curies":[{"name":"wp","href":"https:\/\/api.w.org\/{rel}","templated":true}]}}