{"id":529,"date":"2019-06-26T17:46:31","date_gmt":"2019-06-26T21:46:31","guid":{"rendered":"https:\/\/ppgenfermagemcptl.ufms.br\/?page_id=529"},"modified":"2019-07-19T13:48:40","modified_gmt":"2019-07-19T17:48:40","slug":"processo-seletivo-de-alunos-especiais-2019-2","status":"publish","type":"page","link":"https:\/\/ppgenfermagemcptl.ufms.br\/en\/processo-seletivo-de-alunos-especiais-2019-2\/","title":{"rendered":"Processo Seletivo de Alunos Especiais 2019.2"},"content":{"rendered":"<p><a href=\"https:\/\/ppgenfermagemcptl.ufms.br\/files\/2019\/06\/SEI_UFMS-1310896-Edital.pdf\">Edital do Processo Seletivo para Alunos Especiais 2019.2<\/a><\/p>\n<p><a href=\"https:\/\/ppgenfermagemcptl.ufms.br\/files\/2019\/06\/SEI_UFMS-1347550-Edital.pdf\">Resultado do Pedido de Isen\u00e7\u00e3o de Taxa de Inscri\u00e7\u00e3o para o Processo Seletivo de Aluno Especial 2019.2<\/a><\/p>\n<p><a href=\"https:\/\/ppgenfermagemcptl.ufms.br\/files\/2019\/06\/SEI_UFMS-1368554-Edital.pdf\">Resultado do Pedido de Matr\u00edcula para Aluno Especial no Processo Seletivo 2019.2<\/a><\/p>\n<p>&nbsp;<\/p>\n","protected":false},"excerpt":{"rendered":"<p>Edital do Processo Seletivo para Alunos Especiais 2019.2 Resultado do Pedido de Isen\u00e7\u00e3o de Taxa de Inscri\u00e7\u00e3o para o Processo Seletivo de Aluno Especial 2019.2 Resultado do Pedido de Matr\u00edcula para Aluno Especial no Processo Seletivo 2019.2 &nbsp;<\/p>\n","protected":false},"author":6722,"featured_media":0,"parent":0,"menu_order":0,"comment_status":"closed","ping_status":"closed","template":"","meta":{"footnotes":""},"coauthors":[],"class_list":["post-529","page","type-page","status-publish","hentry"],"_links":{"self":[{"href":"https:\/\/ppgenfermagemcptl.ufms.br\/en\/wp-json\/wp\/v2\/pages\/529","targetHints":{"allow":["GET"]}}],"collection":[{"href":"https:\/\/ppgenfermagemcptl.ufms.br\/en\/wp-json\/wp\/v2\/pages"}],"about":[{"href":"https:\/\/ppgenfermagemcptl.ufms.br\/en\/wp-json\/wp\/v2\/types\/page"}],"author":[{"embeddable":true,"href":"https:\/\/ppgenfermagemcptl.ufms.br\/en\/wp-json\/wp\/v2\/users\/6722"}],"replies":[{"embeddable":true,"href":"https:\/\/ppgenfermagemcptl.ufms.br\/en\/wp-json\/wp\/v2\/comments?post=529"}],"version-history":[{"count":4,"href":"https:\/\/ppgenfermagemcptl.ufms.br\/en\/wp-json\/wp\/v2\/pages\/529\/revisions"}],"predecessor-version":[{"id":582,"href":"https:\/\/ppgenfermagemcptl.ufms.br\/en\/wp-json\/wp\/v2\/pages\/529\/revisions\/582"}],"wp:attachment":[{"href":"https:\/\/ppgenfermagemcptl.ufms.br\/en\/wp-json\/wp\/v2\/media?parent=529"}],"wp:term":[{"taxonomy":"author","embeddable":true,"href":"https:\/\/ppgenfermagemcptl.ufms.br\/en\/wp-json\/wp\/v2\/coauthors?post=529"}],"curies":[{"name":"wp","href":"https:\/\/api.w.org\/{rel}","templated":true}]}}