{"id":512,"date":"2019-05-31T07:08:43","date_gmt":"2019-05-31T11:08:43","guid":{"rendered":"https:\/\/ppgenfermagemcptl.ufms.br\/?page_id=512"},"modified":"2020-03-14T15:17:53","modified_gmt":"2020-03-14T19:17:53","slug":"regulamentos-e-arquivos","status":"publish","type":"page","link":"https:\/\/ppgenfermagemcptl.ufms.br\/en\/regulamentos-e-arquivos\/","title":{"rendered":"Regulamentos e arquivos"},"content":{"rendered":"<p><a href=\"https:\/\/ppgenfermagemcptl.ufms.br\/files\/2020\/03\/Termo-Compromisso-DS-Anexo-I.doc\">Termo de Compromisso &#8211; Anexo I<\/a><\/p>\n<p><a href=\"https:\/\/ppgenfermagemcptl.ufms.br\/files\/2020\/03\/Formulario-de-Cadastro-de-Bolsista-CAPES-Anexo-II-1.xls\">Formul\u00e1rio de Cadastro de Bolsista &#8211; Anexo II<\/a><\/p>\n<p><a href=\"https:\/\/ppgenfermagemcptl.ufms.br\/files\/2020\/03\/Requerimento-de-recurso.doc\">Requerimento de Recurso &#8211; Anexo III<\/a><\/p>\n<p><a href=\"https:\/\/ppgenfermagemcptl.ufms.br\/files\/2020\/03\/DECLARA\u00c7\u00c3O-DE-INTEN\u00c7\u00c3O-DE-DESLIGAMENTO.doc\">Declara\u00e7\u00e3o de Inten\u00e7\u00e3o de Desligamento &#8211; Anexo IV<\/a><\/p>\n<p><a href=\"https:\/\/ppgenfermagemcptl.ufms.br\/files\/2020\/03\/Portaria-76.doc\">Portaria n\u00ba 76\/2010 \u2013 Regulamento do Programa de Demanda Social da CAPES<\/a><\/p>\n","protected":false},"excerpt":{"rendered":"<p>Termo de Compromisso &#8211; Anexo I Formul\u00e1rio de Cadastro de Bolsista &#8211; Anexo II Requerimento de Recurso &#8211; Anexo III Declara\u00e7\u00e3o de Inten\u00e7\u00e3o de Desligamento &#8211; Anexo IV Portaria n\u00ba 76\/2010 \u2013 Regulamento do Programa de Demanda Social da CAPES<\/p>\n","protected":false},"author":7327,"featured_media":0,"parent":0,"menu_order":0,"comment_status":"closed","ping_status":"closed","template":"","meta":{"footnotes":""},"coauthors":[],"class_list":["post-512","page","type-page","status-publish","hentry"],"_links":{"self":[{"href":"https:\/\/ppgenfermagemcptl.ufms.br\/en\/wp-json\/wp\/v2\/pages\/512","targetHints":{"allow":["GET"]}}],"collection":[{"href":"https:\/\/ppgenfermagemcptl.ufms.br\/en\/wp-json\/wp\/v2\/pages"}],"about":[{"href":"https:\/\/ppgenfermagemcptl.ufms.br\/en\/wp-json\/wp\/v2\/types\/page"}],"author":[{"embeddable":true,"href":"https:\/\/ppgenfermagemcptl.ufms.br\/en\/wp-json\/wp\/v2\/users\/7327"}],"replies":[{"embeddable":true,"href":"https:\/\/ppgenfermagemcptl.ufms.br\/en\/wp-json\/wp\/v2\/comments?post=512"}],"version-history":[{"count":3,"href":"https:\/\/ppgenfermagemcptl.ufms.br\/en\/wp-json\/wp\/v2\/pages\/512\/revisions"}],"predecessor-version":[{"id":800,"href":"https:\/\/ppgenfermagemcptl.ufms.br\/en\/wp-json\/wp\/v2\/pages\/512\/revisions\/800"}],"wp:attachment":[{"href":"https:\/\/ppgenfermagemcptl.ufms.br\/en\/wp-json\/wp\/v2\/media?parent=512"}],"wp:term":[{"taxonomy":"author","embeddable":true,"href":"https:\/\/ppgenfermagemcptl.ufms.br\/en\/wp-json\/wp\/v2\/coauthors?post=512"}],"curies":[{"name":"wp","href":"https:\/\/api.w.org\/{rel}","templated":true}]}}