{"id":483,"date":"2019-04-16T09:04:23","date_gmt":"2019-04-16T13:04:23","guid":{"rendered":"https:\/\/ppgenfermagemcptl.ufms.br\/?page_id=483"},"modified":"2023-10-10T11:38:03","modified_gmt":"2023-10-10T15:38:03","slug":"regulamentos","status":"publish","type":"page","link":"https:\/\/ppgenfermagemcptl.ufms.br\/en\/regulamentos\/","title":{"rendered":"Regulamentos"},"content":{"rendered":"<p><a href=\"https:\/\/ppgenfermagemcptl.ufms.br\/files\/2023\/10\/Novo-Regulamento-RESOLUCAO__COPP__n_734__de_03_10_2023.pdf\">Regulamento \u2013 PPG Enfermagem CPTL<\/a><\/p>\n<p><a href=\"https:\/\/ppgenfermagemcptl.ufms.br\/files\/2022\/10\/Resoluc\u0327a\u0303o-COPP.pdf\">Regulamento Geral das P\u00f3s-Gradua\u00e7\u00f5es UFMS<\/a><\/p>\n<p><a href=\"https:\/\/ppgenfermagemcptl.ufms.br\/files\/2023\/07\/Regimento-Geral-da-Fundacao-Universidade-Federal.pdf\">Regimento Geral da Universidade Federal de Mato Grosso do Sul<\/a><\/p>\n<p><a href=\"https:\/\/ppgenfermagemcptl.ufms.br\/files\/2023\/07\/Regulamento-Disciplinar-do-Estudante.pdf\">Regulamento Disciplinar do Estudante<\/a><\/p>\n","protected":false},"excerpt":{"rendered":"<p>Regulamento \u2013 PPG Enfermagem CPTL Regulamento Geral das P\u00f3s-Gradua\u00e7\u00f5es UFMS Regimento Geral da Universidade Federal de Mato Grosso do Sul Regulamento Disciplinar do Estudante<\/p>\n","protected":false},"author":7327,"featured_media":0,"parent":0,"menu_order":0,"comment_status":"closed","ping_status":"closed","template":"","meta":{"footnotes":""},"coauthors":[],"class_list":["post-483","page","type-page","status-publish","hentry"],"_links":{"self":[{"href":"https:\/\/ppgenfermagemcptl.ufms.br\/en\/wp-json\/wp\/v2\/pages\/483","targetHints":{"allow":["GET"]}}],"collection":[{"href":"https:\/\/ppgenfermagemcptl.ufms.br\/en\/wp-json\/wp\/v2\/pages"}],"about":[{"href":"https:\/\/ppgenfermagemcptl.ufms.br\/en\/wp-json\/wp\/v2\/types\/page"}],"author":[{"embeddable":true,"href":"https:\/\/ppgenfermagemcptl.ufms.br\/en\/wp-json\/wp\/v2\/users\/7327"}],"replies":[{"embeddable":true,"href":"https:\/\/ppgenfermagemcptl.ufms.br\/en\/wp-json\/wp\/v2\/comments?post=483"}],"version-history":[{"count":11,"href":"https:\/\/ppgenfermagemcptl.ufms.br\/en\/wp-json\/wp\/v2\/pages\/483\/revisions"}],"predecessor-version":[{"id":1533,"href":"https:\/\/ppgenfermagemcptl.ufms.br\/en\/wp-json\/wp\/v2\/pages\/483\/revisions\/1533"}],"wp:attachment":[{"href":"https:\/\/ppgenfermagemcptl.ufms.br\/en\/wp-json\/wp\/v2\/media?parent=483"}],"wp:term":[{"taxonomy":"author","embeddable":true,"href":"https:\/\/ppgenfermagemcptl.ufms.br\/en\/wp-json\/wp\/v2\/coauthors?post=483"}],"curies":[{"name":"wp","href":"https:\/\/api.w.org\/{rel}","templated":true}]}}