{"id":309,"date":"2019-02-28T12:02:00","date_gmt":"2019-02-28T16:02:00","guid":{"rendered":"https:\/\/ppgenfermagemcptl.ufms.br\/?page_id=309"},"modified":"2019-03-26T13:02:30","modified_gmt":"2019-03-26T17:02:30","slug":"processo-seletivo-2019-2","status":"publish","type":"page","link":"https:\/\/ppgenfermagemcptl.ufms.br\/en\/processo-seletivo-2019-2\/","title":{"rendered":"Processo Seletivo 2019.1 &#8211; Vagas Remanescentes"},"content":{"rendered":"<p><a href=\"https:\/\/ppgenfermagemcptl.ufms.br\/files\/2019\/02\/SEI_UFMS-1135574-Edital.pdf\">Resultado do Processo Seletivo Complementar 2019.1<\/a><\/p>\n<p><a href=\"https:\/\/ppgenfermagemcptl.ufms.br\/files\/2019\/02\/edital-12-an\u00e1lise-de-curr\u00edculo.pdf\">Resultado da An\u00e1lise de Curr\u00edculo do Processo Seletivo 2019.1<\/a><\/p>\n<p><a href=\"https:\/\/ppgenfermagemcptl.ufms.br\/files\/2019\/02\/Edital-11-resultado-da-an\u00e1lise-de-projeto-e-argui\u00e7\u00e3o.pdf\">Resultado da Argui\u00e7\u00e3o e Avalia\u00e7\u00e3o do Anteprojeto de Pesquisa do Processo Seletivo 2019.1<\/a><\/p>\n<p><a href=\"https:\/\/ppgenfermagemcptl.ufms.br\/files\/2019\/02\/resultado-recurso.pdf\">Resultado dos pedidos de recurso da prova escrita<\/a><\/p>\n<p><a href=\"https:\/\/ppgenfermagemcptl.ufms.br\/files\/2019\/02\/SEI_UFMS-1125543-Edital.pdf\">Resultado Preliminar da Prova Escrita do processo Seletivo 2019.1<\/a><\/p>\n<p><a href=\"https:\/\/ppgenfermagemcptl.ufms.br\/files\/2019\/02\/SEI_UFMS-1125491-Edital.pdf\">Resultado da\u00a0Prova de Ingl\u00eas\u00a0do Processo Seletivo 2019.1<\/a><\/p>\n<p><a href=\"https:\/\/ppgenfermagemcptl.ufms.br\/files\/2019\/02\/recurso-Edital.pdf\">Resultado dos Pedidos de Recurso da Inscri\u00e7\u00e3o no Processo Seletivo 2019.1<\/a><\/p>\n<p><a href=\"https:\/\/ppgenfermagemcptl.ufms.br\/files\/2019\/02\/SEI_UFMS-1114816-Edital.pdf\">Resultado dos Pedidos de Inscri\u00e7\u00e3o no Processo Seletivo 2019.1<\/a><\/p>\n<p><a href=\"https:\/\/ppgenfermagemcptl.ufms.br\/files\/2019\/02\/SEI_UFMS-1095551-Edital.pdf\">Resultado de Pedido de Isen\u00e7\u00e3o de Taxa de Inscri\u00e7\u00e3o<\/a><\/p>\n<p><a href=\"https:\/\/ppgenfermagemcptl.ufms.br\/atencao-aos-candidatos-que-foram-aprovados-na-prova-de-ingles-no-processo-seletivo-2019-1\/\">Orienta\u00e7\u00e3o para os candidatos que foram aprovados na Prova de Ingl\u00eas do Processo Seletivo 2019.1<\/a><\/p>\n<p><a href=\"https:\/\/ppgenfermagemcptl.ufms.br\/files\/2019\/02\/Edital-Remanescente.pdf\">Edital Processo Seletivo &#8211; Vagas Remanescentes<\/a><\/p>\n<p><a href=\"https:\/\/ppgenfermagemcptl.ufms.br\/files\/2019\/02\/EDITAL__Mestrado_em_Enfermagem_CPTL___retificacao__n_5__de_11_03_2019.-1.pdf\">Edital Processo Seletivo &#8211; Vagas Remanescentes (Retifica\u00e7\u00e3o)<\/a><\/p>\n<p><a href=\"https:\/\/ppgenfermagemcptl.ufms.br\/processo-seletivo-edital-em-html\/\">Edital Processo Seletivo 2019.1 \u2013 Vagas Remanescentes em html<\/a><\/p>\n<p><a href=\"https:\/\/ppgenfermagemcptl.ufms.br\/files\/2018\/10\/Anexo-1-Pedido-de-Isen\u00e7\u00e3o-de-Taxa-de-Inscri\u00e7\u00e3o.pdf\">Anexo 1 &#8211; Pedido de Isen\u00e7\u00e3o de Taxa de Inscri\u00e7\u00e3o<\/a><\/p>\n<p><a href=\"https:\/\/ppgenfermagemcptl.ufms.br\/files\/2018\/10\/Anexo-2-Requerimento-de-Recurso.pdf\">Anexo 2 &#8211; Requerimento de Recurso<\/a><\/p>\n<p><a href=\"https:\/\/ppgenfermagemcptl.ufms.br\/files\/2018\/10\/Anexo-3-Solicita\u00e7\u00e3o-de-Atendimento-Diferenciado-para-Pessoas-com-Defici\u00eancia.pdf\">Anexo 3 &#8211; Solicita\u00e7\u00e3o de Atendimento Diferenciado para Pessoas com Defici\u00eancia<\/a><\/p>\n<p><a href=\"https:\/\/ppgenfermagemcptl.ufms.br\/files\/2019\/02\/Anexo-4.pdf\">Anexo 4 &#8211; Lista para An\u00e1lise de Curr\u00edculo<\/a><\/p>\n<p><a href=\"https:\/\/ppgenfermagemcptl.ufms.br\/files\/2018\/10\/Anexo-5-Modelo-de-Anteprojeto-de-Pesquisa.pdf\">Anexo 5 &#8211; Modelo de Anteprojeto de Pesquisa<\/a><\/p>\n<p><a href=\"https:\/\/ppgenfermagemcptl.ufms.br\/files\/2018\/10\/Anexo-6-Declara\u00e7\u00e3o-Atestando-Condi\u00e7\u00f5es-Objetivas-de-Dedica\u00e7\u00e3o-ao-Curso.pdf\">Anexo 6 &#8211; Declara\u00e7\u00e3o Atestando Condi\u00e7\u00f5es Objetivas de Dedica\u00e7\u00e3o ao Curso<\/a><\/p>\n<p><a href=\"https:\/\/ppgenfermagemcptl.ufms.br\/files\/2018\/10\/Anexo-7-Formul\u00e1rio-de-Identifica\u00e7\u00e3o-Especial.pdf\">Anexo 7 &#8211; Formul\u00e1rio de Identifica\u00e7\u00e3o Especial<\/a><\/p>\n<p><a href=\"https:\/\/ppgenfermagemcptl.ufms.br\/files\/2018\/10\/Anexo-8-Carta-de-Pr\u00e9-aceite-de-Orienta\u00e7\u00e3o-no-Curso-de-Mestrado-em-Enfermagem.pdf\">Anexo 8 &#8211; Carta de Pr\u00e9-aceite de Orienta\u00e7\u00e3o no Curso de Mestrado em Enfermagem<\/a><\/p>\n<p><a href=\"https:\/\/ppgenfermagemcptl.ufms.br\/files\/2018\/10\/Anexo-9-Procura\u00e7\u00e3o.pdf\">Anexo 9 &#8211; Procura\u00e7\u00e3o<\/a><\/p>\n","protected":false},"excerpt":{"rendered":"<p>Resultado do Processo Seletivo Complementar 2019.1 Resultado da An\u00e1lise de Curr\u00edculo do Processo Seletivo 2019.1 Resultado da Argui\u00e7\u00e3o e Avalia\u00e7\u00e3o do Anteprojeto de Pesquisa do Processo Seletivo 2019.1 Resultado dos pedidos de recurso da prova escrita Resultado Preliminar da Prova Escrita do processo Seletivo 2019.1 Resultado da\u00a0Prova de Ingl\u00eas\u00a0do Processo Seletivo 2019.1 Resultado dos Pedidos [&hellip;]<\/p>\n","protected":false},"author":6722,"featured_media":0,"parent":0,"menu_order":0,"comment_status":"closed","ping_status":"closed","template":"","meta":{"footnotes":""},"coauthors":[],"class_list":["post-309","page","type-page","status-publish","hentry"],"_links":{"self":[{"href":"https:\/\/ppgenfermagemcptl.ufms.br\/en\/wp-json\/wp\/v2\/pages\/309","targetHints":{"allow":["GET"]}}],"collection":[{"href":"https:\/\/ppgenfermagemcptl.ufms.br\/en\/wp-json\/wp\/v2\/pages"}],"about":[{"href":"https:\/\/ppgenfermagemcptl.ufms.br\/en\/wp-json\/wp\/v2\/types\/page"}],"author":[{"embeddable":true,"href":"https:\/\/ppgenfermagemcptl.ufms.br\/en\/wp-json\/wp\/v2\/users\/6722"}],"replies":[{"embeddable":true,"href":"https:\/\/ppgenfermagemcptl.ufms.br\/en\/wp-json\/wp\/v2\/comments?post=309"}],"version-history":[{"count":31,"href":"https:\/\/ppgenfermagemcptl.ufms.br\/en\/wp-json\/wp\/v2\/pages\/309\/revisions"}],"predecessor-version":[{"id":446,"href":"https:\/\/ppgenfermagemcptl.ufms.br\/en\/wp-json\/wp\/v2\/pages\/309\/revisions\/446"}],"wp:attachment":[{"href":"https:\/\/ppgenfermagemcptl.ufms.br\/en\/wp-json\/wp\/v2\/media?parent=309"}],"wp:term":[{"taxonomy":"author","embeddable":true,"href":"https:\/\/ppgenfermagemcptl.ufms.br\/en\/wp-json\/wp\/v2\/coauthors?post=309"}],"curies":[{"name":"wp","href":"https:\/\/api.w.org\/{rel}","templated":true}]}}