{"id":2680,"date":"2025-10-06T09:58:44","date_gmt":"2025-10-06T13:58:44","guid":{"rendered":"https:\/\/ppgenfermagemcptl.ufms.br\/?page_id=2680"},"modified":"2026-01-29T14:23:20","modified_gmt":"2026-01-29T18:23:20","slug":"acoes-regionais","status":"publish","type":"page","link":"https:\/\/ppgenfermagemcptl.ufms.br\/en\/acoes-regionais\/","title":{"rendered":"Impactos (local, regional e nacional)"},"content":{"rendered":"<p><a href=\"https:\/\/ppgenfermagemcptl.ufms.br\/iv-simposio-de-saude-mental-de-mato-grosso-do-sul\/\">IV Simp\u00f3sio de Sa\u00fade Mental de Mato Grosso do Sul<\/a><\/p>\n<p><a href=\"https:\/\/ppgenfermagemcptl.ufms.br\/ii-encontro-internacional-cientifico-de-gestao-em-saude-e-seguranca-do-paciente-i-simposio-de-cirurgia-segura-avancos-e-desafios\/\">II Encontro Internacional Cient\u00edfico de Gest\u00e3o em Sa\u00fade e Seguran\u00e7a do Paciente + I Simp\u00f3sio de Cirurgia Segura: Avan\u00e7os e Desafios<\/a><\/p>\n<p><a href=\"https:\/\/ppgenfermagemcptl.ufms.br\/articipacao-no-27o-cbcenf-congresso-brasileiro-dos-conselhos-de-enfermagem-realizado-em-salvador\/\">Participa\u00e7\u00e3o no 27\u00ba CBCENF \u2013 Congresso Brasileiro dos Conselhos de Enfermagem<\/a><\/p>\n<p><a href=\"https:\/\/ppgenfermagemcptl.ufms.br\/visita-a-escola-de-enfermagem-da-ufba\/\">Visita \u00e0 Escola de Enfermagem UFBA: discentes em di\u00e1logo com a ci\u00eancia<\/a><\/p>\n<p><a href=\"https:\/\/ppgenfermagemcptl.ufms.br\/apresentacao-de-trabalhos-cientificos-no-27o-cbcenf\/\">Apresenta\u00e7\u00e3o de Trabalhos na Modalidade e-poster no 27\u00ba CBCENF<\/a><\/p>\n<p><a href=\"https:\/\/ppgenfermagemcptl.ufms.br\/participacao-em-evento-nacional-cuidados-paliativos\/\">Participa\u00e7\u00e3o no V Congresso Paulista de Cuidados Paliativos e no IV Congresso Paulista de Cuidados Paliativos Pedi\u00e1tricos<\/a><\/p>\n<p><a href=\"https:\/\/ppgenfermagemcptl.ufms.br\/participacao-em-avaliacao-de-trabalhos-no-instituto-federal-do-mato-grosso-do-sul\/\">Participa\u00e7\u00e3o em Avalia\u00e7\u00e3o de Trabalhos no Instituto Federal do Mato Grosso do Sul<\/a><\/p>\n<p><a href=\"https:\/\/ppgenfermagemcptl.ufms.br\/acao-educativa-no-cer-ii\/\">A\u00e7\u00e3o Educativa no CER II<\/a><\/p>\n<p><a href=\"https:\/\/ppgenfermagemcptl.ufms.br\/reuniao-de-coordenadores-ppgenfs-27o-cben\/\">Reuni\u00e3o dos Coordenadores dos Programas de P\u00f3s-Gradua\u00e7\u00e3o de Enfermagem no 27\u00ba CBEn<\/a><\/p>\n<p><a href=\"https:\/\/ppgenfermagemcptl.ufms.br\/ppgenf-ufms-cptl-marca-presenca-com-trabalhos-no-75o-congresso-brasileiro-de-enfermagem\/\">PPGEnf\/UFMS \u2013 CPTL marca presen\u00e7a no 75\u00ba Congresso Brasileiro de Enfermagem com apresenta\u00e7\u00e3o de trabalhos cient\u00edficos<\/a><\/p>\n","protected":false},"excerpt":{"rendered":"<p>IV Simp\u00f3sio de Sa\u00fade Mental de Mato Grosso do Sul II Encontro Internacional Cient\u00edfico de Gest\u00e3o em Sa\u00fade e Seguran\u00e7a do Paciente + I Simp\u00f3sio de Cirurgia Segura: Avan\u00e7os e Desafios Participa\u00e7\u00e3o no 27\u00ba CBCENF \u2013 Congresso Brasileiro dos Conselhos de Enfermagem Visita \u00e0 Escola de Enfermagem UFBA: discentes em di\u00e1logo com a ci\u00eancia Apresenta\u00e7\u00e3o [&hellip;]<\/p>\n","protected":false},"author":24575,"featured_media":0,"parent":0,"menu_order":0,"comment_status":"closed","ping_status":"closed","template":"","meta":{"footnotes":""},"coauthors":[10],"class_list":["post-2680","page","type-page","status-publish","hentry"],"_links":{"self":[{"href":"https:\/\/ppgenfermagemcptl.ufms.br\/en\/wp-json\/wp\/v2\/pages\/2680","targetHints":{"allow":["GET"]}}],"collection":[{"href":"https:\/\/ppgenfermagemcptl.ufms.br\/en\/wp-json\/wp\/v2\/pages"}],"about":[{"href":"https:\/\/ppgenfermagemcptl.ufms.br\/en\/wp-json\/wp\/v2\/types\/page"}],"author":[{"embeddable":true,"href":"https:\/\/ppgenfermagemcptl.ufms.br\/en\/wp-json\/wp\/v2\/users\/24575"}],"replies":[{"embeddable":true,"href":"https:\/\/ppgenfermagemcptl.ufms.br\/en\/wp-json\/wp\/v2\/comments?post=2680"}],"version-history":[{"count":12,"href":"https:\/\/ppgenfermagemcptl.ufms.br\/en\/wp-json\/wp\/v2\/pages\/2680\/revisions"}],"predecessor-version":[{"id":2803,"href":"https:\/\/ppgenfermagemcptl.ufms.br\/en\/wp-json\/wp\/v2\/pages\/2680\/revisions\/2803"}],"wp:attachment":[{"href":"https:\/\/ppgenfermagemcptl.ufms.br\/en\/wp-json\/wp\/v2\/media?parent=2680"}],"wp:term":[{"taxonomy":"author","embeddable":true,"href":"https:\/\/ppgenfermagemcptl.ufms.br\/en\/wp-json\/wp\/v2\/coauthors?post=2680"}],"curies":[{"name":"wp","href":"https:\/\/api.w.org\/{rel}","templated":true}]}}