{"id":2610,"date":"2025-09-22T13:44:14","date_gmt":"2025-09-22T17:44:14","guid":{"rendered":"https:\/\/ppgenfermagemcptl.ufms.br\/?page_id=2610"},"modified":"2026-04-06T21:04:11","modified_gmt":"2026-04-07T01:04:11","slug":"popularizacao-da-ciencia","status":"publish","type":"page","link":"https:\/\/ppgenfermagemcptl.ufms.br\/en\/popularizacao-da-ciencia\/","title":{"rendered":"Populariza\u00e7\u00e3o da Ci\u00eancia"},"content":{"rendered":"<a href=\"https:\/\/ppgenfermagemcptl.ufms.br\/projeto-popularizacao-da-ciencia-nas-escolas\/\">Populariza\u00e7\u00e3o da Ci\u00eancia nas Escolas 2025.2<\/a><\/p>\n<p><a href=\"https:\/\/ppgenfermagemcptl.ufms.br\/popularizacao-da-ciencia-estrategia-educativa-sobre-cuidados-em-saude-na-adolescencia-no-ambiente-escolar\/\">Populariza\u00e7\u00e3o da Ci\u00eancia: Estrat\u00e9gia Educativa sobre Cuidados em Sa\u00fade na Adolesc\u00eancia no Ambiente Escolar<\/a><\/p>\n<p><a href=\"https:\/\/ppgenfermagemcptl.ufms.br\/popularizacao-da-ciencia-acao-com-professores-na-escola\/\">Populariza\u00e7\u00e3o da Ci\u00eancia: A\u00e7\u00e3o com professores na escola<\/a><\/p>\n<p><a href=\"https:\/\/ppgenfermagemcptl.ufms.br\/divulgacao-cientifica-relato-de-egressoa-sabrina-almeida\/\">Populariza\u00e7\u00e3o da Ci\u00eancia: Videos Egressos &#8211; Sabrina Almeida<\/a><\/p>\n<p><a href=\"https:\/\/ppgenfermagemcptl.ufms.br\/divulgacao-cientifica-relato-de-egressoa-viviane-goncalves\/\">Populariza\u00e7\u00e3o da Ci\u00eancia: Videos Egressos &#8211; Viviane Gon\u00e7alves<\/a><\/p>\n<p><a href=\"https:\/\/ppgenfermagemcptl.ufms.br\/divulgacao-cientifica-relato-de-egressoa-maria-paula\/\">Populariza\u00e7\u00e3o da Ci\u00eancia: Videos Egressos &#8211; Maria Paula Bernardo dos santos<\/a><\/p>\n<p><a href=\"https:\/\/ppgenfermagemcptl.ufms.br\/divulgacao-cientifica-relato-de-egressoa-angela-vilella\/\">Populariza\u00e7\u00e3o da Ci\u00eancia: Videos Egressos &#8211; \u00c2ngela Vilella<\/a><\/p>\n<p><a href=\"https:\/\/drive.google.com\/file\/d\/1Xed5jjRF9wx7R6mTC24VfW_CKeODuLZR\/view?usp=drive_link\">Populariza\u00e7\u00e3o da Ci\u00eancia: Videos Egressos &#8211; Gilmar Soares<\/a><\/p>\n<p><a href=\"https:\/\/drive.google.com\/file\/d\/1y6sdsb7uAzjBNRxHm_FUMU8nCYWUaqof\/view?usp=drive_link\">Populariza\u00e7\u00e3o da Ci\u00eancia: Videos Egressos &#8211; Juliana Kalini<\/a><\/p>\n<p><a href=\"https:\/\/drive.google.com\/file\/d\/19XAeP7Pou3zneFZY3qfC4Z3iVP9PP3LB\/view?usp=sharing\">Populariza\u00e7\u00e3o da Ci\u00eancia: Videos Egressos &#8211; Edson Junior<\/a><\/p>\n<p><a href=\"https:\/\/drive.google.com\/file\/d\/1WSzedTguHPHRd5-QYIQgLdiG1sHXV2VW\/view?usp=sharing\">Populariza\u00e7\u00e3o da Ci\u00eancia: Videos Egressos &#8211; Carlos Roberto<\/a><\/p>\n<p><a href=\"https:\/\/ppgenfermagemcptl.ufms.br\/divulgacao-cientifica-relato-de-egressoa-sandra-marques\/\">Populariza\u00e7\u00e3o da Ci\u00eancia: V\u00eddeos Egressos &#8211; Sandra Marques<\/a><\/p>\n<p><a href=\"https:\/\/ppgenfermagemcptl.ufms.br\/divulgacao-cientifica-relato-de-egressoa-patricia-silva\/\">Populariza\u00e7\u00e3o da Ci\u00eancia: V\u00eddeo Egressos &#8211; Patr\u00edcia Silva<\/a><\/p>\n<p><a href=\"https:\/\/ppgenfermagemcptl.ufms.br\/popularizacao-da-ciencia-videos-egressos-rangel-homma\/\">Populariza\u00e7\u00e3o da Ci\u00eancia: Videos Egressos &#8211; Rangel Homma<\/a><\/p>\n<p><a href=\"https:\/\/ppgenfermagemcptl.ufms.br\/pop\/\">Populariza\u00e7\u00e3o da Ci\u00eancia: Videos Egressos &#8211; N\u00e1dia Margareth<\/a>","protected":false},"excerpt":{"rendered":"<p>Populariza\u00e7\u00e3o da Ci\u00eancia nas Escolas 2025.2 Populariza\u00e7\u00e3o da Ci\u00eancia: Estrat\u00e9gia Educativa sobre Cuidados em Sa\u00fade na Adolesc\u00eancia no Ambiente Escolar Populariza\u00e7\u00e3o da Ci\u00eancia: A\u00e7\u00e3o com professores na escola Populariza\u00e7\u00e3o da Ci\u00eancia: Videos Egressos &#8211; Sabrina Almeida Populariza\u00e7\u00e3o da Ci\u00eancia: Videos Egressos &#8211; Viviane Gon\u00e7alves Populariza\u00e7\u00e3o da Ci\u00eancia: Videos Egressos &#8211; Maria Paula Bernardo dos santos [&hellip;]<\/p>\n","protected":false},"author":24575,"featured_media":0,"parent":0,"menu_order":0,"comment_status":"closed","ping_status":"closed","template":"","meta":{"footnotes":""},"coauthors":[10],"class_list":["post-2610","page","type-page","status-publish","hentry"],"_links":{"self":[{"href":"https:\/\/ppgenfermagemcptl.ufms.br\/en\/wp-json\/wp\/v2\/pages\/2610","targetHints":{"allow":["GET"]}}],"collection":[{"href":"https:\/\/ppgenfermagemcptl.ufms.br\/en\/wp-json\/wp\/v2\/pages"}],"about":[{"href":"https:\/\/ppgenfermagemcptl.ufms.br\/en\/wp-json\/wp\/v2\/types\/page"}],"author":[{"embeddable":true,"href":"https:\/\/ppgenfermagemcptl.ufms.br\/en\/wp-json\/wp\/v2\/users\/24575"}],"replies":[{"embeddable":true,"href":"https:\/\/ppgenfermagemcptl.ufms.br\/en\/wp-json\/wp\/v2\/comments?post=2610"}],"version-history":[{"count":31,"href":"https:\/\/ppgenfermagemcptl.ufms.br\/en\/wp-json\/wp\/v2\/pages\/2610\/revisions"}],"predecessor-version":[{"id":2946,"href":"https:\/\/ppgenfermagemcptl.ufms.br\/en\/wp-json\/wp\/v2\/pages\/2610\/revisions\/2946"}],"wp:attachment":[{"href":"https:\/\/ppgenfermagemcptl.ufms.br\/en\/wp-json\/wp\/v2\/media?parent=2610"}],"wp:term":[{"taxonomy":"author","embeddable":true,"href":"https:\/\/ppgenfermagemcptl.ufms.br\/en\/wp-json\/wp\/v2\/coauthors?post=2610"}],"curies":[{"name":"wp","href":"https:\/\/api.w.org\/{rel}","templated":true}]}}