{"id":2419,"date":"2025-05-29T08:22:40","date_gmt":"2025-05-29T12:22:40","guid":{"rendered":"https:\/\/ppgenfermagemcptl.ufms.br\/?page_id=2419"},"modified":"2025-09-17T14:02:52","modified_gmt":"2025-09-17T18:02:52","slug":"producoes-2025-2028","status":"publish","type":"page","link":"https:\/\/ppgenfermagemcptl.ufms.br\/en\/producoes-2025-2028\/","title":{"rendered":"Produ\u00e7\u00f5es 2025-2028"},"content":{"rendered":"<p><strong><span style=\"font-size: 14pt\">2025<\/span><\/strong><\/p>\n<p>Confira os projetos elaborados pelas(os) docentes do PPGENF UFMS CPTL:<\/p>\n<blockquote class=\"wp-embedded-content\" data-secret=\"L72cDEeFb5\"><p><a href=\"https:\/\/ppgenfermagemcptl.ufms.br\/anais-do-1-simposio-internacional-de-pesquisa-e-inovacao-cientifica-no-cuidado-em-saude\/\">Anais do 1\u00b0 Simp\u00f3sio internacional de pesquisa e inova\u00e7\u00e3o cient\u00edfica no cuidado em sa\u00fade<\/a><\/p><\/blockquote>\n<p><iframe class=\"wp-embedded-content\" sandbox=\"allow-scripts\" security=\"restricted\" style=\"position: absolute; visibility: hidden;\" title=\"&#8220;Anais do 1\u00b0 Simp\u00f3sio internacional de pesquisa e inova\u00e7\u00e3o cient\u00edfica no cuidado em sa\u00fade&#8221; &#8212; Programa de P\u00f3s-Gradua\u00e7\u00e3o em Enfermagem\" src=\"https:\/\/ppgenfermagemcptl.ufms.br\/anais-do-1-simposio-internacional-de-pesquisa-e-inovacao-cientifica-no-cuidado-em-saude\/embed\/#?secret=ka5PmuAhRp#?secret=L72cDEeFb5\" data-secret=\"L72cDEeFb5\" width=\"500\" height=\"282\" frameborder=\"0\" marginwidth=\"0\" marginheight=\"0\" scrolling=\"no\"><\/iframe><\/p>\n<blockquote class=\"wp-embedded-content\" data-secret=\"6udP1cPp6k\"><p><a href=\"https:\/\/ppgenfermagemcptl.ufms.br\/cartilha-informativa-de-primeiros-socorros\/\">Cartilha Informativa de Primeiros Socorros<\/a><\/p><\/blockquote>\n<p><iframe class=\"wp-embedded-content\" sandbox=\"allow-scripts\" security=\"restricted\" style=\"position: absolute; visibility: hidden;\" title=\"&#8220;Cartilha Informativa de Primeiros Socorros&#8221; &#8212; Programa de P\u00f3s-Gradua\u00e7\u00e3o em Enfermagem\" src=\"https:\/\/ppgenfermagemcptl.ufms.br\/cartilha-informativa-de-primeiros-socorros\/embed\/#?secret=6GubCtCoRe#?secret=6udP1cPp6k\" data-secret=\"6udP1cPp6k\" width=\"500\" height=\"282\" frameborder=\"0\" marginwidth=\"0\" marginheight=\"0\" scrolling=\"no\"><\/iframe><\/p>\n","protected":false},"excerpt":{"rendered":"<p>2025 Confira os projetos elaborados pelas(os) docentes do PPGENF UFMS CPTL: Anais do 1\u00b0 Simp\u00f3sio internacional de pesquisa e inova\u00e7\u00e3o cient\u00edfica no cuidado em sa\u00fade Cartilha Informativa de Primeiros Socorros<\/p>\n","protected":false},"author":7866,"featured_media":0,"parent":0,"menu_order":0,"comment_status":"closed","ping_status":"closed","template":"","meta":{"footnotes":""},"coauthors":[7],"class_list":["post-2419","page","type-page","status-publish","hentry"],"_links":{"self":[{"href":"https:\/\/ppgenfermagemcptl.ufms.br\/en\/wp-json\/wp\/v2\/pages\/2419","targetHints":{"allow":["GET"]}}],"collection":[{"href":"https:\/\/ppgenfermagemcptl.ufms.br\/en\/wp-json\/wp\/v2\/pages"}],"about":[{"href":"https:\/\/ppgenfermagemcptl.ufms.br\/en\/wp-json\/wp\/v2\/types\/page"}],"author":[{"embeddable":true,"href":"https:\/\/ppgenfermagemcptl.ufms.br\/en\/wp-json\/wp\/v2\/users\/7866"}],"replies":[{"embeddable":true,"href":"https:\/\/ppgenfermagemcptl.ufms.br\/en\/wp-json\/wp\/v2\/comments?post=2419"}],"version-history":[{"count":9,"href":"https:\/\/ppgenfermagemcptl.ufms.br\/en\/wp-json\/wp\/v2\/pages\/2419\/revisions"}],"predecessor-version":[{"id":2589,"href":"https:\/\/ppgenfermagemcptl.ufms.br\/en\/wp-json\/wp\/v2\/pages\/2419\/revisions\/2589"}],"wp:attachment":[{"href":"https:\/\/ppgenfermagemcptl.ufms.br\/en\/wp-json\/wp\/v2\/media?parent=2419"}],"wp:term":[{"taxonomy":"author","embeddable":true,"href":"https:\/\/ppgenfermagemcptl.ufms.br\/en\/wp-json\/wp\/v2\/coauthors?post=2419"}],"curies":[{"name":"wp","href":"https:\/\/api.w.org\/{rel}","templated":true}]}}