{"id":2417,"date":"2025-05-29T08:22:00","date_gmt":"2025-05-29T12:22:00","guid":{"rendered":"https:\/\/ppgenfermagemcptl.ufms.br\/?page_id=2417"},"modified":"2025-08-29T12:06:59","modified_gmt":"2025-08-29T16:06:59","slug":"projetos-financiados-2025-2028","status":"publish","type":"page","link":"https:\/\/ppgenfermagemcptl.ufms.br\/en\/projetos-financiados-2025-2028\/","title":{"rendered":"Projetos financiados 2025-2028"},"content":{"rendered":"<p><a href=\"https:\/\/ppgenfermagemcptl.ufms.br\/projeto-aprovado-cnpq-letramento\/\">Efeitos de um treinamento de letramento em sa\u00fade em pessoas idosas: ensaio cl\u00ednico controlado randomizado com follow-up<\/a><\/p>\n<p><a title=\"O impacto de uma interven\u00e7\u00e3o educativa na limpeza e desinfec\u00e7\u00e3o de superf\u00edcies (LDS) em Unidade de Cuidados Neonatal\/Pedi\u00e1trico\" href=\"https:\/\/ppgenfermagemcptl.ufms.br\/o-impacto-de-uma-intervencao-educativa-na-limpeza-e-desinfeccao-de-superficies-lds-em-unidade-de-cuidados-neonatal-pediatrico\/\">O impacto de uma interven\u00e7\u00e3o educativa na limpeza e desinfec\u00e7\u00e3o de superf\u00edcies (LDS) em Unidade de Cuidados Neonatal\/Pedi\u00e1trico<\/a><\/p>\n","protected":false},"excerpt":{"rendered":"<p>Efeitos de um treinamento de letramento em sa\u00fade em pessoas idosas: ensaio cl\u00ednico controlado randomizado com follow-up O impacto de uma interven\u00e7\u00e3o educativa na limpeza e desinfec\u00e7\u00e3o de superf\u00edcies (LDS) em Unidade de Cuidados Neonatal\/Pedi\u00e1trico<\/p>\n","protected":false},"author":7866,"featured_media":0,"parent":0,"menu_order":0,"comment_status":"closed","ping_status":"closed","template":"","meta":{"footnotes":""},"coauthors":[7],"class_list":["post-2417","page","type-page","status-publish","hentry"],"_links":{"self":[{"href":"https:\/\/ppgenfermagemcptl.ufms.br\/en\/wp-json\/wp\/v2\/pages\/2417","targetHints":{"allow":["GET"]}}],"collection":[{"href":"https:\/\/ppgenfermagemcptl.ufms.br\/en\/wp-json\/wp\/v2\/pages"}],"about":[{"href":"https:\/\/ppgenfermagemcptl.ufms.br\/en\/wp-json\/wp\/v2\/types\/page"}],"author":[{"embeddable":true,"href":"https:\/\/ppgenfermagemcptl.ufms.br\/en\/wp-json\/wp\/v2\/users\/7866"}],"replies":[{"embeddable":true,"href":"https:\/\/ppgenfermagemcptl.ufms.br\/en\/wp-json\/wp\/v2\/comments?post=2417"}],"version-history":[{"count":6,"href":"https:\/\/ppgenfermagemcptl.ufms.br\/en\/wp-json\/wp\/v2\/pages\/2417\/revisions"}],"predecessor-version":[{"id":2564,"href":"https:\/\/ppgenfermagemcptl.ufms.br\/en\/wp-json\/wp\/v2\/pages\/2417\/revisions\/2564"}],"wp:attachment":[{"href":"https:\/\/ppgenfermagemcptl.ufms.br\/en\/wp-json\/wp\/v2\/media?parent=2417"}],"wp:term":[{"taxonomy":"author","embeddable":true,"href":"https:\/\/ppgenfermagemcptl.ufms.br\/en\/wp-json\/wp\/v2\/coauthors?post=2417"}],"curies":[{"name":"wp","href":"https:\/\/api.w.org\/{rel}","templated":true}]}}