{"id":2358,"date":"2025-03-26T15:28:11","date_gmt":"2025-03-26T19:28:11","guid":{"rendered":"https:\/\/ppgenfermagemcptl.ufms.br\/?page_id=2358"},"modified":"2025-12-09T14:43:31","modified_gmt":"2025-12-09T18:43:31","slug":"menuinternacionalizacao","status":"publish","type":"page","link":"https:\/\/ppgenfermagemcptl.ufms.br\/en\/menuinternacionalizacao\/","title":{"rendered":"Internacionaliza\u00e7\u00e3o"},"content":{"rendered":"<p><a href=\"https:\/\/ppgenfermagemcptl.ufms.br\/ii-encontro-internacional-cientifico-de-gestao-em-saude-e-seguranca-do-paciente-i-simposio-de-cirurgia-segura-avancos-e-desafios\/\">II Encontro Internacional Cient\u00edfico de Gest\u00e3o em Sa\u00fade e Seguran\u00e7a do Paciente + I Simp\u00f3sio de Cirurgia Segura: Avan\u00e7os e Desafios<\/a><\/p>\n<p><a href=\"https:\/\/ppgenfermagemcptl.ufms.br\/visita-tecnico-cientifica-a-universidade-do-chile\/\">Visita t\u00e9cnico-cient\u00edfica \u00e0 Universidade do Chile<\/a><\/p>\n<p><a href=\"https:\/\/ppgenfermagemcptl.ufms.br\/atividades-tecnico-cientificas-no-exterior\/\">Atividades T\u00e9cnico-cientificas no Exterior (Universidad de Chile)<\/a><\/p>\n<p><a title=\"Participa\u00e7\u00e3o em evento: 2024 Global Health Literacy Summit: health literacy for people and planet\" href=\"https:\/\/ppgenfermagemcptl.ufms.br\/participacao-em-evento-internacional-4\/\">Participa\u00e7\u00e3o em evento: 2024 Global Health Literacy Summit: health literacy for people and planet<\/a><\/p>\n<p><a title=\"Parceria em ensino e pesquisa\" href=\"https:\/\/ppgenfermagemcptl.ufms.br\/internacionalizacao-parceria-em-ensino-e-pesquisa\/\">Parceria em ensino e pesquisa<\/a><\/p>\n<p><a title=\"Visita T\u00e9cnica \u00e0 Escola Superior de Enfermagem de Coimbra, Portugal\" href=\"https:\/\/ppgenfermagemcptl.ufms.br\/internacionalizacao-visita-tecnica-a-escola-superior-de-enfermagem-de-coimbra-portugal\/\"> Visita T\u00e9cnica \u00e0 Escola Superior de Enfermagem de Coimbra, Portugal<\/a><\/p>\n<p><a title=\"Participa\u00e7\u00e3o em evento: XVIII Col\u00f3quio Panamericano de Investigacion em Enfermer\u00eda\" href=\"https:\/\/ppgenfermagemcptl.ufms.br\/participacao-em-evento-internacional-3\/\">Participa\u00e7\u00e3o em evento: XVIII Col\u00f3quio Panamericano de Investigacion em Enfermer\u00eda<\/a><\/p>\n<p><a title=\"Realiza\u00e7\u00e3o de evento: I Simp\u00f3sio Internacional de Pesquisa e Inova\u00e7\u00e3o Cient\u00edfica no Cuidado em Sa\u00fade\" href=\"https:\/\/ppgenfermagemcptl.ufms.br\/i-simposio-internacional-de-pesquisa-e-inovacao-cientifica-no-cuidado-em-saude\/\">Realiza\u00e7\u00e3o de evento: I Simp\u00f3sio Internacional de Pesquisa e Inova\u00e7\u00e3o Cient\u00edfica no Cuidado em Sa\u00fade<\/a><\/p>\n<p><a title=\"Participa\u00e7\u00e3o em evento: II Simp\u00f3sio Internacional de Aten\u00e7\u00e3o Domiciliar\" href=\"https:\/\/ppgenfermagemcptl.ufms.br\/participacao-em-evento-internacional-2\/\">Participa\u00e7\u00e3o em evento: II Simp\u00f3sio Internacional de Aten\u00e7\u00e3o Domic<\/a>i<a title=\"II Simp\u00f3sio Internacional de Aten\u00e7\u00e3o Domiciliar\" href=\"https:\/\/ppgenfermagemcptl.ufms.br\/participacao-em-evento-internacional-2\/\">liar<\/a><\/p>\n<p><a title=\"Participa\u00e7\u00e3o em evento: Simp\u00f3sio Internacional de Assist\u00eancia ao Parto (SIAPARTO)\" href=\"https:\/\/ppgenfermagemcptl.ufms.br\/participacao-em-evento-internacional\/\">Participa\u00e7\u00e3o em evento: Simp\u00f3sio Internacional de Assist\u00eancia ao Parto (SIAPARTO)<\/a><\/p>\n<p><a title=\"Visita t\u00e9cnica ao Instituto Cicely Saunders em Londres na Inglaterra\" href=\"https:\/\/ppgenfermagemcptl.ufms.br\/visita-tecnica-ao-instituto-cicely-saunders-em-londres-na-inglaterra\/\">Visita t\u00e9cnica ao Instituto Cicely Saunders em Londres na Inglaterra<\/a><\/p>\n<p><a title=\"Programa \u201cMove La Am\u00e9rica\u201d\" href=\"https:\/\/ppgenfermagemcptl.ufms.br\/programa-move-la-america\/\">Programa \u201cMove La Am\u00e9rica\u201d<\/a><\/p>\n<p><a title=\"Participa\u00e7\u00e3o em evento: 7\u00ba SITEn \u2013 Semin\u00e1rio Internacional do Trabalho em Enfermagem\" href=\"https:\/\/ppgenfermagemcptl.ufms.br\/apresentacao-de-trabalho-em-evento-4\/\">Participa\u00e7\u00e3o em evento: 7\u00ba SITEn \u2013 Semin\u00e1rio Internacional do Trabalho em Enfermagem<\/a><\/p>\n<p><a title=\"Participa\u00e7\u00e3o em evento: 23\u00ba Congresso de Ginecologia e Obstetr\u00edcia da Federa\u00e7\u00e3o das Sociedades Portuguesas de Obstetr\u00edcia e Ginecologia em Lisboa\" href=\"https:\/\/ppgenfermagemcptl.ufms.br\/participacao-em-congresso\/\">Participa\u00e7\u00e3o em evento: 23\u00ba Congresso de Ginecologia e Obstetr\u00edcia da Federa\u00e7\u00e3o das Sociedades Portuguesas de Obstetr\u00edcia e Ginecologia em Lisboa<\/a><\/p>\n<p><a title=\"Visita de pesquisadores internacionais\" href=\"https:\/\/ppgenfermagemcptl.ufms.br\/internacionalizacao\/\">Visita de pesquisadores internacionais<\/a><\/p>\n<p>&nbsp;<\/p>\n","protected":false},"excerpt":{"rendered":"<p>II Encontro Internacional Cient\u00edfico de Gest\u00e3o em Sa\u00fade e Seguran\u00e7a do Paciente + I Simp\u00f3sio de Cirurgia Segura: Avan\u00e7os e Desafios Visita t\u00e9cnico-cient\u00edfica \u00e0 Universidade do Chile Atividades T\u00e9cnico-cientificas no Exterior (Universidad de Chile) Participa\u00e7\u00e3o em evento: 2024 Global Health Literacy Summit: health literacy for people and planet Parceria em ensino e pesquisa Visita T\u00e9cnica [&hellip;]<\/p>\n","protected":false},"author":7866,"featured_media":0,"parent":0,"menu_order":0,"comment_status":"closed","ping_status":"closed","template":"","meta":{"footnotes":""},"coauthors":[7],"class_list":["post-2358","page","type-page","status-publish","hentry"],"_links":{"self":[{"href":"https:\/\/ppgenfermagemcptl.ufms.br\/en\/wp-json\/wp\/v2\/pages\/2358","targetHints":{"allow":["GET"]}}],"collection":[{"href":"https:\/\/ppgenfermagemcptl.ufms.br\/en\/wp-json\/wp\/v2\/pages"}],"about":[{"href":"https:\/\/ppgenfermagemcptl.ufms.br\/en\/wp-json\/wp\/v2\/types\/page"}],"author":[{"embeddable":true,"href":"https:\/\/ppgenfermagemcptl.ufms.br\/en\/wp-json\/wp\/v2\/users\/7866"}],"replies":[{"embeddable":true,"href":"https:\/\/ppgenfermagemcptl.ufms.br\/en\/wp-json\/wp\/v2\/comments?post=2358"}],"version-history":[{"count":13,"href":"https:\/\/ppgenfermagemcptl.ufms.br\/en\/wp-json\/wp\/v2\/pages\/2358\/revisions"}],"predecessor-version":[{"id":2776,"href":"https:\/\/ppgenfermagemcptl.ufms.br\/en\/wp-json\/wp\/v2\/pages\/2358\/revisions\/2776"}],"wp:attachment":[{"href":"https:\/\/ppgenfermagemcptl.ufms.br\/en\/wp-json\/wp\/v2\/media?parent=2358"}],"wp:term":[{"taxonomy":"author","embeddable":true,"href":"https:\/\/ppgenfermagemcptl.ufms.br\/en\/wp-json\/wp\/v2\/coauthors?post=2358"}],"curies":[{"name":"wp","href":"https:\/\/api.w.org\/{rel}","templated":true}]}}