{"id":2310,"date":"2025-03-24T08:05:11","date_gmt":"2025-03-24T12:05:11","guid":{"rendered":"https:\/\/ppgenfermagemcptl.ufms.br\/?page_id=2310"},"modified":"2025-10-06T09:55:12","modified_gmt":"2025-10-06T13:55:12","slug":"galeria-de-coordenadores-ppgenf","status":"publish","type":"page","link":"https:\/\/ppgenfermagemcptl.ufms.br\/en\/galeria-de-coordenadores-ppgenf\/","title":{"rendered":"Galeria de Coordenadores &#8211; PPGEnf"},"content":{"rendered":"<h3 style=\"text-align: center\"><strong><div class=\"well well-md\">Galeria de Coordenadores &#8211; PPGEnf<\/strong><strong style=\"font-size: 16px\"><\/div><\/strong><\/h3>\n<p style=\"text-align: center\"><div class=\"panel panel-default\">\n\t\t\t\t<div class=\"panel-heading\">\n\t\t\t\t\t<h4 class=\"panel-title\">\n\t\t\t\t\t\t<a class=\"collapsed\" data-toggle=\"collapse\" data-parent=\"#single-collapse\" href=\"#single-collapse-0\">Profa. Dra. Juliana Dias Reis Pessalacia - 2019-2021\/1<\/a>\n\t\t\t\t\t<\/h4>\n\t\t\t\t<\/div>\n\t\t\t\t<div id=\"single-collapse-0\" class=\"panel-collapse collapse\">\n\t\t\t\t\t<div class=\"panel-body\">\n<p><img fetchpriority=\"high\" decoding=\"async\" class=\"size-medium wp-image-2331 aligncenter\" src=\"https:\/\/ppgenfermagemcptl.ufms.br\/files\/2025\/03\/Aula-Inaugural_20250324_093307_0000-300x300.png\" alt=\"\" width=\"300\" height=\"300\" srcset=\"https:\/\/ppgenfermagemcptl.ufms.br\/files\/2025\/03\/Aula-Inaugural_20250324_093307_0000-300x300.png 300w, https:\/\/ppgenfermagemcptl.ufms.br\/files\/2025\/03\/Aula-Inaugural_20250324_093307_0000-1024x1024.png 1024w, https:\/\/ppgenfermagemcptl.ufms.br\/files\/2025\/03\/Aula-Inaugural_20250324_093307_0000-150x150.png 150w, https:\/\/ppgenfermagemcptl.ufms.br\/files\/2025\/03\/Aula-Inaugural_20250324_093307_0000-768x768.png 768w, https:\/\/ppgenfermagemcptl.ufms.br\/files\/2025\/03\/Aula-Inaugural_20250324_093307_0000-320x320.png 320w, https:\/\/ppgenfermagemcptl.ufms.br\/files\/2025\/03\/Aula-Inaugural_20250324_093307_0000.png 1080w\" sizes=\"(max-width: 300px) 100vw, 300px\" \/><\/p>\n<ul>\n<li style=\"text-align: left\">Linha de Pesquisa: Sa\u00fade Coletiva: Saberes, Pol\u00edticas e Pr\u00e1ticas na Enfermagem e Sa\u00fade.<\/li>\n<li>Docente permanente do mestrado.<\/li>\n<li>E-mail: juliana.pessalacia@ufms.br.<\/li>\n<li>Lattes: <a href=\"http:\/\/lattes.cnpq.br\/4043784563120025\">http:\/\/lattes.cnpq.br\/4043784563120025<\/a>.<\/li>\n<\/ul>\n<\/div>\n\t\t\t\t<\/div>\n\t\t\t<\/div>\n<p style=\"text-align: center\"><div class=\"panel panel-default\">\n\t\t\t\t<div class=\"panel-heading\">\n\t\t\t\t\t<h4 class=\"panel-title\">\n\t\t\t\t\t\t<a class=\"collapsed\" data-toggle=\"collapse\" data-parent=\"#single-collapse\" href=\"#single-collapse-1\">Profa. Dra. Larissa da Silva Barcelos - 2021\/2023\/1<\/a>\n\t\t\t\t\t<\/h4>\n\t\t\t\t<\/div>\n\t\t\t\t<div id=\"single-collapse-1\" class=\"panel-collapse collapse\">\n\t\t\t\t\t<div class=\"panel-body\">\n<p><img decoding=\"async\" class=\"size-medium wp-image-2332 aligncenter\" src=\"https:\/\/ppgenfermagemcptl.ufms.br\/files\/2025\/03\/Aula-Inaugural-2_20250324_093307_0001-300x300.png\" alt=\"\" width=\"300\" height=\"300\" srcset=\"https:\/\/ppgenfermagemcptl.ufms.br\/files\/2025\/03\/Aula-Inaugural-2_20250324_093307_0001-300x300.png 300w, https:\/\/ppgenfermagemcptl.ufms.br\/files\/2025\/03\/Aula-Inaugural-2_20250324_093307_0001-1024x1024.png 1024w, https:\/\/ppgenfermagemcptl.ufms.br\/files\/2025\/03\/Aula-Inaugural-2_20250324_093307_0001-150x150.png 150w, https:\/\/ppgenfermagemcptl.ufms.br\/files\/2025\/03\/Aula-Inaugural-2_20250324_093307_0001-768x768.png 768w, https:\/\/ppgenfermagemcptl.ufms.br\/files\/2025\/03\/Aula-Inaugural-2_20250324_093307_0001-320x320.png 320w, https:\/\/ppgenfermagemcptl.ufms.br\/files\/2025\/03\/Aula-Inaugural-2_20250324_093307_0001.png 1080w\" sizes=\"(max-width: 300px) 100vw, 300px\" \/><\/p>\n<ul>\n<li style=\"text-align: left\">Linha de Pesquisa: Cuidado em Enfermagem e Sa\u00fade: An\u00e1lise da Pr\u00e1tica e Educa\u00e7\u00e3o.<\/li>\n<li>Docente permanente do mestrado.<\/li>\n<li>E-mail: larissa.barcelos@ufms.br.<\/li>\n<li>Lattes: <a href=\"http:\/\/lattes.cnpq.br\/4426189382163069\">http:\/\/lattes.cnpq.br\/4426189382163069<\/a>.<\/li>\n<\/ul>\n<\/div>\n\t\t\t\t<\/div>\n\t\t\t<\/div>\n<p style=\"text-align: center\"><div class=\"panel panel-default\">\n\t\t\t\t<div class=\"panel-heading\">\n\t\t\t\t\t<h4 class=\"panel-title\">\n\t\t\t\t\t\t<a class=\"collapsed\" data-toggle=\"collapse\" data-parent=\"#single-collapse\" href=\"#single-collapse-2\">Prof. Dr. Aires Garcia dos Santos Junior - 2023\/2 - Atual<\/a>\n\t\t\t\t\t<\/h4>\n\t\t\t\t<\/div>\n\t\t\t\t<div id=\"single-collapse-2\" class=\"panel-collapse collapse\">\n\t\t\t\t\t<div class=\"panel-body\">\n<p><img decoding=\"async\" class=\"size-medium wp-image-2334 aligncenter\" src=\"https:\/\/ppgenfermagemcptl.ufms.br\/files\/2025\/03\/Aula-Inaugural-3_20250324_093307_0002-300x300.png\" alt=\"\" width=\"300\" height=\"300\" srcset=\"https:\/\/ppgenfermagemcptl.ufms.br\/files\/2025\/03\/Aula-Inaugural-3_20250324_093307_0002-300x300.png 300w, https:\/\/ppgenfermagemcptl.ufms.br\/files\/2025\/03\/Aula-Inaugural-3_20250324_093307_0002-1024x1024.png 1024w, https:\/\/ppgenfermagemcptl.ufms.br\/files\/2025\/03\/Aula-Inaugural-3_20250324_093307_0002-150x150.png 150w, https:\/\/ppgenfermagemcptl.ufms.br\/files\/2025\/03\/Aula-Inaugural-3_20250324_093307_0002-768x768.png 768w, https:\/\/ppgenfermagemcptl.ufms.br\/files\/2025\/03\/Aula-Inaugural-3_20250324_093307_0002-320x320.png 320w, https:\/\/ppgenfermagemcptl.ufms.br\/files\/2025\/03\/Aula-Inaugural-3_20250324_093307_0002.png 1080w\" sizes=\"(max-width: 300px) 100vw, 300px\" \/><\/p>\n<ul>\n<li style=\"text-align: left\">Linha de Pesquisa: Cuidado em Enfermagem e Sa\u00fade: An\u00e1lise da Pr\u00e1tica e Educa\u00e7\u00e3o.<\/li>\n<li>Docente permanente do mestrado.<\/li>\n<li>E-mail: aires.junior@ufms.br.<\/li>\n<li>Lattes: <a href=\"http:\/\/lattes.cnpq.br\/5475908247737558\">http:\/\/lattes.cnpq.br\/5475908247737558<\/a>.<\/li>\n<\/ul>\n<\/div>\n\t\t\t\t<\/div>\n\t\t\t<\/div>\n","protected":false},"excerpt":{"rendered":"","protected":false},"author":23515,"featured_media":0,"parent":0,"menu_order":0,"comment_status":"closed","ping_status":"closed","template":"","meta":{"footnotes":""},"coauthors":[9],"class_list":["post-2310","page","type-page","status-publish","hentry"],"_links":{"self":[{"href":"https:\/\/ppgenfermagemcptl.ufms.br\/en\/wp-json\/wp\/v2\/pages\/2310","targetHints":{"allow":["GET"]}}],"collection":[{"href":"https:\/\/ppgenfermagemcptl.ufms.br\/en\/wp-json\/wp\/v2\/pages"}],"about":[{"href":"https:\/\/ppgenfermagemcptl.ufms.br\/en\/wp-json\/wp\/v2\/types\/page"}],"author":[{"embeddable":true,"href":"https:\/\/ppgenfermagemcptl.ufms.br\/en\/wp-json\/wp\/v2\/users\/23515"}],"replies":[{"embeddable":true,"href":"https:\/\/ppgenfermagemcptl.ufms.br\/en\/wp-json\/wp\/v2\/comments?post=2310"}],"version-history":[{"count":27,"href":"https:\/\/ppgenfermagemcptl.ufms.br\/en\/wp-json\/wp\/v2\/pages\/2310\/revisions"}],"predecessor-version":[{"id":2355,"href":"https:\/\/ppgenfermagemcptl.ufms.br\/en\/wp-json\/wp\/v2\/pages\/2310\/revisions\/2355"}],"wp:attachment":[{"href":"https:\/\/ppgenfermagemcptl.ufms.br\/en\/wp-json\/wp\/v2\/media?parent=2310"}],"wp:term":[{"taxonomy":"author","embeddable":true,"href":"https:\/\/ppgenfermagemcptl.ufms.br\/en\/wp-json\/wp\/v2\/coauthors?post=2310"}],"curies":[{"name":"wp","href":"https:\/\/api.w.org\/{rel}","templated":true}]}}