{"id":2164,"date":"2024-12-12T13:47:28","date_gmt":"2024-12-12T17:47:28","guid":{"rendered":"https:\/\/ppgenfermagemcptl.ufms.br\/?page_id=2164"},"modified":"2026-02-21T11:00:32","modified_gmt":"2026-02-21T15:00:32","slug":"aluno-regular","status":"publish","type":"page","link":"https:\/\/ppgenfermagemcptl.ufms.br\/en\/aluno-regular\/","title":{"rendered":"Aluno Regular"},"content":{"rendered":"<p><strong>2026<\/strong><\/p>\n<p><a href=\"https:\/\/propp.ufms.br\/files\/2026\/02\/EDITAL-PROPP_RTR-n-43-de-20-02-2026.pdf\">Convoca\u00e7\u00e3o de Matr\u00edcula <\/a><\/p>\n<p><a href=\"https:\/\/propp.ufms.br\/files\/2026\/02\/EDITAL__PROPP_RTR__n_41__de_19_02_2026.-homologacao-psu-2026-1.pdf\">Homologa\u00e7\u00e3o do Resultado Final<\/a><\/p>\n<p><a href=\"https:\/\/propp.ufms.br\/files\/2026\/01\/PSU-Prova-de-Linguas-no-AVA.pdf\">Orienta\u00e7\u00e3o Prova de L\u00ednguas <\/a><\/p>\n<p><a href=\"https:\/\/ppgenfermagemcptl.ufms.br\/files\/2025\/12\/Resultado-Final-da-Analise-de-Curriculo-Nota-da-Analise-de-Curriculo-e-Pontuacao-Final.pdf\">Resultado Final Nota da An\u00e1lise de Curr\u00edculo e Pontua\u00e7\u00e3o Final<\/a><\/p>\n<p><a href=\"https:\/\/ppgenfermagemcptl.ufms.br\/files\/2025\/12\/Nota-da-Ana\u0301lise-de-Curri\u0301culo-e-Pontuac\u0327a\u0303o-Final-1.pdf\">Nota da An\u00e1lise de Curr\u00edculo e Pontua\u00e7\u00e3o Final<\/a><\/p>\n<p><a href=\"https:\/\/ppgenfermagemcptl.ufms.br\/files\/2025\/12\/Resultado-final-das-avaliacoes-.pdf\">Resultado Final das Avalia\u00e7\u00f5es <\/a><\/p>\n<p><a href=\"https:\/\/ppgenfermagemcptl.ufms.br\/files\/2025\/12\/Resultado-Preliminar-da-Prova-de-Conhecimentos-EspecificosAnalise-de-Pre-ProjetoDefesa-de-Pre-Projeto-e-Nota-da-Etapa-de-Avaliacao-de-Merito.pdf\">Resultado Preliminar das Avalia\u00e7\u00f5es <\/a><\/p>\n<p><a href=\"https:\/\/ppgenfermagemcptl.ufms.br\/files\/2025\/12\/orientacoes-avaliacao-pre-projeto.docx.pdf\">Orienta\u00e7\u00f5es da Defesa do Pr\u00e9 Projeto<\/a><\/p>\n<p><a href=\"https:\/\/ppgenfermagemcptl.ufms.br\/files\/2025\/12\/Gabarito-prova-especifica.pdf\">Gabarito Prova de Conhecimentos Espec\u00edficos<\/a><\/p>\n<p><a href=\"https:\/\/ppgenfermagemcptl.ufms.br\/files\/2025\/12\/Edital-Resultado-Final-de-Inscritos.pdf\">Edital Resultado Final de Inscritos<\/a><\/p>\n<p><a href=\"https:\/\/ppgenfermagemcptl.ufms.br\/files\/2025\/11\/Orientacoes-prova-de-conhecimentos-especi\u0301ficos.pdf\">Informa\u00e7\u00f5es Prova de Conhecimento Espec\u00edficos<\/a><\/p>\n<p><a href=\"https:\/\/ppgenfermagemcptl.ufms.br\/files\/2025\/11\/Resultado-preliminar-de-inscritos-1.pdf\">Edital Resultado Preliminar de Inscritos<\/a><\/p>\n<p><a href=\"https:\/\/ppgenfermagemcptl.ufms.br\/files\/2025\/11\/Edital-Mestrado-Enfermagem-Tres-Lagoas.pdf\">Edital Informa\u00e7\u00f5es Mestrado Enfermagem Tr\u00eas Lagoas 2026<\/a><\/p>\n<p><a href=\"https:\/\/ppgenfermagemcptl.ufms.br\/files\/2025\/11\/Edital-Processo-Seletivo-Unificado-2026.pdf\">Edital Processo Seletivo Unificado 2026<\/a><\/p>\n<p><strong>2025.2<\/strong><\/p>\n<p><a href=\"https:\/\/ppgenfermagemcptl.ufms.br\/files\/2025\/07\/Resultado-Final-Analise-de-Curriculo.pdf\">Resultado Final da An\u00e1lise de Curr\u00edculo e Nota Final<\/a><\/p>\n<p><a href=\"https:\/\/drive.google.com\/file\/d\/1bBfZXrDttEhA44a5iWCzAt-F_k8Mdwg9\/view?usp=sharing\">Resultado Preliminar da An\u00e1lise de Curr\u00edculo 2025.2<\/a><\/p>\n<p><a href=\"https:\/\/drive.google.com\/file\/d\/1AmVTYlS0XoaVtXIbYrFjS4TKKPFHLunA\/view?usp=sharing\">Resultado Final da An\u00e1lise e Defesa do Pr\u00e9-Projeto 2025.2<\/a><\/p>\n<p><a href=\"https:\/\/drive.google.com\/file\/d\/1GHAQx5dXwFSWN4r7owA5JhjpCCpYF0Mt\/view?usp=sharing\">Resultado Preliminar da An\u00e1lise e Defesa de Pr\u00e9-Projeto 2025.2<\/a><\/p>\n<p><a href=\"https:\/\/ppgenfermagemcptl.ufms.br\/files\/2025\/07\/Orientacoes-Etapa-de-Defesa-de-Projeto-2025.2-1.docx\">Orienta\u00e7\u00f5es Etapa de Defesa de Projeto 2025.2<\/a><\/p>\n<p><a href=\"https:\/\/ppgenfermagemcptl.ufms.br\/files\/2025\/07\/resultado_final_prova_conhecimentos_2025.2.pdf\">Resultado Final da Prova de Conhecimentos 2025.2<\/a><\/p>\n<p><a href=\"https:\/\/drive.google.com\/file\/d\/1yPmGbz5ZhKXFdDZ8ptmh8gWrEsPRywsE\/view\">Resultado Preliminar da Prova de Conhecimentos Espec\u00edficos<\/a><\/p>\n<p><a href=\"https:\/\/drive.google.com\/file\/d\/1mGGGekUHz20vXVXpXIKqS-Pzk4fDniOH\/view?usp=drive_link\">Gabarito Prova Espec\u00edfica 2025.2<\/a><\/p>\n<p><a href=\"https:\/\/boletimoficial.ufms.br\/bse\/publicacao?id=563819\">Resultado de Candidatos com a Inscri\u00e7\u00e3o Deferida 2025.2<\/a><\/p>\n<p><a href=\"https:\/\/boletimoficial.ufms.br\/bse\/publicacao?id=563348\">Resultado Preliminar das Inscri\u00e7\u00f5es 2025.2<\/a><\/p>\n<p><a href=\"https:\/\/propp.ufms.br\/files\/2025\/06\/Edital-158-2025_merged.pdf\">Edital Processo Seletivo Unificado 2025.2<\/a><\/p>\n<p><a href=\"https:\/\/propp.ufms.br\/files\/2025\/06\/Enfermagem-Tres-Lagoas-versao-SEPROP.docx.pdf\">Edital de Informa\u00e7\u00f5es Mestrado Enfermagem Tr\u00eas Lagoas<\/a><\/p>\n<p><strong>2025.1<\/strong><\/p>\n<p><a title=\"Resultado Final da Sele\u00e7\u00e3o PROPP\" href=\"https:\/\/ppgenfermagemcptl.ufms.br\/files\/2025\/02\/RESULTADO-FINAL-DA-SELECAO-PROPP.pdf\">Resultado Final da Sele\u00e7\u00e3o PROPP<\/a><\/p>\n<p><a title=\"Resultado Final 2025.1\" href=\"https:\/\/ppgenfermagemcptl.ufms.br\/files\/2025\/02\/RESULTADO-FINAL.pdf\">Resultado Final 2025.1<\/a><\/p>\n<p><a href=\"https:\/\/ppgenfermagemcptl.ufms.br\/files\/2025\/02\/Resultado-Preliminar-da-Analise-do-Curriculo.pdf\">Resultado Preliminar da An\u00e1lise do Curr\u00edculo<\/a><\/p>\n<p><a title=\"Resultado Final da An\u00e1lise e defesa\" href=\"https:\/\/ppgenfermagemcptl.ufms.br\/files\/2025\/02\/Resultado-Final-da-Analise-e-defesa-do.pdf\">Resultado Final da An\u00e1lise e defesa<\/a><\/p>\n<p><a title=\"Resultado Preliminar do pr\u00e9-projeto\" href=\"https:\/\/ppgenfermagemcptl.ufms.br\/files\/2025\/02\/Resultado-Preliminar-pre-projeto.pdf\">Resultado Preliminar do pr\u00e9-projeto<\/a><\/p>\n<p><a href=\"https:\/\/ppgenfermagemcptl.ufms.br\/files\/2025\/02\/Resultado-Final-da-Prova-de-Conhecimentos-2025.1.pdf\">Resultado Final da Prova de Conhecimentos 2025.1<\/a><\/p>\n<p><a title=\"Orienta\u00e7\u00f5es Etapa de Defesa de Projeto 2025.1\" href=\"https:\/\/ppgenfermagemcptl.ufms.br\/files\/2025\/02\/Orientacoes_Etapa_de_Defesa_de_Projeto_2025.1_assinado.pdf\">Orienta\u00e7\u00f5es Etapa de Defesa de Projeto 2025.1<\/a><\/p>\n<p><a href=\"https:\/\/ppgenfermagemcptl.ufms.br\/files\/2025\/02\/Resultado-Preliminar-da-Prova-de-Conhecimentos-2025.1.pdf\">Resultado Preliminar da Prova de Conhecimentos 2025.1<\/a><\/p>\n<p><a href=\"https:\/\/ppgenfermagemcptl.ufms.br\/files\/2025\/02\/Gabarito-\u2013-Prova-Conhecimentos-Especificos-Mestrado-Enfermagem-CPTL.pdf\">Gabarito \u2013 Prova Conhecimentos Espec\u00edficos Mestrado Enfermagem (CPTL)<\/a><\/p>\n<p><a title=\"Inscri\u00e7\u00f5es deferidas 2025.1\" href=\"https:\/\/propp.ufms.br\/files\/2025\/01\/EDITAL-PROPP_RTR-n-32-de-30-01-2025.pdf\">Inscri\u00e7\u00f5es deferidas 2025.1<\/a><\/p>\n<p><a href=\"https:\/\/ppgenfermagemcptl.ufms.br\/files\/2025\/01\/Orientacoes-para-a-Prova-de-Conhecimentos-Especificos.pdf\">Orienta\u00e7\u00f5es para a Prova de Conhecimentos Espec\u00edficos<\/a><\/p>\n<p><a href=\"https:\/\/ppgenfermagemcptl.ufms.br\/files\/2025\/01\/Orientacoes-para-realizacao-da-Prova-de-Linguas-via-AVA.pdf\">Orienta\u00e7\u00f5es para realiza\u00e7\u00e3o da Prova de L\u00ednguas via AVA<\/a><\/p>\n<p><a href=\"https:\/\/ppgenfermagemcptl.ufms.br\/files\/2025\/01\/Edital-Resultado-preliminar-de-inscritos-2025.1.pdf\">Edital &#8211; Resultado preliminar de inscritos 2025.1<\/a><\/p>\n<p><a href=\"https:\/\/propp.ufms.br\/processo-seletivo-mestrado-2025-1-enfermagem-tres-lagoas\/\">Informa\u00e7\u00f5es espec\u00edficas do curso de mestrado em enfermagem de Tr\u00eas Lagoas<\/a><\/p>\n<p><a href=\"https:\/\/propp.ufms.br\/diretorias\/processo-seletivo-unificado-pos-graduacao-2025-1\/\">Edital Unificado<\/a><\/p>\n<p>&nbsp;<\/p>\n<p><span style=\"font-size: 14pt\"><strong>2024<\/strong><\/span><\/p>\n<p style=\"text-align: justify\"><a href=\"https:\/\/ppgenfermagemcptl.ufms.br\/files\/2024\/07\/Edital-26-PPG-ENF-Resultado-Final.pdf\">Edital 26 PPG ENF Resultado Final<\/a><\/p>\n<p style=\"text-align: justify\"><a href=\"https:\/\/ppgenfermagemcptl.ufms.br\/files\/2024\/07\/Edital-Resultado-Final-da-Analise-de-Curriculo-e-Recurso.pdf\">Edital &#8211; Resultado Final da An\u00e1lise de Curr\u00edculo e Recurso<\/a><\/p>\n<p style=\"text-align: justify\"><a href=\"https:\/\/ppgenfermagemcptl.ufms.br\/files\/2024\/07\/Edital-Resultado-Preliminar-da-Analise-de-Curriculo.pdf\">Edital Resultado Preliminar da An\u00e1lise de Curr\u00edculo<\/a><\/p>\n<p style=\"text-align: justify\"><a href=\"https:\/\/ppgenfermagemcptl.ufms.br\/files\/2024\/06\/Edital-Resultado-Final-da-Defesa-de-Pre-Projeto.pdf\">Edital Resultado Final da Defesa de Pr\u00e9-Projeto<\/a><\/p>\n<p style=\"text-align: justify\"><a href=\"https:\/\/ppgenfermagemcptl.ufms.br\/files\/2024\/06\/Edital-Resultado-Preliminar-da-Defesa-do-Pre-Projeto.pdf\">Edital &#8211; Resultado Preliminar da Defesa do Pr\u00e9-Projeto<\/a><\/p>\n<p style=\"text-align: justify\"><a href=\"https:\/\/ppgenfermagemcptl.ufms.br\/files\/2024\/06\/Resultado-Final-da-Analise-de-Pre-Projeto.pdf\">Resultado Final da An\u00e1lise de Pr\u00e9-Projeto<\/a><\/p>\n<p style=\"text-align: justify\"><a href=\"https:\/\/ppgenfermagemcptl.ufms.br\/files\/2024\/06\/Orientacoes_Etapa_de_Defesa_de_Projeto_17_06_final_assinado.pdf\">Orientacoes_Etapa_de_Defesa_de_Projeto_17_06_final_assinado<\/a><\/p>\n<p style=\"text-align: justify\"><a href=\"https:\/\/ppgenfermagemcptl.ufms.br\/files\/2024\/06\/Edital-Resultado-Preliminar-da-Analise-de-PreProjeto.pdf\">Edital &#8211; Resultado Preliminar da An\u00e1lise de Pr\u00e9Projeto<\/a><\/p>\n<p style=\"text-align: justify\"><a href=\"https:\/\/ppgenfermagemcptl.ufms.br\/files\/2024\/06\/Resultado-Final-da-Prova-de-Conhecimentos-Vagas-Remanescentes.pdf\">Resultado Final da Prova de Conhecimentos (Vagas Remanescentes)<\/a><\/p>\n<p style=\"text-align: justify\"><a href=\"https:\/\/ppgenfermagemcptl.ufms.br\/files\/2024\/06\/Edital-Resultado-Preliminar-da-Prova-de-Conhecimentos-Especificos.pdf\">Edital &#8211; Resultado Preliminar da Prova de Conhecimentos Espec\u00edficos<\/a><\/p>\n<p style=\"text-align: justify\"><a href=\"https:\/\/ppgenfermagemcptl.ufms.br\/files\/2024\/06\/GABARITO_-_PROVA_DE_CONHECIMENTOS_ESPECIFICOS__assinado.pdf\">GABARITO_-_PROVA_DE_CONHECIMENTOS_ESPECIFICOS__assinado<\/a><\/p>\n<p style=\"text-align: justify\"><a href=\"https:\/\/ppgenfermagemcptl.ufms.br\/files\/2024\/06\/Orientacoes_prova_de_conhecimentos_especificos_assinado.pdf\">Orientacoes_prova_de_conhecimentos_especificos<\/a><\/p>\n<p style=\"text-align: justify\"><a href=\"https:\/\/ppgenfermagemcptl.ufms.br\/files\/2024\/06\/ORIENTACOES-PARA-PROVA-DE-LINGUAS-Edital-Unificado-2024-2-MESTRADO-1.pdf\">ORIENTA\u00c7\u00d5ES PARA PROVA DE L\u00cdNGUAS Edital Unificado 2024-2 MESTRADO<\/a><\/p>\n<p style=\"text-align: justify\"><a href=\"https:\/\/ppgenfermagemcptl.ufms.br\/files\/2024\/06\/Resultado-preliminar-de-inscritos-2024.2-1.pdf\">Resultado preliminar de inscritos 2024.2 (vagas remanescentes)<\/a><\/p>\n<p style=\"text-align: justify\"><a href=\"https:\/\/ppgenfermagemcptl.ufms.br\/files\/2024\/05\/Processo-Seletivo-2024.2-Remanescentes.pdf\">Processo Seletivo 2024.2 (Vagas Remanescentes)<\/a><\/p>\n<p style=\"text-align: justify\"><a href=\"https:\/\/ppgenfermagemcptl.ufms.br\/processo-seletivo-2024-1\/\">Processo Seletivo 2024.1<\/a><\/p>\n<p>&nbsp;<\/p>\n<p><span style=\"font-size: 14pt\"><strong>2023<\/strong><\/span><\/p>\n<p style=\"text-align: justify\"><a href=\"https:\/\/ppgenfermagemcptl.ufms.br\/processo-seletivo-2023-1-vagas-remanescentes\/\">Processo Seletivo 2023.1 &#8211; Vagas Remanescentes<\/a><\/p>\n<p style=\"text-align: justify\"><a href=\"https:\/\/ppgenfermagemcptl.ufms.br\/processo-seletivo-2023-1\/\">Processo Seletivo 2023.1<\/a><\/p>\n<p>&nbsp;<\/p>\n<p><span style=\"font-size: 14pt\"><strong>2022<\/strong><\/span><\/p>\n<p style=\"text-align: justify\"><a href=\"https:\/\/ppgenfermagemcptl.ufms.br\/processo-seletivo-2022-2\/\">Processo Seletivo 2022.2 \u2013 Vagas Remanescentes<\/a><\/p>\n<p style=\"text-align: justify\"><a href=\"https:\/\/ppgenfermagemcptl.ufms.br\/processo-seletivo-2022\/\">Processo Seletivo 2022.1<\/a><\/p>\n<p>&nbsp;<\/p>\n<p><span style=\"font-size: 14pt\"><strong>2021<\/strong><\/span><\/p>\n<p style=\"text-align: justify\"><a href=\"https:\/\/ppgenfermagemcptl.ufms.br\/processo-seletivo-2021\/\">Processo Seletivo 2021.1<\/a><\/p>\n<p>&nbsp;<\/p>\n<p><span style=\"font-size: 14pt\"><strong>2020<\/strong><\/span><\/p>\n<p style=\"text-align: justify\"><a href=\"https:\/\/ppgenfermagemcptl.ufms.br\/processo-seletivo-2020-1\/\">Processo Seletivo 2020.1<\/a><\/p>\n<p>&nbsp;<\/p>\n<p><span style=\"font-size: 14pt\"><strong>2019<\/strong><\/span><\/p>\n<p style=\"text-align: justify\"><a href=\"https:\/\/ppgenfermagemcptl.ufms.br\/processo-seletivo\/\">Processo Seletivo 2019.1<\/a><\/p>\n<p style=\"text-align: justify\"><a href=\"https:\/\/ppgenfermagemcptl.ufms.br\/processo-seletivo-2019-2\/\">Processo Seletivo 2019.1 \u2013 Vagas Remanescentes<\/a><\/p>\n","protected":false},"excerpt":{"rendered":"<p>2026 Convoca\u00e7\u00e3o de Matr\u00edcula Homologa\u00e7\u00e3o do Resultado Final Orienta\u00e7\u00e3o Prova de L\u00ednguas Resultado Final Nota da An\u00e1lise de Curr\u00edculo e Pontua\u00e7\u00e3o Final Nota da An\u00e1lise de Curr\u00edculo e Pontua\u00e7\u00e3o Final Resultado Final das Avalia\u00e7\u00f5es Resultado Preliminar das Avalia\u00e7\u00f5es Orienta\u00e7\u00f5es da Defesa do Pr\u00e9 Projeto Gabarito Prova de Conhecimentos Espec\u00edficos Edital Resultado Final de Inscritos Informa\u00e7\u00f5es [&hellip;]<\/p>\n","protected":false},"author":24575,"featured_media":0,"parent":0,"menu_order":0,"comment_status":"closed","ping_status":"closed","template":"","meta":{"footnotes":""},"coauthors":[10],"class_list":["post-2164","page","type-page","status-publish","hentry"],"_links":{"self":[{"href":"https:\/\/ppgenfermagemcptl.ufms.br\/en\/wp-json\/wp\/v2\/pages\/2164","targetHints":{"allow":["GET"]}}],"collection":[{"href":"https:\/\/ppgenfermagemcptl.ufms.br\/en\/wp-json\/wp\/v2\/pages"}],"about":[{"href":"https:\/\/ppgenfermagemcptl.ufms.br\/en\/wp-json\/wp\/v2\/types\/page"}],"author":[{"embeddable":true,"href":"https:\/\/ppgenfermagemcptl.ufms.br\/en\/wp-json\/wp\/v2\/users\/24575"}],"replies":[{"embeddable":true,"href":"https:\/\/ppgenfermagemcptl.ufms.br\/en\/wp-json\/wp\/v2\/comments?post=2164"}],"version-history":[{"count":62,"href":"https:\/\/ppgenfermagemcptl.ufms.br\/en\/wp-json\/wp\/v2\/pages\/2164\/revisions"}],"predecessor-version":[{"id":2852,"href":"https:\/\/ppgenfermagemcptl.ufms.br\/en\/wp-json\/wp\/v2\/pages\/2164\/revisions\/2852"}],"wp:attachment":[{"href":"https:\/\/ppgenfermagemcptl.ufms.br\/en\/wp-json\/wp\/v2\/media?parent=2164"}],"wp:term":[{"taxonomy":"author","embeddable":true,"href":"https:\/\/ppgenfermagemcptl.ufms.br\/en\/wp-json\/wp\/v2\/coauthors?post=2164"}],"curies":[{"name":"wp","href":"https:\/\/api.w.org\/{rel}","templated":true}]}}