{"id":2153,"date":"2024-12-12T12:25:41","date_gmt":"2024-12-12T16:25:41","guid":{"rendered":"https:\/\/ppgenfermagemcptl.ufms.br\/?page_id=2153"},"modified":"2025-10-20T12:23:18","modified_gmt":"2025-10-20T16:23:18","slug":"docentes-2","status":"publish","type":"page","link":"https:\/\/ppgenfermagemcptl.ufms.br\/en\/docentes-2\/","title":{"rendered":"Credenciamento"},"content":{"rendered":"<p><span style=\"font-size: 24pt\">2024<\/span><\/p>\n<p style=\"text-align: justify\"><a href=\"https:\/\/drive.google.com\/file\/d\/1Zo83NQjQ8Gtz2WC6I_VKaAEpfCWYz32L\/view?usp=drivesdk\">Edital de Credenciamento de Docentes para o Quadro Permanente e Colaborador do Curso de P\u00f3s-Gradua\u00e7\u00e3o do Mestrado em Enfermagem do C\u00e2mpus de Tr\u00eas Lagoas UFMS<\/a><\/p>\n<p style=\"text-align: justify\"><a href=\"https:\/\/drive.google.com\/file\/d\/1e0f1uQsMU6f27Hc9s_2fpty2NwhUxl8i\/view?usp=drivesdk\">Resultado Preliminar &#8211; Credenciamento de Docentes\u00a0<\/a><\/p>\n<p><a href=\"https:\/\/boletimoficial.ufms.br\/bse\/publicacao?id=543801\">Resposta aos Recursos e Resultado Final &#8211; Credenciamento de Docentes<\/a><\/p>\n<p><span style=\"font-size: 24pt\">2025<\/span><\/p>\n<p><a href=\"https:\/\/ppgenfermagemcptl.ufms.br\/files\/2025\/09\/EDITAL-credenciamento-2025.pdf\">Edital de Credenciamento 2025<\/a><\/p>\n<p><a href=\"https:\/\/ppgenfermagemcptl.ufms.br\/files\/2025\/10\/Edital-Resultado-Preliminar-2025.pdf\">Edital Resultado Preliminar 2025<\/a><\/p>\n<p><a href=\"https:\/\/ppgenfermagemcptl.ufms.br\/files\/2025\/10\/EDITAL-credenciamento-resultado-final.pdf\">Edital Credenciamento Resultado Final<\/a><\/p>\n<p>&nbsp;<\/p>\n","protected":false},"excerpt":{"rendered":"<p>2024 Edital de Credenciamento de Docentes para o Quadro Permanente e Colaborador do Curso de P\u00f3s-Gradua\u00e7\u00e3o do Mestrado em Enfermagem do C\u00e2mpus de Tr\u00eas Lagoas UFMS Resultado Preliminar &#8211; Credenciamento de Docentes\u00a0 Resposta aos Recursos e Resultado Final &#8211; Credenciamento de Docentes 2025 Edital de Credenciamento 2025 Edital Resultado Preliminar 2025 Edital Credenciamento Resultado Final [&hellip;]<\/p>\n","protected":false},"author":23515,"featured_media":0,"parent":0,"menu_order":0,"comment_status":"closed","ping_status":"closed","template":"","meta":{"footnotes":""},"coauthors":[9],"class_list":["post-2153","page","type-page","status-publish","hentry"],"_links":{"self":[{"href":"https:\/\/ppgenfermagemcptl.ufms.br\/en\/wp-json\/wp\/v2\/pages\/2153","targetHints":{"allow":["GET"]}}],"collection":[{"href":"https:\/\/ppgenfermagemcptl.ufms.br\/en\/wp-json\/wp\/v2\/pages"}],"about":[{"href":"https:\/\/ppgenfermagemcptl.ufms.br\/en\/wp-json\/wp\/v2\/types\/page"}],"author":[{"embeddable":true,"href":"https:\/\/ppgenfermagemcptl.ufms.br\/en\/wp-json\/wp\/v2\/users\/23515"}],"replies":[{"embeddable":true,"href":"https:\/\/ppgenfermagemcptl.ufms.br\/en\/wp-json\/wp\/v2\/comments?post=2153"}],"version-history":[{"count":19,"href":"https:\/\/ppgenfermagemcptl.ufms.br\/en\/wp-json\/wp\/v2\/pages\/2153\/revisions"}],"predecessor-version":[{"id":2707,"href":"https:\/\/ppgenfermagemcptl.ufms.br\/en\/wp-json\/wp\/v2\/pages\/2153\/revisions\/2707"}],"wp:attachment":[{"href":"https:\/\/ppgenfermagemcptl.ufms.br\/en\/wp-json\/wp\/v2\/media?parent=2153"}],"wp:term":[{"taxonomy":"author","embeddable":true,"href":"https:\/\/ppgenfermagemcptl.ufms.br\/en\/wp-json\/wp\/v2\/coauthors?post=2153"}],"curies":[{"name":"wp","href":"https:\/\/api.w.org\/{rel}","templated":true}]}}