{"id":2088,"date":"2024-12-09T16:59:07","date_gmt":"2024-12-09T20:59:07","guid":{"rendered":"https:\/\/ppgenfermagemcptl.ufms.br\/?page_id=2088"},"modified":"2026-04-06T14:06:42","modified_gmt":"2026-04-06T18:06:42","slug":"normas-e-regulamentos-2","status":"publish","type":"page","link":"https:\/\/ppgenfermagemcptl.ufms.br\/en\/normas-e-regulamentos-2\/","title":{"rendered":"Normas e Regulamentos"},"content":{"rendered":"<a href=\"https:\/\/ppgenfermagemcptl.ufms.br\/files\/2023\/10\/Novo-Regulamento-RESOLUCAO__COPP__n_734__de_03_10_2023.pdf\">Regulamento \u2013 PPG Enfermagem CPTL<\/a><\/p>\n<p><a href=\"https:\/\/ppgenfermagemcptl.ufms.br\/files\/2022\/10\/Resoluc\u0327a\u0303o-COPP.pdf\">Regulamento Geral das P\u00f3s-Gradua\u00e7\u00f5es UFMS<\/a><\/p>\n<p><a href=\"https:\/\/ppgenfermagemcptl.ufms.br\/files\/2023\/07\/Regimento-Geral-da-Fundacao-Universidade-Federal.pdf\">Regimento Geral da Universidade Federal de Mato Grosso do Sul<\/a><\/p>\n<p><a href=\"https:\/\/ppgenfermagemcptl.ufms.br\/files\/2023\/07\/Regulamento-Disciplinar-do-Estudante.pdf\">Regulamento Disciplinar do Estudante<\/a><\/p>\n<p><a href=\"https:\/\/ppgenfermagemcptl.ufms.br\/files\/2025\/04\/Manual-Interno.pdf\">Manual Interno<\/a><\/p>\n<h1><\/h1>\n<h1 class=\"big_title\">Documentos e Formul\u00e1rios<\/h1>\n<hr \/>\n<p><a href=\"https:\/\/ppgenfermagemcptl.ufms.br\/files\/2020\/07\/322_ESTRUTURA_CURRICULAR_PPGENFERMAGEM.pdf\">Estrutura Curricular do Curso<\/a><\/p>\n<p><a href=\"https:\/\/ppgenfermagemcptl.ufms.br\/files\/2024\/02\/guia-versao-final.pdf\">Guia do Mestrando &#8211; Vers\u00e3o Final<\/a><\/p>\n<p><a href=\"https:\/\/ppgenfermagemcptl.ufms.br\/files\/2024\/05\/Modelo-de-Dissertacao-Word-Atualizado-1.docx\">Modelo de Disserta\u00e7\u00e3o Word &#8211; Atualizado<\/a><\/p>\n<p><a href=\"https:\/\/ppgenfermagemcptl.ufms.br\/files\/2024\/05\/Modelo-de-Dissertacao-PDF-Atualizado-1.pdf\">Modelo de Disserta\u00e7\u00e3o PDF &#8211; Atualizado<\/a><\/p>\n<p><a href=\"https:\/\/ppgenfermagemcptl.ufms.br\/files\/2020\/06\/Planejamento-est\u00e1gio-doc\u00eancia.docx\">Formul\u00e1rio &#8211; Planejamento Est\u00e1gio Doc\u00eancia<\/a><\/p>\n<p><a href=\"https:\/\/ppgenfermagemcptl.ufms.br\/files\/2020\/06\/Formul\u00e1rio-de-aceite.pdf\">Formul\u00e1rio &#8211; Aceite nas Disciplinas<\/a><\/p>\n<p><a href=\"https:\/\/ppgenfermagemcptl.ufms.br\/files\/2020\/08\/Modelo-Projeto-de-Pesquisa.pdf\">Modelo de Projeto de Pesquisa &#8211; Atualizado<\/a><\/p>\n<p><a href=\"https:\/\/ppgenfermagemcptl.ufms.br\/files\/2021\/09\/Tutorial_17___aluno_enviar_trabalho_pelo_Portal.pdf\">Tutorial &#8211; Submiss\u00e3o da Disserta\u00e7\u00e3o (POSGRAD)<\/a><\/p>\n<p>&nbsp;","protected":false},"excerpt":{"rendered":"<p>Regulamento \u2013 PPG Enfermagem CPTL Regulamento Geral das P\u00f3s-Gradua\u00e7\u00f5es UFMS Regimento Geral da Universidade Federal de Mato Grosso do Sul Regulamento Disciplinar do Estudante Manual Interno Documentos e Formul\u00e1rios Estrutura Curricular do Curso Guia do Mestrando &#8211; Vers\u00e3o Final Modelo de Disserta\u00e7\u00e3o Word &#8211; Atualizado Modelo de Disserta\u00e7\u00e3o PDF &#8211; Atualizado Formul\u00e1rio &#8211; Planejamento Est\u00e1gio [&hellip;]<\/p>\n","protected":false},"author":23515,"featured_media":0,"parent":0,"menu_order":0,"comment_status":"closed","ping_status":"closed","template":"","meta":{"footnotes":""},"coauthors":[9],"class_list":["post-2088","page","type-page","status-publish","hentry"],"_links":{"self":[{"href":"https:\/\/ppgenfermagemcptl.ufms.br\/en\/wp-json\/wp\/v2\/pages\/2088","targetHints":{"allow":["GET"]}}],"collection":[{"href":"https:\/\/ppgenfermagemcptl.ufms.br\/en\/wp-json\/wp\/v2\/pages"}],"about":[{"href":"https:\/\/ppgenfermagemcptl.ufms.br\/en\/wp-json\/wp\/v2\/types\/page"}],"author":[{"embeddable":true,"href":"https:\/\/ppgenfermagemcptl.ufms.br\/en\/wp-json\/wp\/v2\/users\/23515"}],"replies":[{"embeddable":true,"href":"https:\/\/ppgenfermagemcptl.ufms.br\/en\/wp-json\/wp\/v2\/comments?post=2088"}],"version-history":[{"count":11,"href":"https:\/\/ppgenfermagemcptl.ufms.br\/en\/wp-json\/wp\/v2\/pages\/2088\/revisions"}],"predecessor-version":[{"id":2944,"href":"https:\/\/ppgenfermagemcptl.ufms.br\/en\/wp-json\/wp\/v2\/pages\/2088\/revisions\/2944"}],"wp:attachment":[{"href":"https:\/\/ppgenfermagemcptl.ufms.br\/en\/wp-json\/wp\/v2\/media?parent=2088"}],"wp:term":[{"taxonomy":"author","embeddable":true,"href":"https:\/\/ppgenfermagemcptl.ufms.br\/en\/wp-json\/wp\/v2\/coauthors?post=2088"}],"curies":[{"name":"wp","href":"https:\/\/api.w.org\/{rel}","templated":true}]}}