{"id":181,"date":"2018-10-16T18:00:47","date_gmt":"2018-10-16T22:00:47","guid":{"rendered":"https:\/\/ppgenfermagemcptl.ufms.br\/?page_id=181"},"modified":"2025-01-20T12:30:09","modified_gmt":"2025-01-20T16:30:09","slug":"contato","status":"publish","type":"page","link":"https:\/\/ppgenfermagemcptl.ufms.br\/en\/contato\/","title":{"rendered":"Contato"},"content":{"rendered":"<p><strong><span style=\"font-size: 12pt\">Secretaria<\/span> de P\u00f3s-Gradua\u00e7\u00e3o UFMS\/CPTL<\/strong><\/p>\n<p>Av. Ranulpho Marques Leal, 3484.<\/p>\n<p>Cx Postal n\u00ba210.<\/p>\n<p>Distrito Industrial.\u00a0<b> <\/b>79613-000.<\/p>\n<p>Tr\u00eas Lagoas\/MS<\/p>\n<p>ppgenfermagem.cptl@ufms.br<\/p>\n<p>(67) 3509-3701<\/p>\n<p>&nbsp;<\/p>\n","protected":false},"excerpt":{"rendered":"<p>Secretaria de P\u00f3s-Gradua\u00e7\u00e3o UFMS\/CPTL Av. Ranulpho Marques Leal, 3484. Cx Postal n\u00ba210. Distrito Industrial.\u00a0 79613-000. Tr\u00eas Lagoas\/MS ppgenfermagem.cptl@ufms.br (67) 3509-3701 &nbsp;<\/p>\n","protected":false},"author":6722,"featured_media":0,"parent":0,"menu_order":0,"comment_status":"closed","ping_status":"closed","template":"","meta":{"footnotes":""},"coauthors":[],"class_list":["post-181","page","type-page","status-publish","hentry"],"_links":{"self":[{"href":"https:\/\/ppgenfermagemcptl.ufms.br\/en\/wp-json\/wp\/v2\/pages\/181","targetHints":{"allow":["GET"]}}],"collection":[{"href":"https:\/\/ppgenfermagemcptl.ufms.br\/en\/wp-json\/wp\/v2\/pages"}],"about":[{"href":"https:\/\/ppgenfermagemcptl.ufms.br\/en\/wp-json\/wp\/v2\/types\/page"}],"author":[{"embeddable":true,"href":"https:\/\/ppgenfermagemcptl.ufms.br\/en\/wp-json\/wp\/v2\/users\/6722"}],"replies":[{"embeddable":true,"href":"https:\/\/ppgenfermagemcptl.ufms.br\/en\/wp-json\/wp\/v2\/comments?post=181"}],"version-history":[{"count":8,"href":"https:\/\/ppgenfermagemcptl.ufms.br\/en\/wp-json\/wp\/v2\/pages\/181\/revisions"}],"predecessor-version":[{"id":2193,"href":"https:\/\/ppgenfermagemcptl.ufms.br\/en\/wp-json\/wp\/v2\/pages\/181\/revisions\/2193"}],"wp:attachment":[{"href":"https:\/\/ppgenfermagemcptl.ufms.br\/en\/wp-json\/wp\/v2\/media?parent=181"}],"wp:term":[{"taxonomy":"author","embeddable":true,"href":"https:\/\/ppgenfermagemcptl.ufms.br\/en\/wp-json\/wp\/v2\/coauthors?post=181"}],"curies":[{"name":"wp","href":"https:\/\/api.w.org\/{rel}","templated":true}]}}