{"id":165,"date":"2018-10-16T17:33:58","date_gmt":"2018-10-16T21:33:58","guid":{"rendered":"https:\/\/ppgenfermagemcptl.ufms.br\/?page_id=165"},"modified":"2026-01-23T13:21:33","modified_gmt":"2026-01-23T17:21:33","slug":"corpo-docente","status":"publish","type":"page","link":"https:\/\/ppgenfermagemcptl.ufms.br\/en\/corpo-docente\/","title":{"rendered":"Corpo Docente &#8211; Permanente"},"content":{"rendered":"<p>&nbsp;<\/p>\n<table style=\"height: 1540px;width: 100%;border-style: solid;border-color: #000000\">\n<tbody>\n<tr style=\"height: 68px\">\n<td style=\"width: 99.6675%;text-align: center;border-style: groove;border-color: #000000;height: 68px\" colspan=\"3\">\n<h5><span style=\"font-size: 12pt\"><span style=\"color: #000000\">Linha de Pesquisa:<\/span><b> Cuidado em Enfermagem e Sa\u00fade: An\u00e1lise da Pr\u00e1tica e Educa\u00e7\u00e3o<\/b><\/span><\/h5>\n<\/td>\n<\/tr>\n<tr style=\"height: 56px;border-color: #000000\">\n<td style=\"width: 39.3591%;text-align: center;border-style: groove;border-color: #000000;height: 56px\"><strong>Nome<\/strong><\/td>\n<td style=\"width: 28.6276%;text-align: center;border-style: groove;border-color: #000000;height: 56px\"><strong><span style=\"font-size: 10pt\">Contato<\/span><\/strong><\/td>\n<td style=\"width: 31.6808%;height: 56px;border-style: solid;border-color: #000000\">\n<p style=\"text-align: center\"><strong><span style=\"font-size: 10pt\">Tem\u00e1tica de interesse<\/span><\/strong><\/p>\n<\/td>\n<\/tr>\n<tr style=\"border-color: #0a0a0a\">\n<td style=\"width: 39.3591%;height: 24px;text-align: center;border-style: groove;border-color: #000000\">&nbsp;<\/p>\n<p><span style=\"font-size: 10pt\"><a href=\"http:\/\/lattes.cnpq.br\/9642170499819995\">Dr. Adriano Menis Ferreira<\/a><\/span><\/p>\n<p>&nbsp;<\/td>\n<td style=\"width: 28.6276%;height: 24px;text-align: center;border-style: groove;border-color: #000000\"><span style=\"font-size: 10pt\">e-mail: adriano.ferreira@ufms.br<\/span><\/td>\n<td style=\"width: 31.6808%;height: 24px;border-style: solid;border-color: #000000\">\n<p style=\"text-align: center\"><span style=\"font-weight: 400;font-size: 10pt\">Seguran\u00e7a do Paciente; Preven\u00e7\u00e3o e Controle de Infec\u00e7\u00f5es Relacionadas \u00e0 Assist\u00eancia \u00e0 Sa\u00fade; Feridas e Estomias.<\/span><\/p>\n<p style=\"text-align: center\">\n<\/td>\n<\/tr>\n<tr style=\"border-color: #0a0a0a\">\n<td style=\"width: 39.3591%;height: 24px;text-align: center;border-style: groove;border-color: #000000\">&nbsp;<\/p>\n<p><span style=\"font-size: 10pt\"><a href=\"http:\/\/lattes.cnpq.br\/5475908247737558\">Dr.\u00a0Aires Garcia dos Santos Junior<\/a><\/span><\/p>\n<p>&nbsp;<\/td>\n<td style=\"width: 28.6276%;height: 24px;text-align: center;border-style: groove;border-color: #000000\"><span style=\"font-size: 10pt\">e-mail: aires.junior@ufms.br<\/span><\/td>\n<td style=\"width: 31.6808%;height: 24px;border-style: solid;border-color: #000000\">\n<p style=\"text-align: center\"><span style=\"font-weight: 400;font-size: 10pt\">Biosseguran\u00e7a; Seguran\u00e7a do Paciente e Doen\u00e7as transmiss\u00edveis.<\/span><\/p>\n<\/td>\n<\/tr>\n<tr style=\"height: 72px\">\n<td style=\"width: 39.3591%;border-style: groove;border-color: #000000;text-align: center;height: 72px\"><span style=\"font-size: 10pt\"><a href=\"http:\/\/lattes.cnpq.br\/1294838166666259\"><span style=\"font-weight: 400\">Dra. Beatriz Maria Jorge<\/span><\/a><\/span><\/td>\n<td style=\"width: 28.6276%;border-style: groove;border-color: #000000;text-align: center;height: 72px\"><span style=\"font-size: 10pt\"><span style=\"font-weight: 400\">e-mail: beatriz_jorge@ufms.br<\/span><\/span><\/td>\n<td style=\"width: 31.6808%;border-style: solid;border-color: #000000;text-align: center;height: 72px\"><span style=\"font-weight: 400;font-size: 10pt\">Assist\u00eancia de Enfermagem nas Elimina\u00e7\u00f5es Urin\u00e1rias e Simula\u00e7\u00e3o em Enfermagem.<\/span><\/td>\n<\/tr>\n<tr style=\"height: 168px\">\n<td style=\"width: 39.3591%;border-style: groove;border-color: #000000;text-align: center;height: 168px\"><span style=\"font-weight: 400;font-size: 10pt\">\u00a0<\/span><\/p>\n<p><span style=\"font-size: 10pt\"><a href=\"http:\/\/lattes.cnpq.br\/5111708187304118\"><span style=\"font-weight: 400\">Dra. Fernanda Luciano Rodrigues<\/span><\/a><\/span><\/p>\n<p><span style=\"font-size: 10pt\"><span style=\"font-weight: 400\">\u00a0<\/span><\/span><\/td>\n<td style=\"width: 28.6276%;border-style: groove;border-color: #000000;text-align: center;height: 168px\"><span style=\"font-size: 10pt\"><span style=\"font-weight: 400\">e-mail: fernanda.luciano@ufms.br<\/span><\/span><\/td>\n<td style=\"width: 31.6808%;border-style: solid;border-color: #000000;text-align: center;height: 168px\"><span style=\"font-size: 10pt\"><span style=\"font-weight: 400\">Papel do Sistema Imune da Fisiopatologia de Doen\u00e7as Cr\u00f4nicas, com \u00canfase em Doen\u00e7as Cardiovasculares Prim\u00e1rias (ex: Hipertens\u00e3o, Insufici\u00eancia Card\u00edaca) ou secund\u00e1rias \u00e0 Doen\u00e7as Neurodegenerativas, Gen\u00e9ticas e Transtornos Psiqui\u00e1tricos.<\/span><span style=\"font-weight: 400\"><br \/>\n<\/span><\/span><\/td>\n<\/tr>\n<tr style=\"border-style: solid\">\n<td style=\"width: 39.3591%;text-align: center;border-style: groove;border-color: #000000;height: 24px\">&nbsp;<\/p>\n<p><span style=\"font-size: 10pt\"><a href=\"http:\/\/lattes.cnpq.br\/4426189382163069\">Dra. Larissa da Silva Barcelos<\/a><\/span><\/p>\n<p>&nbsp;<\/td>\n<td style=\"width: 28.6276%;text-align: center;border-style: groove;border-color: #000000;height: 24px\"><span style=\"font-size: 10pt\">e-mail: larissa.barcelos@ufms.br<\/span><\/td>\n<td style=\"width: 31.6808%;border-style: groove;border-color: #000000;height: 24px\"><span style=\"font-size: 10pt\"><span style=\"font-weight: 400\">\u00c9tica e Legisla\u00e7\u00e3o em Enfermagem; Gerenciamento Aplicado a Enfermagem Hospitalar; Preven\u00e7\u00e3o e Controle de Infec\u00e7\u00e3o em Servi\u00e7os de Sa\u00fade.<\/span><\/span><\/td>\n<\/tr>\n<tr style=\"border-color: #000000\">\n<td style=\"width: 39.3591%;text-align: center;border-style: groove;border-color: #000000;height: 24px\">&nbsp;<\/p>\n<p><span style=\"font-size: 10pt\"><a href=\"http:\/\/lattes.cnpq.br\/1283460783141624\">Dra. Mariana Alvina dos Santos<\/a><\/span><\/p>\n<p>&nbsp;<\/td>\n<td style=\"width: 28.6276%;text-align: center;border-style: groove;border-color: #000000;height: 24px\"><span style=\"font-size: 10pt\">e-mail: mariana.alvina@ufms.br<\/span><\/td>\n<td style=\"width: 31.6808%;border-style: solid;border-color: #000000;height: 24px;text-align: center\"><span style=\"font-size: 10pt\"><span style=\"font-weight: 400\">Qualidade de vida, Avalia\u00e7\u00e3o do sono, Cuidado ao adulto com doen\u00e7a cr\u00f4nica.<\/span><\/span><\/td>\n<\/tr>\n<tr style=\"height: 120px\">\n<td style=\"text-align: center;border-style: groove;border-color: #000000;width: 39.3591%;height: 120px\"><span style=\"font-size: 10pt\"><a href=\"http:\/\/lattes.cnpq.br\/9755696038070229\"><span style=\"font-weight: 400\">Dra. Bianca Machado Cruz Shibukawa<\/span><\/a><\/span><\/td>\n<td style=\"text-align: center;border-style: groove;border-color: #000000;width: 28.6276%;height: 120px\"><span style=\"font-weight: 400;font-size: 10pt\">e-mail: bianca.shibukawa@ufms.br<\/span><\/td>\n<td style=\"text-align: center;border-style: groove;border-color: #000000;width: 31.6808%;height: 120px\"><span style=\"font-weight: 400;font-size: 10pt\">Assist\u00eancia \u00e0 sa\u00fade da mulher com foco no ciclo grav\u00eddico-puerperal; Cuidado de enfermagem ao neonato, crian\u00e7a, adolescente e suas fam\u00edlias.<\/span><\/td>\n<\/tr>\n<tr style=\"height: 24px\">\n<td style=\"text-align: center;border-style: groove;border-color: #000000;height: 24px;width: 99.6675%\" colspan=\"3\">\n<h5><span style=\"font-size: 12pt;color: #000000\">Linha de Pesquisa:\u00a0Sa\u00fade Coletiva: Saberes, Pol\u00edticas e Pr\u00e1ticas na Enfermagem e Sa\u00fade<\/span><\/h5>\n<\/td>\n<\/tr>\n<tr style=\"height: 24px\">\n<td style=\"width: 39.3591%;text-align: center;border-style: groove;border-color: #000000;height: 24px\">&nbsp;<\/p>\n<p><span style=\"font-size: 10pt\"><a href=\"http:\/\/lattes.cnpq.br\/3385433655310047\">Dra.\u00a0Bruna Moretti Luchesi<\/a><\/span><\/p>\n<p>&nbsp;<\/td>\n<td style=\"width: 28.6276%;text-align: center;border-style: groove;border-color: #000000;height: 24px\"><span style=\"font-size: 10pt\">e-mail: bruna.luchesi@ufms.br<\/span><\/td>\n<td style=\"width: 31.6808%;text-align: center;border-style: groove;border-color: #000000;height: 24px\"><span style=\"font-size: 10pt\"><span style=\"font-weight: 400\">Aten\u00e7\u00e3o \u00e0 Sa\u00fade do Idoso, Enfermagem gerontol\u00f3gica, Cogni\u00e7\u00e3o e envelhecimento, Cuidador de idosos.<\/span><\/span><\/td>\n<\/tr>\n<tr style=\"height: 240px\">\n<td style=\"width: 39.3591%;text-align: center;border-style: groove;border-color: #000000;height: 240px\"><span style=\"font-size: 10pt\"><a href=\"https:\/\/lattes.cnpq.br\/8406176403852686\"><span style=\"font-weight: 400\">Dra. Catchia Hermes Uliana<\/span><\/a><\/span><\/td>\n<td style=\"width: 28.6276%;text-align: center;border-style: groove;border-color: #000000;height: 240px\"><span style=\"font-weight: 400;font-size: 10pt\">e-mail: catchia.hermes@ufms.br<\/span><\/td>\n<td style=\"width: 31.6808%;text-align: center;border-style: groove;border-color: #000000;height: 240px\"><span style=\"font-weight: 400;font-size: 10pt\">Inerva\u00e7\u00e3o ent\u00e9rica, estresse oxidativo e uso de subst\u00e2ncias com a\u00e7\u00e3o antioxidante. Desordens inflamat\u00f3rias e autoimunes, como artrite reumatoide. Doen\u00e7as infecciosas, como toxoplasmose, diabetes mellitus e outras condi\u00e7\u00f5es associadas a processos neurodegenerativos.<\/span><\/td>\n<\/tr>\n<tr style=\"height: 24px\">\n<td style=\"width: 39.3591%;text-align: center;border-style: groove;border-color: #000000;height: 24px\">&nbsp;<\/p>\n<p><span style=\"font-size: 10pt\"><a href=\"http:\/\/lattes.cnpq.br\/4864278282816390\">Dr. Edirlei Machado dos Santos<\/a><\/span><\/p>\n<p>&nbsp;<\/td>\n<td style=\"width: 28.6276%;text-align: center;border-style: groove;border-color: #000000;height: 24px\"><span style=\"font-size: 10pt\">e-mail: edirlei.machado@ufms.br<\/span><\/td>\n<td style=\"width: 31.6808%;text-align: center;border-style: groove;border-color: #000000;height: 24px\"><span style=\"font-size: 10pt\">Pol\u00edticas de Sa\u00fade e Cuidado em Sa\u00fade Mental; Pol\u00edticas de Sa\u00fade e Cuidado na Sa\u00fade dos Homens; Aten\u00e7\u00e3o Domiciliar no \u00e2mbito do Sistema \u00danico de Sa\u00fade; Doen\u00e7a End\u00eamica \u2013 Hansen\u00edase: programa de sa\u00fade, organiza\u00e7\u00e3o de servi\u00e7os e pr\u00e1ticas de cuidado.<\/span><\/td>\n<\/tr>\n<tr style=\"height: 24px\">\n<td style=\"width: 39.3591%;text-align: center;border-style: groove;border-color: #000000;height: 24px\">&nbsp;<\/p>\n<p><span style=\"font-size: 10pt\"><a href=\"http:\/\/lattes.cnpq.br\/7999047569432181\">Dr. \u00c9dis Belini J\u00fanior<\/a><\/span><\/p>\n<p>&nbsp;<\/td>\n<td style=\"width: 28.6276%;text-align: center;border-style: groove;border-color: #000000;height: 24px\"><span style=\"font-size: 10pt\">e-mail: belini.junior@ufms.br<\/span><\/td>\n<td style=\"width: 31.6808%;text-align: center;border-style: groove;border-color: #000000;height: 24px\"><span style=\"font-size: 10pt\"><span style=\"font-weight: 400\">Desenvolvimento de tecnologias de diagn\u00f3stico para as hemoglobinopatias; Epidemiologia e cuidados paliativos nas anemias carenciais e heredit\u00e1rias; Aspectos gen\u00e9ticos, bioqu\u00edmicos e epidemiol\u00f3gicos da Doen\u00e7a falciforme e outras hemoglobinopatias; Associa\u00e7\u00e3o de marcadores gen\u00e9ticos com doen\u00e7as humanas (predisposi\u00e7\u00e3o, diagn\u00f3stico e resposta farmacol\u00f3gica individualizada).<\/span><\/span><\/td>\n<\/tr>\n<tr style=\"height: 120px\">\n<td style=\"width: 39.3591%;text-align: center;border-style: groove;border-color: #000000;height: 120px\"><span style=\"font-size: 10pt\"><a href=\"http:\/\/lattes.cnpq.br\/1864434082084936\"><span style=\"font-weight: 400\">Dra. Hellen Pollyanna Mantelo Cecilio<\/span><\/a><\/span><\/td>\n<td style=\"width: 28.6276%;text-align: center;border-style: groove;border-color: #000000;height: 120px\"><span style=\"font-weight: 400;font-size: 10pt\">e-mail: hellen.cecilio@ufms.br<\/span><\/td>\n<td style=\"width: 31.6808%;text-align: center;border-style: groove;border-color: #000000;height: 120px\"><span style=\"font-size: 10pt\"><span style=\"font-weight: 400\">Sa\u00fade Coletiva, Sa\u00fade P\u00fablica, Aten\u00e7\u00e3o Prim\u00e1ria \u00e0 Sa\u00fade, HIV\/aids, Qualidade de Vida, Perspectiva Temporal e Representa\u00e7\u00f5es Sociais.<\/span><br \/>\n<\/span><\/td>\n<\/tr>\n<tr style=\"height: 136px\">\n<td style=\"width: 39.3591%;text-align: center;border-style: groove;border-color: #000000;height: 136px\">&nbsp;<\/p>\n<p><span style=\"font-size: 10pt\"><a href=\"http:\/\/lattes.cnpq.br\/4043784563120025\" target=\"_blank\" rel=\"noopener noreferrer\">Dra.\u00a0Juliana Dias Reis Pessalacia<\/a><\/span><\/p>\n<p>&nbsp;<\/td>\n<td style=\"width: 28.6276%;text-align: center;border-style: groove;border-color: #000000;height: 136px\"><span style=\"font-size: 10pt\">e-mail: juliana.pessalacia@ufms.br<\/span><\/td>\n<td style=\"width: 31.6808%;text-align: center;border-style: groove;border-color: #000000;height: 136px\"><span style=\"font-size: 10pt\"><span style=\"font-weight: 400\">Cuidados Paliativos na Aten\u00e7\u00e3o Prim\u00e1ria \u00e0 Sa\u00fade; \u00c9tica, Bio\u00e9tica e Sa\u00fade Coletiva; Redes de aten\u00e7\u00e3o \u00e0 sa\u00fade; metodologias ativas de ensino.<\/span><\/span><\/td>\n<\/tr>\n<tr style=\"height: 136px\">\n<td style=\"width: 39.3591%;text-align: center;border-style: groove;border-color: #000000;height: 136px\">&nbsp;<\/p>\n<p><span style=\"font-size: 10pt\"><a href=\"http:\/\/lattes.cnpq.br\/1142005171888107\">Dra. Mara Cristina Ribeiro Furlan<\/a><\/span><\/p>\n<p>&nbsp;<\/td>\n<td style=\"width: 28.6276%;text-align: center;border-style: groove;border-color: #000000;height: 136px\"><span style=\"font-size: 10pt\">e-mail: mara.furlan@ufms.br<\/span><\/td>\n<td style=\"width: 31.6808%;text-align: center;border-style: groove;border-color: #000000;height: 136px\"><span style=\"font-size: 10pt\">Sa\u00fade da mulher, sa\u00fade mental durante e ap\u00f3s a gesta\u00e7\u00e3o, dignidade menstrual, valida\u00e7\u00e3o de instrumentos, amamenta\u00e7\u00e3o, morbimortalidade materna, sa\u00fade sexual e reprodutiva\u00a0<\/span><\/td>\n<\/tr>\n<tr>\n<td style=\"width: 39.3591%;text-align: center;border-style: groove;border-color: #000000\"><span style=\"font-size: 10pt\"><a href=\"http:\/\/lattes.cnpq.br\/9247403670441395\">Dr\u00aa Mara Ambrosina de Oliveira Vargas<\/a><\/span><\/td>\n<td style=\"width: 28.6276%;text-align: center;border-style: groove;border-color: #000000\"><span style=\"font-size: 10pt\">e-mail: ambrosina.mara@ufsc.br<\/span><\/td>\n<td style=\"width: 31.6808%;text-align: center;border-style: groove;border-color: #000000\"><span style=\"font-size: 10pt\"><span style=\"font-weight: 400\">\u00c9tica e bio\u00e9tica, pol\u00edticas p\u00fablicas em sa\u00fade, advocacia em sa\u00fade, direitos humanos, viol\u00eancia institucional, laboral e estrutural, viol\u00eancia obst\u00e9trica, enfermagem forense, sa\u00fade do trabalhador, interna\u00e7\u00e3o por ordem judicial, judicializa\u00e7\u00e3o da sa\u00fade, enfermagem em terapia intensiva &#8211; adulto, tecnologias de enfermagem, tecnobiomedicina; Foucault e Pesquisa P\u00f3s-Estruturalista.<\/span><\/span><\/td>\n<\/tr>\n<tr style=\"height: 24px\">\n<td style=\"width: 99.6675%;text-align: center;border-style: groove;border-color: #000000;height: 24px\" colspan=\"3\"><strong>Docentes Colaboradores<\/strong><\/td>\n<\/tr>\n<tr style=\"height: 24px\">\n<td style=\"width: 39.3591%;text-align: center;border-style: groove;border-color: #000000;height: 24px\"><span style=\"font-size: 10pt\"><a href=\"http:\/\/lattes.cnpq.br\/6012491518383308\"><span style=\"font-weight: 400\">Dra. Patricia Moita Garcia Kawakame<\/span><\/a><\/span><\/td>\n<td style=\"width: 28.6276%;text-align: center;border-style: groove;border-color: #000000;height: 24px\"><span style=\"font-size: 10pt\">e-mail: patricia.kawakame@ufms.br<\/span><\/td>\n<td style=\"width: 31.6808%;text-align: center;border-style: groove;border-color: #000000;height: 24px\"><span style=\"font-size: 10pt\"><span style=\"font-weight: 400\">Pol\u00edticas de Sa\u00fade; Gest\u00e3o em Sa\u00fade na APS; Qualidade de Vida; Pr\u00e1ticas de Sa\u00fade nos diferentes n\u00edveis de aten\u00e7\u00e3o a sa\u00fade; Pr\u00e1ticas Avan\u00e7adas de Enfermagem (PAE) e Pol\u00edticas de Sa\u00fade na Aten\u00e7\u00e3o Prim\u00e1ria.\u00a0<\/span><\/span><\/td>\n<\/tr>\n<tr>\n<td style=\"width: 39.3591%;text-align: center;border-style: groove;border-color: #000000\"><span style=\"font-size: 10pt\"><a href=\"http:\/\/lattes.cnpq.br\/1255771708736991\">Dr\u00ba Alvaro Francisco Lopes de Sousa<\/a><br \/>\n<\/span><\/td>\n<td style=\"width: 28.6276%;text-align: center;border-style: groove;border-color: #000000\"><span style=\"font-size: 10pt\">e-mail: sousa.alvaromd@gmail.com<\/span><\/td>\n<td style=\"width: 31.6808%;text-align: center;border-style: groove;border-color: #000000\"><span style=\"font-size: 10pt\"><span style=\"font-weight: 400\">Sa\u00fade global e doen\u00e7as infecciosas, especialmente: Preven\u00e7\u00e3o e controle de infec\u00e7\u00f5es relacionadas \u00e0 assist\u00eancia \u00e0 sa\u00fade; Infec\u00e7\u00f5es sexualmente transmiss\u00edveis e vulnerabilidades em popula\u00e7\u00f5es-chave; educa\u00e7\u00e3o em sa\u00fade voltadas \u00e0s doen\u00e7as infecciosas; uso de tecnologias e sa\u00fade digital no enfrentamento de emerg\u00eancias em doen\u00e7as infecciosas; epidemiologia quantitativa, modelagem espa\u00e7o-temporal e an\u00e1lise de desfechos em doen\u00e7as infecciosas.\u00a0<\/span><\/span><\/td>\n<\/tr>\n<\/tbody>\n<\/table>\n<p>&nbsp;<\/p>\n","protected":false},"excerpt":{"rendered":"<p>&nbsp; Linha de Pesquisa: Cuidado em Enfermagem e Sa\u00fade: An\u00e1lise da Pr\u00e1tica e Educa\u00e7\u00e3o Nome Contato Tem\u00e1tica de interesse &nbsp; Dr. Adriano Menis Ferreira &nbsp; e-mail: adriano.ferreira@ufms.br Seguran\u00e7a do Paciente; Preven\u00e7\u00e3o e Controle de Infec\u00e7\u00f5es Relacionadas \u00e0 Assist\u00eancia \u00e0 Sa\u00fade; Feridas e Estomias. &nbsp; Dr.\u00a0Aires Garcia dos Santos Junior &nbsp; e-mail: aires.junior@ufms.br Biosseguran\u00e7a; Seguran\u00e7a do [&hellip;]<\/p>\n","protected":false},"author":6722,"featured_media":0,"parent":0,"menu_order":0,"comment_status":"closed","ping_status":"closed","template":"","meta":{"footnotes":""},"coauthors":[8],"class_list":["post-165","page","type-page","status-publish","hentry"],"_links":{"self":[{"href":"https:\/\/ppgenfermagemcptl.ufms.br\/en\/wp-json\/wp\/v2\/pages\/165","targetHints":{"allow":["GET"]}}],"collection":[{"href":"https:\/\/ppgenfermagemcptl.ufms.br\/en\/wp-json\/wp\/v2\/pages"}],"about":[{"href":"https:\/\/ppgenfermagemcptl.ufms.br\/en\/wp-json\/wp\/v2\/types\/page"}],"author":[{"embeddable":true,"href":"https:\/\/ppgenfermagemcptl.ufms.br\/en\/wp-json\/wp\/v2\/users\/6722"}],"replies":[{"embeddable":true,"href":"https:\/\/ppgenfermagemcptl.ufms.br\/en\/wp-json\/wp\/v2\/comments?post=165"}],"version-history":[{"count":37,"href":"https:\/\/ppgenfermagemcptl.ufms.br\/en\/wp-json\/wp\/v2\/pages\/165\/revisions"}],"predecessor-version":[{"id":2794,"href":"https:\/\/ppgenfermagemcptl.ufms.br\/en\/wp-json\/wp\/v2\/pages\/165\/revisions\/2794"}],"wp:attachment":[{"href":"https:\/\/ppgenfermagemcptl.ufms.br\/en\/wp-json\/wp\/v2\/media?parent=165"}],"wp:term":[{"taxonomy":"author","embeddable":true,"href":"https:\/\/ppgenfermagemcptl.ufms.br\/en\/wp-json\/wp\/v2\/coauthors?post=165"}],"curies":[{"name":"wp","href":"https:\/\/api.w.org\/{rel}","templated":true}]}}