{"id":1575,"date":"2023-10-27T17:13:41","date_gmt":"2023-10-27T21:13:41","guid":{"rendered":"https:\/\/ppgenfermagemcptl.ufms.br\/?page_id=1575"},"modified":"2025-03-07T13:41:18","modified_gmt":"2025-03-07T17:41:18","slug":"candidatos-estrangeiros","status":"publish","type":"page","link":"https:\/\/ppgenfermagemcptl.ufms.br\/en\/candidatos-estrangeiros\/","title":{"rendered":"Candidatos Estrangeiros"},"content":{"rendered":"<p><a href=\"https:\/\/ppgenfermagemcptl.ufms.br\/files\/2025\/03\/Resultado-Final-Candidato-Estrangeiro-2025.1.pdf\">Resultado Final Candidato Estrangeiro 2025.1<\/a><\/p>\n<p><a href=\"https:\/\/ppgenfermagemcptl.ufms.br\/files\/2024\/04\/2024-EDITAL-FLUXO-CONTINUO-CANDIDATOS-ESTRANGEIROS.pdf\">2024 EDITAL FLUXO CONT\u00cdNUO CANDIDATOS ESTRANGEIROS<\/a><\/p>\n<p><a href=\"https:\/\/ppgenfermagemcptl.ufms.br\/files\/2024\/03\/Comissao-Candidato-Estrangeiro-2024.pdf\">Comiss\u00e3o Candidato Estrangeiro 2024<\/a><\/p>\n<p><a href=\"https:\/\/ppgenfermagemcptl.ufms.br\/files\/2023\/10\/EDITAL-CANDIDATOS-ESTRANGEIROS-FLUXO-CONTINUO.pdf\">Edital Candidatos Estrangeiros \u2013 Fluxo Cont\u00ednuo (Portugu\u00eas)<\/a><\/p>\n<p><a href=\"https:\/\/ppgenfermagemcptl.ufms.br\/files\/2023\/10\/1.-Espanhol-EDITAL-ESPANHOL-FLUXO-CONTINUO-FINAL_compressed.pdf\">Edital Candidatos Estrangeiros \u2013 Fluxo Cont\u00ednuo (Espanhol)<\/a><\/p>\n<p><a href=\"https:\/\/ppgenfermagemcptl.ufms.br\/files\/2023\/10\/1.-Ingles-EDITAL-INGLES-FLUXO-CONTINUO-FINAL_compressed.pdf\">Edital Candidatos Estrangeiros \u2013 Fluxo Cont\u00ednuo (Ingl\u00eas)<\/a><\/p>\n<p><a href=\"https:\/\/ppgenfermagemcptl.ufms.br\/files\/2023\/10\/Resultado-final-mes-Abril-de-2024.pdf\">Resultado \u2013 Inscri\u00e7\u00f5es Deferidas\/Indeferidas \u2013 Mar\u00e7o<\/a><\/p>\n<p><a href=\"https:\/\/ppgenfermagemcptl.ufms.br\/files\/2023\/10\/Resultado-final-mes-de-Agosto-2024.pdf\">Resultado \u2013 Inscri\u00e7\u00f5es Deferidas\/Indeferidas \u2013 Julho<\/a><\/p>\n<p><a href=\"https:\/\/ppgenfermagemcptl.ufms.br\/files\/2023\/10\/Resultado-parcial-mes-de-Outubro-2024.pdf\">Resultado \u2013 Inscri\u00e7\u00f5es Deferidas\/Indeferidas \u2013 Agosto e Setembro<\/a><\/p>\n<p><a href=\"https:\/\/ppgenfermagemcptl.ufms.br\/files\/2023\/10\/SEI_UFMS-4412974-Edital.pdf\">Resultado \u2013 Resultado dos Recursos e o Resultado Final dos Candidatos inscritos \u2013 Outubro<\/a><\/p>\n<p><a href=\"https:\/\/ppgenfermagemcptl.ufms.br\/files\/2023\/10\/EDITAL-DE-REFICACAO-No-23-DE-26-DE-OUTUBRO-DE-2023.pdf\">Retifica\u00e7\u00e3o &#8211; Resultado dos Recursos e o Resultado Final dos Candidatos inscritos \u2013 Outubro<\/a><\/p>\n<p><a href=\"https:\/\/ppgenfermagemcptl.ufms.br\/files\/2023\/11\/EDITAL-PPG-ENF-CPTL-n-26-de-09-11-2023.pdf\">Resultado dos Recursos e o Resultado Final da Etapa de avalia\u00e7\u00e3o de m\u00e9rito<\/a><\/p>\n<p><a href=\"https:\/\/ppgenfermagemcptl.ufms.br\/files\/2023\/11\/EDITAL-PPG-ENF-CPTL-n-27-de-09-11-2023.pdf\">Resultado Final da Sele\u00e7\u00e3o agosto e setembro\u00a0<\/a><\/p>\n","protected":false},"excerpt":{"rendered":"<p>Resultado Final Candidato Estrangeiro 2025.1 2024 EDITAL FLUXO CONT\u00cdNUO CANDIDATOS ESTRANGEIROS Comiss\u00e3o Candidato Estrangeiro 2024 Edital Candidatos Estrangeiros \u2013 Fluxo Cont\u00ednuo (Portugu\u00eas) Edital Candidatos Estrangeiros \u2013 Fluxo Cont\u00ednuo (Espanhol) Edital Candidatos Estrangeiros \u2013 Fluxo Cont\u00ednuo (Ingl\u00eas) Resultado \u2013 Inscri\u00e7\u00f5es Deferidas\/Indeferidas \u2013 Mar\u00e7o Resultado \u2013 Inscri\u00e7\u00f5es Deferidas\/Indeferidas \u2013 Julho Resultado \u2013 Inscri\u00e7\u00f5es Deferidas\/Indeferidas \u2013 Agosto e [&hellip;]<\/p>\n","protected":false},"author":6722,"featured_media":0,"parent":0,"menu_order":0,"comment_status":"closed","ping_status":"closed","template":"","meta":{"footnotes":""},"coauthors":[],"class_list":["post-1575","page","type-page","status-publish","hentry"],"_links":{"self":[{"href":"https:\/\/ppgenfermagemcptl.ufms.br\/en\/wp-json\/wp\/v2\/pages\/1575","targetHints":{"allow":["GET"]}}],"collection":[{"href":"https:\/\/ppgenfermagemcptl.ufms.br\/en\/wp-json\/wp\/v2\/pages"}],"about":[{"href":"https:\/\/ppgenfermagemcptl.ufms.br\/en\/wp-json\/wp\/v2\/types\/page"}],"author":[{"embeddable":true,"href":"https:\/\/ppgenfermagemcptl.ufms.br\/en\/wp-json\/wp\/v2\/users\/6722"}],"replies":[{"embeddable":true,"href":"https:\/\/ppgenfermagemcptl.ufms.br\/en\/wp-json\/wp\/v2\/comments?post=1575"}],"version-history":[{"count":11,"href":"https:\/\/ppgenfermagemcptl.ufms.br\/en\/wp-json\/wp\/v2\/pages\/1575\/revisions"}],"predecessor-version":[{"id":2297,"href":"https:\/\/ppgenfermagemcptl.ufms.br\/en\/wp-json\/wp\/v2\/pages\/1575\/revisions\/2297"}],"wp:attachment":[{"href":"https:\/\/ppgenfermagemcptl.ufms.br\/en\/wp-json\/wp\/v2\/media?parent=1575"}],"wp:term":[{"taxonomy":"author","embeddable":true,"href":"https:\/\/ppgenfermagemcptl.ufms.br\/en\/wp-json\/wp\/v2\/coauthors?post=1575"}],"curies":[{"name":"wp","href":"https:\/\/api.w.org\/{rel}","templated":true}]}}