{"id":1543,"date":"2023-10-17T08:04:39","date_gmt":"2023-10-17T12:04:39","guid":{"rendered":"https:\/\/ppgenfermagemcptl.ufms.br\/?page_id=1543"},"modified":"2025-03-06T08:29:11","modified_gmt":"2025-03-06T12:29:11","slug":"avaliacao-e-planejamento","status":"publish","type":"page","link":"https:\/\/ppgenfermagemcptl.ufms.br\/en\/avaliacao-e-planejamento\/","title":{"rendered":"Avalia\u00e7\u00e3o e Planejamento"},"content":{"rendered":"<p><a href=\"https:\/\/ppgenfermagemcptl.ufms.br\/files\/2025\/03\/Planejamento-Estrategico-2025-2028-1.pdf\">Planejamento Estrat\u00e9gico 2025-2028<\/a><\/p>\n<p><a href=\"https:\/\/ppgenfermagemcptl.ufms.br\/files\/2023\/12\/PORTARIA-482-de-23-11-2023.pdf\">Comiss\u00e3o de Autoavalia\u00e7\u00e3o Interna e Acompanhamento do Egresso<\/a><\/p>\n<p><a href=\"https:\/\/ppgenfermagemcptl.ufms.br\/files\/2025\/02\/Plano-de-Autoavaliacao-do-Mestrado-1.pdf\">Plano de Autoavalia\u00e7\u00e3o do Mestrado<\/a><\/p>\n<p><a href=\"https:\/\/ppgenfermagemcptl.ufms.br\/files\/2023\/10\/Atualizado-PDU-2020-a-2024-CPTL.pdf\">Plano de Desenvolvimento da Unidade &#8211; 2020 a 2024<\/a><\/p>\n<p><a href=\"https:\/\/ppgenfermagemcptl.ufms.br\/files\/2024\/05\/Formulario-de-Acompanhamento-do-Egresso.pdf\">Formul\u00e1rio de Acompanhamento do Egresso<\/a><\/p>\n<p><a href=\"https:\/\/ppgenfermagemcptl.ufms.br\/files\/2024\/05\/Formulario-de-Autoavaliacao-docente-discente-e-tecnicos.pdf\">Formul\u00e1rio de Autoavalia\u00e7\u00e3o (docente, discente e t\u00e9cnicos)<\/a><\/p>\n<p><a href=\"https:\/\/ppgenfermagemcptl.ufms.br\/files\/2025\/01\/Acompanhamento-egressos.pdf\">Acompanhamento do Egresso 2024<\/a><\/p>\n<p><a href=\"https:\/\/ppgenfermagemcptl.ufms.br\/files\/2025\/01\/Relatorio-de-Autoavaliacao-2024.pdf\">Relat\u00f3rio de Autoavalia\u00e7\u00e3o Setorial 2024<\/a><\/p>\n<p><a href=\"https:\/\/ppgenfermagemcptl.ufms.br\/files\/2024\/05\/Relatorio-de-Autoavaliacao-Setorial-2023-CPTL.pdf\">Relato\u0301rio de Autoavaliac\u0327a\u0303o Setorial 2023 <\/a><\/p>\n<p><a href=\"https:\/\/ppgenfermagemcptl.ufms.br\/files\/2023\/10\/Relatorio-final-CPTL-2022-V2.pdf\">Relat\u00f3rio de Autoavalia\u00e7\u00e3o Setorial 2022<\/a><\/p>\n<p><a href=\"https:\/\/ppgenfermagemcptl.ufms.br\/files\/2023\/10\/Relatorio-final-CSA-CPTL-2021-2.pdf\">Relat\u00f3rio de Autoavalia\u00e7\u00e3o Setorial 2021<\/a><\/p>\n<p><a title=\"Imagens Semin\u00e1rio de Autoavalia\u00e7\u00e3o do PPG (etapa interna e externa)\" href=\"https:\/\/ppgenfermagemcptl.ufms.br\/files\/2025\/02\/Seminario-de-Autoavaliacao.pdf\">Imagens Semin\u00e1rio de Autoavalia\u00e7\u00e3o do PPG (etapa interna e externa)<\/a><\/p>\n","protected":false},"excerpt":{"rendered":"<p>Planejamento Estrat\u00e9gico 2025-2028 Comiss\u00e3o de Autoavalia\u00e7\u00e3o Interna e Acompanhamento do Egresso Plano de Autoavalia\u00e7\u00e3o do Mestrado Plano de Desenvolvimento da Unidade &#8211; 2020 a 2024 Formul\u00e1rio de Acompanhamento do Egresso Formul\u00e1rio de Autoavalia\u00e7\u00e3o (docente, discente e t\u00e9cnicos) Acompanhamento do Egresso 2024 Relat\u00f3rio de Autoavalia\u00e7\u00e3o Setorial 2024 Relato\u0301rio de Autoavaliac\u0327a\u0303o Setorial 2023 Relat\u00f3rio de Autoavalia\u00e7\u00e3o Setorial [&hellip;]<\/p>\n","protected":false},"author":6722,"featured_media":0,"parent":0,"menu_order":0,"comment_status":"closed","ping_status":"closed","template":"","meta":{"footnotes":""},"coauthors":[],"class_list":["post-1543","page","type-page","status-publish","hentry"],"_links":{"self":[{"href":"https:\/\/ppgenfermagemcptl.ufms.br\/en\/wp-json\/wp\/v2\/pages\/1543","targetHints":{"allow":["GET"]}}],"collection":[{"href":"https:\/\/ppgenfermagemcptl.ufms.br\/en\/wp-json\/wp\/v2\/pages"}],"about":[{"href":"https:\/\/ppgenfermagemcptl.ufms.br\/en\/wp-json\/wp\/v2\/types\/page"}],"author":[{"embeddable":true,"href":"https:\/\/ppgenfermagemcptl.ufms.br\/en\/wp-json\/wp\/v2\/users\/6722"}],"replies":[{"embeddable":true,"href":"https:\/\/ppgenfermagemcptl.ufms.br\/en\/wp-json\/wp\/v2\/comments?post=1543"}],"version-history":[{"count":24,"href":"https:\/\/ppgenfermagemcptl.ufms.br\/en\/wp-json\/wp\/v2\/pages\/1543\/revisions"}],"predecessor-version":[{"id":2294,"href":"https:\/\/ppgenfermagemcptl.ufms.br\/en\/wp-json\/wp\/v2\/pages\/1543\/revisions\/2294"}],"wp:attachment":[{"href":"https:\/\/ppgenfermagemcptl.ufms.br\/en\/wp-json\/wp\/v2\/media?parent=1543"}],"wp:term":[{"taxonomy":"author","embeddable":true,"href":"https:\/\/ppgenfermagemcptl.ufms.br\/en\/wp-json\/wp\/v2\/coauthors?post=1543"}],"curies":[{"name":"wp","href":"https:\/\/api.w.org\/{rel}","templated":true}]}}