{"id":1534,"date":"2023-10-10T11:40:32","date_gmt":"2023-10-10T15:40:32","guid":{"rendered":"https:\/\/ppgenfermagemcptl.ufms.br\/?page_id=1534"},"modified":"2024-02-23T16:47:27","modified_gmt":"2024-02-23T20:47:27","slug":"processo-seletivo-2024-1","status":"publish","type":"page","link":"https:\/\/ppgenfermagemcptl.ufms.br\/en\/processo-seletivo-2024-1\/","title":{"rendered":"Processo Seletivo 2024.1"},"content":{"rendered":"<p><a href=\"https:\/\/ppgenfermagemcptl.ufms.br\/files\/2024\/02\/EDITAL-CPOS-ENFCPTLUFMS-No-7-DE-22-DE-FEVEREIRO-DE-2024-1.pdf\">Resultado Preliminar &#8211; An\u00e1lise de Curr\u00edculo<\/a><\/p>\n<p><a href=\"https:\/\/ppgenfermagemcptl.ufms.br\/files\/2024\/01\/Orientacoes-para-prova-de-conhecimentos-especificos-PPGENF.pdf\">Orienta\u00e7\u00f5es Prova Conhecimentos Espec\u00edficos<\/a><\/p>\n<p><a href=\"https:\/\/ppgenfermagemcptl.ufms.br\/files\/2024\/01\/ORIENTACOES-PARA-PROVA-DE-LINGUAS-Edital-Unificado-2024-1.pdf\">Orienta\u00e7\u00f5es Prova de L\u00ednguas<\/a><\/p>\n<p><a href=\"https:\/\/ppgenfermagemcptl.ufms.br\/files\/2024\/01\/edital-11-2024-resultado-preliminar-das-inscricoes.pdf\">Resultado Preliminar dos Candidatos Inscritos<\/a><\/p>\n<p><a href=\"https:\/\/ppgenfermagemcptl.ufms.br\/files\/2023\/10\/2024.1-Edital-Processo-Seletivo-Unificado-2024-1.pdf\">Edital &#8211; Processo Seletivo Unificado 2024.1<\/a><\/p>\n","protected":false},"excerpt":{"rendered":"<p>Resultado Preliminar &#8211; An\u00e1lise de Curr\u00edculo Orienta\u00e7\u00f5es Prova Conhecimentos Espec\u00edficos Orienta\u00e7\u00f5es Prova de L\u00ednguas Resultado Preliminar dos Candidatos Inscritos Edital &#8211; Processo Seletivo Unificado 2024.1<\/p>\n","protected":false},"author":6722,"featured_media":0,"parent":0,"menu_order":0,"comment_status":"closed","ping_status":"closed","template":"","meta":{"footnotes":""},"coauthors":[],"class_list":["post-1534","page","type-page","status-publish","hentry"],"_links":{"self":[{"href":"https:\/\/ppgenfermagemcptl.ufms.br\/en\/wp-json\/wp\/v2\/pages\/1534","targetHints":{"allow":["GET"]}}],"collection":[{"href":"https:\/\/ppgenfermagemcptl.ufms.br\/en\/wp-json\/wp\/v2\/pages"}],"about":[{"href":"https:\/\/ppgenfermagemcptl.ufms.br\/en\/wp-json\/wp\/v2\/types\/page"}],"author":[{"embeddable":true,"href":"https:\/\/ppgenfermagemcptl.ufms.br\/en\/wp-json\/wp\/v2\/users\/6722"}],"replies":[{"embeddable":true,"href":"https:\/\/ppgenfermagemcptl.ufms.br\/en\/wp-json\/wp\/v2\/comments?post=1534"}],"version-history":[{"count":7,"href":"https:\/\/ppgenfermagemcptl.ufms.br\/en\/wp-json\/wp\/v2\/pages\/1534\/revisions"}],"predecessor-version":[{"id":1680,"href":"https:\/\/ppgenfermagemcptl.ufms.br\/en\/wp-json\/wp\/v2\/pages\/1534\/revisions\/1680"}],"wp:attachment":[{"href":"https:\/\/ppgenfermagemcptl.ufms.br\/en\/wp-json\/wp\/v2\/media?parent=1534"}],"wp:term":[{"taxonomy":"author","embeddable":true,"href":"https:\/\/ppgenfermagemcptl.ufms.br\/en\/wp-json\/wp\/v2\/coauthors?post=1534"}],"curies":[{"name":"wp","href":"https:\/\/api.w.org\/{rel}","templated":true}]}}