{"id":1493,"date":"2023-07-11T13:13:00","date_gmt":"2023-07-11T17:13:00","guid":{"rendered":"https:\/\/ppgenfermagemcptl.ufms.br\/?page_id=1493"},"modified":"2023-07-25T10:16:52","modified_gmt":"2023-07-25T14:16:52","slug":"processo-seletivo-de-alunos-especiais-2023-2","status":"publish","type":"page","link":"https:\/\/ppgenfermagemcptl.ufms.br\/en\/processo-seletivo-de-alunos-especiais-2023-2\/","title":{"rendered":"Processo Seletivo de Alunos Especiais 2023.2"},"content":{"rendered":"<p><a href=\"https:\/\/ppgenfermagemcptl.ufms.br\/files\/2023\/07\/EDITAL-PPG-ENF-CPTL-n-16-de-21-07-2023.-1.pdf\">Resultado final da sele\u00e7\u00e3o e convoca\u00e7\u00e3o para matr\u00edcula<\/a><\/p>\n<p><a href=\"https:\/\/ppgenfermagemcptl.ufms.br\/files\/2023\/07\/SEI_UFMS-4192271-Anexo.pdf\">Anexo<\/a><\/p>\n<p><a href=\"https:\/\/ppgenfermagemcptl.ufms.br\/files\/2023\/07\/SEI_UFMS-4192033-Edital-Retificac\u0327a\u0303o.pdf\">Edital &#8211; Retificac\u0327a\u0303o<\/a><\/p>\n<p><a href=\"https:\/\/ppgenfermagemcptl.ufms.br\/files\/2023\/07\/SEI_UFMS-4187326-Edital.pdf\">Edital &#8211; Aluno Especial 2023.2<\/a><\/p>\n","protected":false},"excerpt":{"rendered":"<p>Resultado final da sele\u00e7\u00e3o e convoca\u00e7\u00e3o para matr\u00edcula Anexo Edital &#8211; Retificac\u0327a\u0303o Edital &#8211; Aluno Especial 2023.2<\/p>\n","protected":false},"author":6722,"featured_media":0,"parent":0,"menu_order":0,"comment_status":"closed","ping_status":"closed","template":"","meta":{"footnotes":""},"coauthors":[],"class_list":["post-1493","page","type-page","status-publish","hentry"],"_links":{"self":[{"href":"https:\/\/ppgenfermagemcptl.ufms.br\/en\/wp-json\/wp\/v2\/pages\/1493","targetHints":{"allow":["GET"]}}],"collection":[{"href":"https:\/\/ppgenfermagemcptl.ufms.br\/en\/wp-json\/wp\/v2\/pages"}],"about":[{"href":"https:\/\/ppgenfermagemcptl.ufms.br\/en\/wp-json\/wp\/v2\/types\/page"}],"author":[{"embeddable":true,"href":"https:\/\/ppgenfermagemcptl.ufms.br\/en\/wp-json\/wp\/v2\/users\/6722"}],"replies":[{"embeddable":true,"href":"https:\/\/ppgenfermagemcptl.ufms.br\/en\/wp-json\/wp\/v2\/comments?post=1493"}],"version-history":[{"count":7,"href":"https:\/\/ppgenfermagemcptl.ufms.br\/en\/wp-json\/wp\/v2\/pages\/1493\/revisions"}],"predecessor-version":[{"id":1517,"href":"https:\/\/ppgenfermagemcptl.ufms.br\/en\/wp-json\/wp\/v2\/pages\/1493\/revisions\/1517"}],"wp:attachment":[{"href":"https:\/\/ppgenfermagemcptl.ufms.br\/en\/wp-json\/wp\/v2\/media?parent=1493"}],"wp:term":[{"taxonomy":"author","embeddable":true,"href":"https:\/\/ppgenfermagemcptl.ufms.br\/en\/wp-json\/wp\/v2\/coauthors?post=1493"}],"curies":[{"name":"wp","href":"https:\/\/api.w.org\/{rel}","templated":true}]}}