{"id":1418,"date":"2023-04-19T19:53:27","date_gmt":"2023-04-19T23:53:27","guid":{"rendered":"https:\/\/ppgenfermagemcptl.ufms.br\/?page_id=1418"},"modified":"2023-06-21T18:13:03","modified_gmt":"2023-06-21T22:13:03","slug":"processo-seletivo-2023-1-vagas-remanescentes","status":"publish","type":"page","link":"https:\/\/ppgenfermagemcptl.ufms.br\/en\/processo-seletivo-2023-1-vagas-remanescentes\/","title":{"rendered":"Processo Seletivo 2023.1 \u2013 Vagas Remanescentes"},"content":{"rendered":"<p><a href=\"https:\/\/ppgenfermagemcptl.ufms.br\/files\/2023\/06\/RESULTADO-FINAL_SEI_23448.003248_2023_73-3.pdf\">Resultado Final da Etapa de Avalia\u00e7\u00e3o de M\u00e9rito e Resultado dos Recursos<\/a><\/p>\n<p><a href=\"https:\/\/ppgenfermagemcptl.ufms.br\/files\/2023\/06\/SEI_23448.003248_2023_73-ANALISE-DE-CV.pdf\">Resultado Preliminar &#8211; An\u00e1lise de Curr\u00edculo<\/a><\/p>\n<p><a href=\"https:\/\/ppgenfermagemcptl.ufms.br\/files\/2023\/06\/SEI_23448.003248_2023_73-DEFESA-DE-PROJETO.pdf\">Resultado Preliminar &#8211; Defesa Projeto<\/a><\/p>\n<p><a href=\"https:\/\/ppgenfermagemcptl.ufms.br\/files\/2023\/06\/Edital.pdf\">Convoca\u00e7\u00e3o para a realiza\u00e7\u00e3o da Defesa do pr\u00e9-projeto<\/a><\/p>\n<p><a href=\"https:\/\/ppgenfermagemcptl.ufms.br\/files\/2023\/05\/SEI_23448.003248_2023_73-1.pdf\">Resultado Preliminar &#8211; An\u00e1lise Pr\u00e9-projeto<\/a><\/p>\n<p><a href=\"https:\/\/ppgenfermagemcptl.ufms.br\/files\/2023\/05\/SEI_23448.003248_2023_73.pdf\">Resultado Preliminar &#8211; Prova de Conhecimentos Espec\u00edficos<\/a><\/p>\n<p><a href=\"https:\/\/ppgenfermagemcptl.ufms.br\/files\/2023\/05\/Gabarito-processo-seletivo-suplementar.pdf\">Gabarito da Prova de Conhecimentos Espec\u00edficos <\/a><\/p>\n<p><a href=\"https:\/\/ppgenfermagemcptl.ufms.br\/files\/2023\/05\/152.pdf\">Resultado Preliminar das Inscri\u00e7\u00f5es Deferidas<\/a><\/p>\n<p><a href=\"https:\/\/ppgenfermagemcptl.ufms.br\/files\/2023\/05\/Edital-retificado.pdf\">Edital de retifica\u00e7\u00e3o<\/a><\/p>\n<p><a href=\"https:\/\/ppgenfermagemcptl.ufms.br\/files\/2023\/04\/Edital-118-2023.pdf\">Edital Vagas Remanescentes 2023.1<\/a><\/p>\n","protected":false},"excerpt":{"rendered":"<p>Resultado Final da Etapa de Avalia\u00e7\u00e3o de M\u00e9rito e Resultado dos Recursos Resultado Preliminar &#8211; An\u00e1lise de Curr\u00edculo Resultado Preliminar &#8211; Defesa Projeto Convoca\u00e7\u00e3o para a realiza\u00e7\u00e3o da Defesa do pr\u00e9-projeto Resultado Preliminar &#8211; An\u00e1lise Pr\u00e9-projeto Resultado Preliminar &#8211; Prova de Conhecimentos Espec\u00edficos Gabarito da Prova de Conhecimentos Espec\u00edficos Resultado Preliminar das Inscri\u00e7\u00f5es Deferidas Edital [&hellip;]<\/p>\n","protected":false},"author":6722,"featured_media":0,"parent":0,"menu_order":0,"comment_status":"closed","ping_status":"closed","template":"","meta":{"footnotes":""},"coauthors":[],"class_list":["post-1418","page","type-page","status-publish","hentry"],"_links":{"self":[{"href":"https:\/\/ppgenfermagemcptl.ufms.br\/en\/wp-json\/wp\/v2\/pages\/1418","targetHints":{"allow":["GET"]}}],"collection":[{"href":"https:\/\/ppgenfermagemcptl.ufms.br\/en\/wp-json\/wp\/v2\/pages"}],"about":[{"href":"https:\/\/ppgenfermagemcptl.ufms.br\/en\/wp-json\/wp\/v2\/types\/page"}],"author":[{"embeddable":true,"href":"https:\/\/ppgenfermagemcptl.ufms.br\/en\/wp-json\/wp\/v2\/users\/6722"}],"replies":[{"embeddable":true,"href":"https:\/\/ppgenfermagemcptl.ufms.br\/en\/wp-json\/wp\/v2\/comments?post=1418"}],"version-history":[{"count":12,"href":"https:\/\/ppgenfermagemcptl.ufms.br\/en\/wp-json\/wp\/v2\/pages\/1418\/revisions"}],"predecessor-version":[{"id":1474,"href":"https:\/\/ppgenfermagemcptl.ufms.br\/en\/wp-json\/wp\/v2\/pages\/1418\/revisions\/1474"}],"wp:attachment":[{"href":"https:\/\/ppgenfermagemcptl.ufms.br\/en\/wp-json\/wp\/v2\/media?parent=1418"}],"wp:term":[{"taxonomy":"author","embeddable":true,"href":"https:\/\/ppgenfermagemcptl.ufms.br\/en\/wp-json\/wp\/v2\/coauthors?post=1418"}],"curies":[{"name":"wp","href":"https:\/\/api.w.org\/{rel}","templated":true}]}}