{"id":1398,"date":"2023-02-17T14:46:45","date_gmt":"2023-02-17T18:46:45","guid":{"rendered":"https:\/\/ppgenfermagemcptl.ufms.br\/?page_id=1398"},"modified":"2023-02-20T15:51:30","modified_gmt":"2023-02-20T19:51:30","slug":"processo-seletivo-de-alunos-especiais-2023-1","status":"publish","type":"page","link":"https:\/\/ppgenfermagemcptl.ufms.br\/en\/processo-seletivo-de-alunos-especiais-2023-1\/","title":{"rendered":"Processo Seletivo de Alunos Especiais 2023.1"},"content":{"rendered":"<p><a href=\"https:\/\/ppgenfermagemcptl.ufms.br\/files\/2023\/02\/Matri\u0301cula.pdf\">Resultado final da sele\u00e7\u00e3o e convoca\u00e7\u00e3o para matr\u00edcula<\/a><\/p>\n<p><a href=\"https:\/\/ppgenfermagemcptl.ufms.br\/files\/2023\/02\/Recursos.pdf\">Resultado Recursos &#8211; Pedido Inscri\u00e7\u00e3o<\/a><\/p>\n<p><a href=\"https:\/\/ppgenfermagemcptl.ufms.br\/files\/2023\/02\/Retificac\u0327a\u0303o.pdf\">Retificac\u0327a\u0303o &#8211; Pedido de Inscri\u00e7\u00e3o<\/a><\/p>\n<p><a href=\"https:\/\/ppgenfermagemcptl.ufms.br\/files\/2023\/02\/resultado_aluno_especial.pdf\">Resultado &#8211; Pedido de Inscri\u00e7\u00e3o<\/a><\/p>\n<p><a href=\"https:\/\/ppgenfermagemcptl.ufms.br\/files\/2023\/02\/Aluno-Especial-2023.1.pdf\">Edital &#8211; Aluno Especial 2023.1<\/a><\/p>\n","protected":false},"excerpt":{"rendered":"<p>Resultado final da sele\u00e7\u00e3o e convoca\u00e7\u00e3o para matr\u00edcula Resultado Recursos &#8211; Pedido Inscri\u00e7\u00e3o Retificac\u0327a\u0303o &#8211; Pedido de Inscri\u00e7\u00e3o Resultado &#8211; Pedido de Inscri\u00e7\u00e3o Edital &#8211; Aluno Especial 2023.1<\/p>\n","protected":false},"author":6722,"featured_media":0,"parent":0,"menu_order":0,"comment_status":"closed","ping_status":"closed","template":"","meta":{"footnotes":""},"coauthors":[],"class_list":["post-1398","page","type-page","status-publish","hentry"],"_links":{"self":[{"href":"https:\/\/ppgenfermagemcptl.ufms.br\/en\/wp-json\/wp\/v2\/pages\/1398","targetHints":{"allow":["GET"]}}],"collection":[{"href":"https:\/\/ppgenfermagemcptl.ufms.br\/en\/wp-json\/wp\/v2\/pages"}],"about":[{"href":"https:\/\/ppgenfermagemcptl.ufms.br\/en\/wp-json\/wp\/v2\/types\/page"}],"author":[{"embeddable":true,"href":"https:\/\/ppgenfermagemcptl.ufms.br\/en\/wp-json\/wp\/v2\/users\/6722"}],"replies":[{"embeddable":true,"href":"https:\/\/ppgenfermagemcptl.ufms.br\/en\/wp-json\/wp\/v2\/comments?post=1398"}],"version-history":[{"count":3,"href":"https:\/\/ppgenfermagemcptl.ufms.br\/en\/wp-json\/wp\/v2\/pages\/1398\/revisions"}],"predecessor-version":[{"id":1410,"href":"https:\/\/ppgenfermagemcptl.ufms.br\/en\/wp-json\/wp\/v2\/pages\/1398\/revisions\/1410"}],"wp:attachment":[{"href":"https:\/\/ppgenfermagemcptl.ufms.br\/en\/wp-json\/wp\/v2\/media?parent=1398"}],"wp:term":[{"taxonomy":"author","embeddable":true,"href":"https:\/\/ppgenfermagemcptl.ufms.br\/en\/wp-json\/wp\/v2\/coauthors?post=1398"}],"curies":[{"name":"wp","href":"https:\/\/api.w.org\/{rel}","templated":true}]}}