{"id":1315,"date":"2022-09-13T15:35:44","date_gmt":"2022-09-13T19:35:44","guid":{"rendered":"https:\/\/ppgenfermagemcptl.ufms.br\/?page_id=1315"},"modified":"2022-12-27T23:41:13","modified_gmt":"2022-12-28T03:41:13","slug":"processo-seletivo-2023-1","status":"publish","type":"page","link":"https:\/\/ppgenfermagemcptl.ufms.br\/en\/processo-seletivo-2023-1\/","title":{"rendered":"Processo Seletivo 2023.1"},"content":{"rendered":"<p><a href=\"https:\/\/ppgenfermagemcptl.ufms.br\/files\/2022\/12\/edital-285-2022-Edital-de-Resultado-Final.pdf\">Resultado Final do Processo Seletivo<\/a><\/p>\n<p><a href=\"https:\/\/ppgenfermagemcptl.ufms.br\/files\/2022\/12\/EDITAL-284-2022-Edital-de-Resultado-dos-Recursos.pdf\">Edital dos Recursos do Resultado Preliminar do Processo Seletivo<\/a><\/p>\n<p><a href=\"https:\/\/ppgenfermagemcptl.ufms.br\/files\/2022\/12\/EDITAL-N-280_2022-PROPP_UFMS.pdf\">Resultado Preliminar do Processo Seletivo<\/a><\/p>\n<p><a href=\"https:\/\/ppgenfermagemcptl.ufms.br\/files\/2022\/12\/EDITAL-final.pdf\">Resultado Final da Etapa de Avalia\u00e7\u00e3o de M\u00e9rito<\/a><\/p>\n<p><a href=\"https:\/\/ppgenfermagemcptl.ufms.br\/files\/2022\/12\/Resultado-preliminar-de-selec\u0327a\u0303o-2023.pdf\">Resultado Preliminar da Etapa de Avalia\u00e7\u00e3o de M\u00e9rito<\/a><\/p>\n<p><a href=\"https:\/\/ppgenfermagemcptl.ufms.br\/files\/2022\/11\/EDITAL-PROPP_RTR-n-261-de-23-11-2022.pdf\">Resultado preliminar da Prova de L\u00ednguas<\/a><\/p>\n<p><a href=\"https:\/\/ppgenfermagemcptl.ufms.br\/files\/2022\/11\/Convocac\u0327a\u0303o-para-pre\u0301-defesa.pdf\">Convocac\u0327a\u0303o dos candidatos para defesa do pr\u00e9-projeto<\/a><\/p>\n<p><a href=\"https:\/\/ppgenfermagemcptl.ufms.br\/files\/2022\/11\/edital-251-1.pdf\">Homologa\u00e7\u00e3o das Inscri\u00e7\u00f5es do Processo Seletivo<\/a><\/p>\n<p><a href=\"https:\/\/ppgenfermagemcptl.ufms.br\/files\/2022\/11\/edital-250-1.pdf\">Resultado dos Recursos Administrativos &#8211; Inscri\u00e7\u00f5es<\/a><\/p>\n<p><a href=\"https:\/\/ppgenfermagemcptl.ufms.br\/files\/2022\/11\/EDITAL-No-247-2022.pdf\">Resultado Preliminar de Candidatos Inscritos<\/a><\/p>\n<p><a href=\"https:\/\/ppgenfermagemcptl.ufms.br\/files\/2022\/11\/94.pdf\">Comiss\u00f5es de Sele\u00e7\u00e3o dos Programas de P\u00f3s-Gradua\u00e7\u00e3o &#8211; UFMS<\/a><\/p>\n<p><a href=\"https:\/\/ppgenfermagemcptl.ufms.br\/files\/2022\/09\/Edital-201-2022.pdf\">Edital Processo Seletivo 2023.1<\/a><\/p>\n<p><a href=\"https:\/\/ppgenfermagemcptl.ufms.br\/files\/2022\/10\/Edital-229-retificacao.pdf\">Edital de Retifica\u00e7\u00e3o n\u00ba 229\/2022 &#8211; PROPP\/UFMS<\/a><\/p>\n","protected":false},"excerpt":{"rendered":"<p>Resultado Final do Processo Seletivo Edital dos Recursos do Resultado Preliminar do Processo Seletivo Resultado Preliminar do Processo Seletivo Resultado Final da Etapa de Avalia\u00e7\u00e3o de M\u00e9rito Resultado Preliminar da Etapa de Avalia\u00e7\u00e3o de M\u00e9rito Resultado preliminar da Prova de L\u00ednguas Convocac\u0327a\u0303o dos candidatos para defesa do pr\u00e9-projeto Homologa\u00e7\u00e3o das Inscri\u00e7\u00f5es do Processo Seletivo Resultado [&hellip;]<\/p>\n","protected":false},"author":6722,"featured_media":0,"parent":0,"menu_order":0,"comment_status":"closed","ping_status":"closed","template":"","meta":{"footnotes":""},"coauthors":[],"class_list":["post-1315","page","type-page","status-publish","hentry"],"_links":{"self":[{"href":"https:\/\/ppgenfermagemcptl.ufms.br\/en\/wp-json\/wp\/v2\/pages\/1315","targetHints":{"allow":["GET"]}}],"collection":[{"href":"https:\/\/ppgenfermagemcptl.ufms.br\/en\/wp-json\/wp\/v2\/pages"}],"about":[{"href":"https:\/\/ppgenfermagemcptl.ufms.br\/en\/wp-json\/wp\/v2\/types\/page"}],"author":[{"embeddable":true,"href":"https:\/\/ppgenfermagemcptl.ufms.br\/en\/wp-json\/wp\/v2\/users\/6722"}],"replies":[{"embeddable":true,"href":"https:\/\/ppgenfermagemcptl.ufms.br\/en\/wp-json\/wp\/v2\/comments?post=1315"}],"version-history":[{"count":16,"href":"https:\/\/ppgenfermagemcptl.ufms.br\/en\/wp-json\/wp\/v2\/pages\/1315\/revisions"}],"predecessor-version":[{"id":1390,"href":"https:\/\/ppgenfermagemcptl.ufms.br\/en\/wp-json\/wp\/v2\/pages\/1315\/revisions\/1390"}],"wp:attachment":[{"href":"https:\/\/ppgenfermagemcptl.ufms.br\/en\/wp-json\/wp\/v2\/media?parent=1315"}],"wp:term":[{"taxonomy":"author","embeddable":true,"href":"https:\/\/ppgenfermagemcptl.ufms.br\/en\/wp-json\/wp\/v2\/coauthors?post=1315"}],"curies":[{"name":"wp","href":"https:\/\/api.w.org\/{rel}","templated":true}]}}