{"id":1294,"date":"2022-07-04T17:49:18","date_gmt":"2022-07-04T21:49:18","guid":{"rendered":"https:\/\/ppgenfermagemcptl.ufms.br\/?page_id=1294"},"modified":"2022-07-06T16:32:33","modified_gmt":"2022-07-06T20:32:33","slug":"processo-seletivo-de-alunos-especiais-2022-2","status":"publish","type":"page","link":"https:\/\/ppgenfermagemcptl.ufms.br\/en\/processo-seletivo-de-alunos-especiais-2022-2\/","title":{"rendered":"Processo Seletivo de Alunos Especiais 2022.2"},"content":{"rendered":"<p><a href=\"https:\/\/ppgenfermagemcptl.ufms.br\/files\/2022\/07\/Edital_aluno_especialpdf.pdf\">Edital de Sele\u00e7\u00e3o<\/a><\/p>\n<p><a href=\"https:\/\/ppgenfermagemcptl.ufms.br\/files\/2022\/07\/Resultado-pedidos-de-inscric\u0327a\u0303o-estudante-especial.pdf\">Resultado \u2013 Pedido de Inscric\u0327o\u0303es<\/a><\/p>\n<p><a href=\"https:\/\/ppgenfermagemcptl.ufms.br\/files\/2022\/07\/Edital-de-recurso-.pdf\">Resultado dos Recursos Interpostos<\/a><\/p>\n<p><a href=\"https:\/\/ppgenfermagemcptl.ufms.br\/files\/2022\/07\/Edital-Resultado-Final.pdf\">Resultado Final da Sele\u00e7\u00e3o e Convoca\u00e7\u00e3o para Matr\u00edcula<\/a><\/p>\n","protected":false},"excerpt":{"rendered":"<p>Edital de Sele\u00e7\u00e3o Resultado \u2013 Pedido de Inscric\u0327o\u0303es Resultado dos Recursos Interpostos Resultado Final da Sele\u00e7\u00e3o e Convoca\u00e7\u00e3o para Matr\u00edcula<\/p>\n","protected":false},"author":6722,"featured_media":0,"parent":0,"menu_order":0,"comment_status":"closed","ping_status":"closed","template":"","meta":{"footnotes":""},"coauthors":[],"class_list":["post-1294","page","type-page","status-publish","hentry"],"_links":{"self":[{"href":"https:\/\/ppgenfermagemcptl.ufms.br\/en\/wp-json\/wp\/v2\/pages\/1294","targetHints":{"allow":["GET"]}}],"collection":[{"href":"https:\/\/ppgenfermagemcptl.ufms.br\/en\/wp-json\/wp\/v2\/pages"}],"about":[{"href":"https:\/\/ppgenfermagemcptl.ufms.br\/en\/wp-json\/wp\/v2\/types\/page"}],"author":[{"embeddable":true,"href":"https:\/\/ppgenfermagemcptl.ufms.br\/en\/wp-json\/wp\/v2\/users\/6722"}],"replies":[{"embeddable":true,"href":"https:\/\/ppgenfermagemcptl.ufms.br\/en\/wp-json\/wp\/v2\/comments?post=1294"}],"version-history":[{"count":4,"href":"https:\/\/ppgenfermagemcptl.ufms.br\/en\/wp-json\/wp\/v2\/pages\/1294\/revisions"}],"predecessor-version":[{"id":1308,"href":"https:\/\/ppgenfermagemcptl.ufms.br\/en\/wp-json\/wp\/v2\/pages\/1294\/revisions\/1308"}],"wp:attachment":[{"href":"https:\/\/ppgenfermagemcptl.ufms.br\/en\/wp-json\/wp\/v2\/media?parent=1294"}],"wp:term":[{"taxonomy":"author","embeddable":true,"href":"https:\/\/ppgenfermagemcptl.ufms.br\/en\/wp-json\/wp\/v2\/coauthors?post=1294"}],"curies":[{"name":"wp","href":"https:\/\/api.w.org\/{rel}","templated":true}]}}