{"id":1232,"date":"2022-05-09T09:42:12","date_gmt":"2022-05-09T13:42:12","guid":{"rendered":"https:\/\/ppgenfermagemcptl.ufms.br\/?page_id=1232"},"modified":"2022-06-22T15:38:04","modified_gmt":"2022-06-22T19:38:04","slug":"processo-seletivo-2022-2","status":"publish","type":"page","link":"https:\/\/ppgenfermagemcptl.ufms.br\/en\/processo-seletivo-2022-2\/","title":{"rendered":"Processo Seletivo 2022.2 &#8211; Vagas Remanescentes"},"content":{"rendered":"<p><a href=\"https:\/\/ppgenfermagemcptl.ufms.br\/files\/2022\/06\/SEI_UFMS-3356658-Edital.pdf\">Resultado Final<\/a><\/p>\n<p><a href=\"https:\/\/ppgenfermagemcptl.ufms.br\/files\/2022\/06\/Resultado-final.pdf\">Resultado &#8211; Pontua\u00e7\u00e3o Final<\/a><\/p>\n<p><a href=\"https:\/\/ppgenfermagemcptl.ufms.br\/files\/2022\/06\/Ana\u0301lise-de-curri\u0301culo.pdf\">Resultado &#8211; Ana\u0301lise de curri\u0301culo<\/a><\/p>\n<p><a href=\"https:\/\/ppgenfermagemcptl.ufms.br\/files\/2022\/06\/SEI_UFMS-3342378-Edital.pdf\">Resultado &#8211; An\u00e1lise e Apresenta\u00e7\u00e3o do Projeto<\/a><\/p>\n<p><a href=\"https:\/\/ppgenfermagemcptl.ufms.br\/files\/2022\/06\/Resultado-.pdf\">Resultado &#8211; Prova Conhecimento Espec\u00edfico<\/a><\/p>\n<p><a href=\"https:\/\/ppgenfermagemcptl.ufms.br\/files\/2022\/06\/Prova-li\u0301ngua-ingles.pdf\">Resultado &#8211; Prova L\u00edngua Inglesa<\/a><\/p>\n<p><a href=\"https:\/\/ppgenfermagemcptl.ufms.br\/files\/2022\/06\/Gabarito-processo-seletivo-suplementar.pdf\">Gabarito &#8211; Conhecimento Espec\u00edfico<\/a><\/p>\n<p><a href=\"https:\/\/ppgenfermagemcptl.ufms.br\/files\/2022\/06\/Inscric\u0327o\u0303es-homologadas-final.pdf\">Resultado Final das Inscri\u00e7\u00f5es Deferidas<\/a><\/p>\n<p><a href=\"https:\/\/ppgenfermagemcptl.ufms.br\/files\/2022\/06\/00-ORIENTACOES-PARA-PROVA-DE-LINGUAS-E-CONHECIMENTOS-ESPECIFICOS-Edital-Unificado.pdf\">Orienta\u00e7\u00f5es &#8211; Prova de L\u00ednguas e Conhecimentos Espec\u00edficos<\/a><\/p>\n<p><a href=\"https:\/\/ppgenfermagemcptl.ufms.br\/files\/2022\/05\/EDITAL-PROPP_RTR-n-108-de-26-05-2022.pdf\">Resultado Preliminar das Inscri\u00e7\u00f5es Deferidas<\/a><\/p>\n<p><a href=\"https:\/\/ppgenfermagemcptl.ufms.br\/files\/2022\/05\/EDITAL-PROPP_RTR-n-77-de-06-05-2022..pdf\">Resultado da an\u00e1lise de isen\u00e7\u00e3o da taxa de inscri\u00e7\u00e3o<\/a><\/p>\n<p><a href=\"https:\/\/ppgenfermagemcptl.ufms.br\/files\/2022\/05\/EDITAL-PROPP_RTR-n-65-de-22-04-2022.-1.pdf\">Edital Vagas Remanescentes 2022.2<\/a><\/p>\n","protected":false},"excerpt":{"rendered":"<p>Resultado Final Resultado &#8211; Pontua\u00e7\u00e3o Final Resultado &#8211; Ana\u0301lise de curri\u0301culo Resultado &#8211; An\u00e1lise e Apresenta\u00e7\u00e3o do Projeto Resultado &#8211; Prova Conhecimento Espec\u00edfico Resultado &#8211; Prova L\u00edngua Inglesa Gabarito &#8211; Conhecimento Espec\u00edfico Resultado Final das Inscri\u00e7\u00f5es Deferidas Orienta\u00e7\u00f5es &#8211; Prova de L\u00ednguas e Conhecimentos Espec\u00edficos Resultado Preliminar das Inscri\u00e7\u00f5es Deferidas Resultado da an\u00e1lise de isen\u00e7\u00e3o [&hellip;]<\/p>\n","protected":false},"author":6722,"featured_media":0,"parent":0,"menu_order":0,"comment_status":"closed","ping_status":"closed","template":"","meta":{"footnotes":""},"coauthors":[],"class_list":["post-1232","page","type-page","status-publish","hentry"],"_links":{"self":[{"href":"https:\/\/ppgenfermagemcptl.ufms.br\/en\/wp-json\/wp\/v2\/pages\/1232","targetHints":{"allow":["GET"]}}],"collection":[{"href":"https:\/\/ppgenfermagemcptl.ufms.br\/en\/wp-json\/wp\/v2\/pages"}],"about":[{"href":"https:\/\/ppgenfermagemcptl.ufms.br\/en\/wp-json\/wp\/v2\/types\/page"}],"author":[{"embeddable":true,"href":"https:\/\/ppgenfermagemcptl.ufms.br\/en\/wp-json\/wp\/v2\/users\/6722"}],"replies":[{"embeddable":true,"href":"https:\/\/ppgenfermagemcptl.ufms.br\/en\/wp-json\/wp\/v2\/comments?post=1232"}],"version-history":[{"count":12,"href":"https:\/\/ppgenfermagemcptl.ufms.br\/en\/wp-json\/wp\/v2\/pages\/1232\/revisions"}],"predecessor-version":[{"id":1290,"href":"https:\/\/ppgenfermagemcptl.ufms.br\/en\/wp-json\/wp\/v2\/pages\/1232\/revisions\/1290"}],"wp:attachment":[{"href":"https:\/\/ppgenfermagemcptl.ufms.br\/en\/wp-json\/wp\/v2\/media?parent=1232"}],"wp:term":[{"taxonomy":"author","embeddable":true,"href":"https:\/\/ppgenfermagemcptl.ufms.br\/en\/wp-json\/wp\/v2\/coauthors?post=1232"}],"curies":[{"name":"wp","href":"https:\/\/api.w.org\/{rel}","templated":true}]}}