{"id":1121,"date":"2021-12-07T18:46:21","date_gmt":"2021-12-07T22:46:21","guid":{"rendered":"https:\/\/ppgenfermagemcptl.ufms.br\/?page_id=1121"},"modified":"2022-05-09T09:46:59","modified_gmt":"2022-05-09T13:46:59","slug":"processo-seletivo-2022","status":"publish","type":"page","link":"https:\/\/ppgenfermagemcptl.ufms.br\/en\/processo-seletivo-2022\/","title":{"rendered":"Processo Seletivo 2022"},"content":{"rendered":"<p><a href=\"https:\/\/ppgenfermagemcptl.ufms.br\/files\/2021\/12\/Edital_propp_2022.pdf\">Edital Processo Seletivo 2022<\/a><\/p>\n<p><a href=\"https:\/\/ppgenfermagemcptl.ufms.br\/files\/2021\/12\/EDITAL-PROPP_RTR-n-134-de-28-12-2021_Resultado-pedidos-de-IsenA\u0303\u00a7A\u0303o.pdf\">Resultado &#8211; Isen\u00e7\u00e3o de Taxa de Inscri\u00e7\u00e3o<\/a><\/p>\n<p><a href=\"https:\/\/ppgenfermagemcptl.ufms.br\/files\/2022\/01\/Edital-16-2022-resultado-preliminar.pdf\">Inscri\u00e7\u00f5es Deferidas<\/a><\/p>\n<p><a href=\"https:\/\/ppgenfermagemcptl.ufms.br\/files\/2022\/02\/RESULTADO-DEFINITIVO-PROVA-DE-LINGUAS-Edital-no-19-2022-completo-08-02-2022-2.pdf\">Resultado &#8211; Prova de L\u00ednguas<\/a><\/p>\n<p><a href=\"https:\/\/ppgenfermagemcptl.ufms.br\/files\/2022\/02\/Gabarito-selec\u0327a\u0303o-2022.pdf\">Gabarito &#8211; Conhecimentos Espec\u00edficos<\/a><\/p>\n<p><a href=\"https:\/\/ppgenfermagemcptl.ufms.br\/files\/2022\/02\/Resultado-da-prova-de-conhecimentos-especi\u0301ficos.pdf\">Resultado &#8211; Prova de Conhecimentos Especi\u0301ficos<\/a><\/p>\n<p><a href=\"https:\/\/ppgenfermagemcptl.ufms.br\/files\/2022\/02\/Edital-convocac\u0327a\u0303o-ana\u0301lise-do-projeto.pdf\">Edital de Convocac\u0327a\u0303o &#8211; Ana\u0301lise de Anteprojeto<\/a><\/p>\n<p><a href=\"https:\/\/ppgenfermagemcptl.ufms.br\/files\/2022\/02\/Resultado-Etapa-3.pdf\">Resultado &#8211; An\u00e1lise de Anteprojeto<\/a><\/p>\n<p><a href=\"https:\/\/ppgenfermagemcptl.ufms.br\/files\/2022\/02\/Resultado-da-Ana\u0301lise-de-Curri\u0301culo.pdf\">Resultado &#8211; Ana\u0301lise de Curri\u0301culo<\/a><\/p>\n<p><a href=\"https:\/\/ppgenfermagemcptl.ufms.br\/files\/2022\/02\/Resultado-Final-2022.pdf\">Resultado &#8211; Final<\/a><\/p>\n<p><a href=\"https:\/\/ppgenfermagemcptl.ufms.br\/files\/2022\/02\/SEI_23104.000388_2022_08-2-1.pdf\">Resultado &#8211; Final (Propp &#8211; Coloca\u00e7\u00e3o)<\/a><\/p>\n<p><a href=\"https:\/\/ppgenfermagemcptl.ufms.br\/files\/2022\/02\/Resultado-final-com-orientador.pdf\">Resultado final com Designa\u00e7\u00e3o do Orientador<\/a><\/p>\n","protected":false},"excerpt":{"rendered":"<p>Edital Processo Seletivo 2022 Resultado &#8211; Isen\u00e7\u00e3o de Taxa de Inscri\u00e7\u00e3o Inscri\u00e7\u00f5es Deferidas Resultado &#8211; Prova de L\u00ednguas Gabarito &#8211; Conhecimentos Espec\u00edficos Resultado &#8211; Prova de Conhecimentos Especi\u0301ficos Edital de Convocac\u0327a\u0303o &#8211; Ana\u0301lise de Anteprojeto Resultado &#8211; An\u00e1lise de Anteprojeto Resultado &#8211; Ana\u0301lise de Curri\u0301culo Resultado &#8211; Final Resultado &#8211; Final (Propp &#8211; Coloca\u00e7\u00e3o) Resultado [&hellip;]<\/p>\n","protected":false},"author":6722,"featured_media":0,"parent":0,"menu_order":0,"comment_status":"closed","ping_status":"closed","template":"","meta":{"footnotes":""},"coauthors":[],"class_list":["post-1121","page","type-page","status-publish","hentry"],"_links":{"self":[{"href":"https:\/\/ppgenfermagemcptl.ufms.br\/en\/wp-json\/wp\/v2\/pages\/1121","targetHints":{"allow":["GET"]}}],"collection":[{"href":"https:\/\/ppgenfermagemcptl.ufms.br\/en\/wp-json\/wp\/v2\/pages"}],"about":[{"href":"https:\/\/ppgenfermagemcptl.ufms.br\/en\/wp-json\/wp\/v2\/types\/page"}],"author":[{"embeddable":true,"href":"https:\/\/ppgenfermagemcptl.ufms.br\/en\/wp-json\/wp\/v2\/users\/6722"}],"replies":[{"embeddable":true,"href":"https:\/\/ppgenfermagemcptl.ufms.br\/en\/wp-json\/wp\/v2\/comments?post=1121"}],"version-history":[{"count":18,"href":"https:\/\/ppgenfermagemcptl.ufms.br\/en\/wp-json\/wp\/v2\/pages\/1121\/revisions"}],"predecessor-version":[{"id":1237,"href":"https:\/\/ppgenfermagemcptl.ufms.br\/en\/wp-json\/wp\/v2\/pages\/1121\/revisions\/1237"}],"wp:attachment":[{"href":"https:\/\/ppgenfermagemcptl.ufms.br\/en\/wp-json\/wp\/v2\/media?parent=1121"}],"wp:term":[{"taxonomy":"author","embeddable":true,"href":"https:\/\/ppgenfermagemcptl.ufms.br\/en\/wp-json\/wp\/v2\/coauthors?post=1121"}],"curies":[{"name":"wp","href":"https:\/\/api.w.org\/{rel}","templated":true}]}}