{"id":1081,"date":"2021-06-07T20:01:15","date_gmt":"2021-06-08T00:01:15","guid":{"rendered":"https:\/\/ppgenfermagemcptl.ufms.br\/?page_id=1081"},"modified":"2021-06-24T11:56:28","modified_gmt":"2021-06-24T15:56:28","slug":"processo-seletivo-de-alunos-especiais-2021-2","status":"publish","type":"page","link":"https:\/\/ppgenfermagemcptl.ufms.br\/en\/processo-seletivo-de-alunos-especiais-2021-2\/","title":{"rendered":"Processo Seletivo de Alunos Especiais 2021.2"},"content":{"rendered":"<p><a href=\"https:\/\/ppgenfermagemcptl.ufms.br\/files\/2021\/06\/Edital-Aluno-Especial-2021_2.pdf\">Edital de Sele\u00e7\u00e3o<\/a><\/p>\n<p><a href=\"https:\/\/docs.google.com\/forms\/d\/e\/1FAIpQLScWIUbRyVr3wX97FK8XqduEuvfaVGj3zy1NCACftDuZ4O7PTw\/viewform\">Inscri\u00e7\u00f5es dever\u00e3o ser realizadas pelo Formul\u00e1rio do Google (Clique aqui)<\/a><\/p>\n<p><a href=\"https:\/\/ppgenfermagemcptl.ufms.br\/files\/2021\/06\/Resultado-aluno-especial.pdf\">Resultado dos Pedidos de Inscri\u00e7\u00e3o<\/a><\/p>\n<p><a href=\"https:\/\/ppgenfermagemcptl.ufms.br\/files\/2021\/06\/Resultado-final-aluno-especial.pdf\">Resultado Final da Sele\u00e7\u00e3o de Aluno Especial 2021.2<\/a><\/p>\n","protected":false},"excerpt":{"rendered":"<p>Edital de Sele\u00e7\u00e3o Inscri\u00e7\u00f5es dever\u00e3o ser realizadas pelo Formul\u00e1rio do Google (Clique aqui) Resultado dos Pedidos de Inscri\u00e7\u00e3o Resultado Final da Sele\u00e7\u00e3o de Aluno Especial 2021.2<\/p>\n","protected":false},"author":6722,"featured_media":0,"parent":0,"menu_order":0,"comment_status":"closed","ping_status":"closed","template":"","meta":{"footnotes":""},"coauthors":[],"class_list":["post-1081","page","type-page","status-publish","hentry"],"_links":{"self":[{"href":"https:\/\/ppgenfermagemcptl.ufms.br\/en\/wp-json\/wp\/v2\/pages\/1081","targetHints":{"allow":["GET"]}}],"collection":[{"href":"https:\/\/ppgenfermagemcptl.ufms.br\/en\/wp-json\/wp\/v2\/pages"}],"about":[{"href":"https:\/\/ppgenfermagemcptl.ufms.br\/en\/wp-json\/wp\/v2\/types\/page"}],"author":[{"embeddable":true,"href":"https:\/\/ppgenfermagemcptl.ufms.br\/en\/wp-json\/wp\/v2\/users\/6722"}],"replies":[{"embeddable":true,"href":"https:\/\/ppgenfermagemcptl.ufms.br\/en\/wp-json\/wp\/v2\/comments?post=1081"}],"version-history":[{"count":3,"href":"https:\/\/ppgenfermagemcptl.ufms.br\/en\/wp-json\/wp\/v2\/pages\/1081\/revisions"}],"predecessor-version":[{"id":1099,"href":"https:\/\/ppgenfermagemcptl.ufms.br\/en\/wp-json\/wp\/v2\/pages\/1081\/revisions\/1099"}],"wp:attachment":[{"href":"https:\/\/ppgenfermagemcptl.ufms.br\/en\/wp-json\/wp\/v2\/media?parent=1081"}],"wp:term":[{"taxonomy":"author","embeddable":true,"href":"https:\/\/ppgenfermagemcptl.ufms.br\/en\/wp-json\/wp\/v2\/coauthors?post=1081"}],"curies":[{"name":"wp","href":"https:\/\/api.w.org\/{rel}","templated":true}]}}