{"id":107,"date":"2018-10-16T13:43:47","date_gmt":"2018-10-16T17:43:47","guid":{"rendered":"https:\/\/ppgenfermagemcptl.ufms.br\/?page_id=107"},"modified":"2018-10-16T13:43:47","modified_gmt":"2018-10-16T17:43:47","slug":"cooperacao-e-intercambio","status":"publish","type":"page","link":"https:\/\/ppgenfermagemcptl.ufms.br\/en\/cooperacao-e-intercambio\/","title":{"rendered":"Coopera\u00e7\u00e3o e Interc\u00e2mbio"},"content":{"rendered":"<p>No que diz respeito ao interc\u00e2mbio t\u00e9cnico-cient\u00edfico, busca-se estabelecer contatos com institui\u00e7\u00f5es de ensino e pesquisa, tanto p\u00fablicas quanto privadas, de Mato Grosso do Sul, do centro-oeste e de outras regi\u00f5es do pa\u00eds e do exterior.<\/p>\n<p>A UFMS possui diversos acordos de coopera\u00e7\u00e3o e interc\u00e2mbio com institui\u00e7\u00f5es internacionais com a finalidade de promover atividade de ensino, pesquisa, extens\u00e3o e gest\u00e3o.<\/p>\n<p>Entre as universidades com acordos de coopera\u00e7\u00e3o ativos, podem ser citadas:<\/p>\n<p>Bol\u00edvia \u2013 Universidad Aut\u00f3noma Gabriel Ren\u00e9 Moreno<\/p>\n<p>Espanha \u2013 Universidad Complutense de Madrid\/ Universidade de Santiago de Compostella \/ Universidade de Salamanca<\/p>\n<p>Estados Unidos \u2013 Universidade de Washington \/ Universidade de Kentucky<\/p>\n<p>Fran\u00e7a \u2013 Universit\u00e9 de Lille \/ Universit\u00e9 de Toulon \/ Universit\u00e9 D Avignon<\/p>\n<p>It\u00e1lia \u2013 Universita Degli Studi di Torino (Universidade de Estudos de Turim) \/ Polit\u00e9cnica de Turim<\/p>\n<p>Jap\u00e3o \u2013 National University Corporation Kochi University<\/p>\n<p>Portugal \u2013 Universidade do Algarve \/ Universidade de Coimbra \/ Universidade do Porto\/ Universidade Portucalense Infante D. Henrique<\/p>\n<p>Ressalta-se que a universidade est\u00e1 aberta a formar novos acordos e parcerias internacionais, e possui uma divis\u00e3o espec\u00edfica para esse fim, Divis\u00e3o de Rela\u00e7\u00f5es Internacionais \u2013 DIRIN.<\/p>\n<p>Os conv\u00eanios entre a UFMS e demais universidades brasileiras e estrangeiras visam encorajar o desenvolvimento dos seguintes programas de interc\u00e2mbio com base nas suas respectivas necessidades acad\u00eamicas e educacionais:<\/p>\n<p>&#8211; o interc\u00e2mbio de conhecimentos t\u00e9cnico-cient\u00edficos<\/p>\n<p>&#8211; o desenvolvimento de projetos de pesquisa em temas de interesse comuns<\/p>\n<p>&#8211; a colabora\u00e7\u00e3o para a utiliza\u00e7\u00e3o de infraestrutura laboratorial<\/p>\n<p>&#8211; o interc\u00e2mbio de peri\u00f3dicos, publica\u00e7\u00f5es, e material acad\u00eamico<\/p>\n<p>&#8211; a organiza\u00e7\u00e3o conjunta de confer\u00eancias<\/p>\n<p>&#8211; o interc\u00e2mbio de docentes<\/p>\n<p>&#8211; o interc\u00e2mbio de alunos<\/p>\n<p>&#8211; a colabora\u00e7\u00e3o na forma\u00e7\u00e3o de alunos de mestrado.<\/p>\n<p>Assim, acredita-se que os conv\u00eanios e coopera\u00e7\u00f5es firmados pela UFMS com diferentes institui\u00e7\u00f5es nacionais e internacionais, poder\u00e3o contribuir para o desenvolvimento das atividades de ensino e pesquisa do Programa.<\/p>\n<p>Os pesquisadores que comp\u00f5em o corpo docente do Mestrado em Enfermagem possuem parcerias de coopera\u00e7\u00e3o e interc\u00e2mbio com institui\u00e7\u00f5es de ensino superior<\/p>\n","protected":false},"excerpt":{"rendered":"<p>No que diz respeito ao interc\u00e2mbio t\u00e9cnico-cient\u00edfico, busca-se estabelecer contatos com institui\u00e7\u00f5es de ensino e pesquisa, tanto p\u00fablicas quanto privadas, de Mato Grosso do Sul, do centro-oeste e de outras regi\u00f5es do pa\u00eds e do exterior. A UFMS possui diversos acordos de coopera\u00e7\u00e3o e interc\u00e2mbio com institui\u00e7\u00f5es internacionais com a finalidade de promover atividade de [&hellip;]<\/p>\n","protected":false},"author":6722,"featured_media":0,"parent":0,"menu_order":0,"comment_status":"closed","ping_status":"closed","template":"","meta":{"footnotes":""},"coauthors":[],"class_list":["post-107","page","type-page","status-publish","hentry"],"_links":{"self":[{"href":"https:\/\/ppgenfermagemcptl.ufms.br\/en\/wp-json\/wp\/v2\/pages\/107","targetHints":{"allow":["GET"]}}],"collection":[{"href":"https:\/\/ppgenfermagemcptl.ufms.br\/en\/wp-json\/wp\/v2\/pages"}],"about":[{"href":"https:\/\/ppgenfermagemcptl.ufms.br\/en\/wp-json\/wp\/v2\/types\/page"}],"author":[{"embeddable":true,"href":"https:\/\/ppgenfermagemcptl.ufms.br\/en\/wp-json\/wp\/v2\/users\/6722"}],"replies":[{"embeddable":true,"href":"https:\/\/ppgenfermagemcptl.ufms.br\/en\/wp-json\/wp\/v2\/comments?post=107"}],"version-history":[{"count":1,"href":"https:\/\/ppgenfermagemcptl.ufms.br\/en\/wp-json\/wp\/v2\/pages\/107\/revisions"}],"predecessor-version":[{"id":108,"href":"https:\/\/ppgenfermagemcptl.ufms.br\/en\/wp-json\/wp\/v2\/pages\/107\/revisions\/108"}],"wp:attachment":[{"href":"https:\/\/ppgenfermagemcptl.ufms.br\/en\/wp-json\/wp\/v2\/media?parent=107"}],"wp:term":[{"taxonomy":"author","embeddable":true,"href":"https:\/\/ppgenfermagemcptl.ufms.br\/en\/wp-json\/wp\/v2\/coauthors?post=107"}],"curies":[{"name":"wp","href":"https:\/\/api.w.org\/{rel}","templated":true}]}}