{"id":102,"date":"2018-10-16T13:40:35","date_gmt":"2018-10-16T17:40:35","guid":{"rendered":"https:\/\/ppgenfermagemcptl.ufms.br\/?page_id=102"},"modified":"2024-12-10T13:32:33","modified_gmt":"2024-12-10T17:32:33","slug":"bolsas","status":"publish","type":"page","link":"https:\/\/ppgenfermagemcptl.ufms.br\/en\/bolsas\/","title":{"rendered":"Bolsas"},"content":{"rendered":"<p style=\"text-align: justify\">O PPGENF-CPTL oferece regularmente bolsas de estudo da Capes e de outras ag\u00eancias. Entretanto, n\u00e3o h\u00e1 garantia de bolsas de estudo para todos os alunos aprovados.<\/p>\n<p style=\"text-align: justify\"><a href=\"https:\/\/ppgenfermagemcptl.ufms.br\/processo-seletivo-de-bolsas\/\">Processo Seletivo de Bolsas<\/a><\/p>\n","protected":false},"excerpt":{"rendered":"<p>O PPGENF-CPTL oferece regularmente bolsas de estudo da Capes e de outras ag\u00eancias. Entretanto, n\u00e3o h\u00e1 garantia de bolsas de estudo para todos os alunos aprovados. Processo Seletivo de Bolsas<\/p>\n","protected":false},"author":6722,"featured_media":0,"parent":0,"menu_order":0,"comment_status":"closed","ping_status":"closed","template":"","meta":{"footnotes":""},"coauthors":[],"class_list":["post-102","page","type-page","status-publish","hentry"],"_links":{"self":[{"href":"https:\/\/ppgenfermagemcptl.ufms.br\/en\/wp-json\/wp\/v2\/pages\/102","targetHints":{"allow":["GET"]}}],"collection":[{"href":"https:\/\/ppgenfermagemcptl.ufms.br\/en\/wp-json\/wp\/v2\/pages"}],"about":[{"href":"https:\/\/ppgenfermagemcptl.ufms.br\/en\/wp-json\/wp\/v2\/types\/page"}],"author":[{"embeddable":true,"href":"https:\/\/ppgenfermagemcptl.ufms.br\/en\/wp-json\/wp\/v2\/users\/6722"}],"replies":[{"embeddable":true,"href":"https:\/\/ppgenfermagemcptl.ufms.br\/en\/wp-json\/wp\/v2\/comments?post=102"}],"version-history":[{"count":13,"href":"https:\/\/ppgenfermagemcptl.ufms.br\/en\/wp-json\/wp\/v2\/pages\/102\/revisions"}],"predecessor-version":[{"id":2144,"href":"https:\/\/ppgenfermagemcptl.ufms.br\/en\/wp-json\/wp\/v2\/pages\/102\/revisions\/2144"}],"wp:attachment":[{"href":"https:\/\/ppgenfermagemcptl.ufms.br\/en\/wp-json\/wp\/v2\/media?parent=102"}],"wp:term":[{"taxonomy":"author","embeddable":true,"href":"https:\/\/ppgenfermagemcptl.ufms.br\/en\/wp-json\/wp\/v2\/coauthors?post=102"}],"curies":[{"name":"wp","href":"https:\/\/api.w.org\/{rel}","templated":true}]}}