{"id":100,"date":"2018-10-16T13:40:12","date_gmt":"2018-10-16T17:40:12","guid":{"rendered":"https:\/\/ppgenfermagemcptl.ufms.br\/?page_id=100"},"modified":"2024-12-10T13:29:24","modified_gmt":"2024-12-10T17:29:24","slug":"objetivo-do-curso","status":"publish","type":"page","link":"https:\/\/ppgenfermagemcptl.ufms.br\/en\/objetivo-do-curso\/","title":{"rendered":"Objetivo do Curso"},"content":{"rendered":"<p style=\"text-align: justify\">O curso tem como objetivo a forma\u00e7\u00e3o de recursos humanos qualificados, desenvolvendo a capacidade intelectual e cr\u00edtica no \u00e2mbito da Enfermagem e Sa\u00fade. Espera-se que o curso estimule a forma\u00e7\u00e3o de um ambiente de pesquisa e p\u00f3s-gradua\u00e7\u00e3o formador de mentes cr\u00edticas e independentes no campus de Tr\u00eas Lagoas da Universidade Federal de Mato Grosso do Sul e regi\u00e3o. Estes profissionais ter\u00e3o aptid\u00e3o para o estudo e desenvolvimento de novos conceitos, abordagens e tecnologias em sa\u00fade, cuidar em enfermagem nas diferentes faixas et\u00e1rias, contextos, ambientes e n\u00edveis de aten\u00e7\u00e3o. Consequentemente, estes conhecimentos ser\u00e3o multiplicados por meio de atividades de ensino, pesquisa e assist\u00eancia na \u00e1rea de enfermagem e sa\u00fade, com \u00eanfase em problemas pertinentes a regi\u00e3o centro-oeste do Brasil e condizentes com o perfil epidemiol\u00f3gico atual da popula\u00e7\u00e3o brasileira. Consequentemente, os conhecimentos produzidos no \u00e2mbito da universidade ser\u00e3o multiplicados por meio de atividades de ensino, pesquisa e assist\u00eancia na \u00e1rea de sa\u00fade, com \u00eanfase em problemas de sa\u00fade da popula\u00e7\u00e3o brasileira para o melhor desempenho no desenvolvimento da enfermagem e da sa\u00fade no contexto do SUS.<\/p>\n","protected":false},"excerpt":{"rendered":"<p>O curso tem como objetivo a forma\u00e7\u00e3o de recursos humanos qualificados, desenvolvendo a capacidade intelectual e cr\u00edtica no \u00e2mbito da Enfermagem e Sa\u00fade. Espera-se que o curso estimule a forma\u00e7\u00e3o de um ambiente de pesquisa e p\u00f3s-gradua\u00e7\u00e3o formador de mentes cr\u00edticas e independentes no campus de Tr\u00eas Lagoas da Universidade Federal de Mato Grosso do [&hellip;]<\/p>\n","protected":false},"author":6722,"featured_media":0,"parent":0,"menu_order":0,"comment_status":"closed","ping_status":"closed","template":"","meta":{"footnotes":""},"coauthors":[],"class_list":["post-100","page","type-page","status-publish","hentry"],"_links":{"self":[{"href":"https:\/\/ppgenfermagemcptl.ufms.br\/en\/wp-json\/wp\/v2\/pages\/100","targetHints":{"allow":["GET"]}}],"collection":[{"href":"https:\/\/ppgenfermagemcptl.ufms.br\/en\/wp-json\/wp\/v2\/pages"}],"about":[{"href":"https:\/\/ppgenfermagemcptl.ufms.br\/en\/wp-json\/wp\/v2\/types\/page"}],"author":[{"embeddable":true,"href":"https:\/\/ppgenfermagemcptl.ufms.br\/en\/wp-json\/wp\/v2\/users\/6722"}],"replies":[{"embeddable":true,"href":"https:\/\/ppgenfermagemcptl.ufms.br\/en\/wp-json\/wp\/v2\/comments?post=100"}],"version-history":[{"count":3,"href":"https:\/\/ppgenfermagemcptl.ufms.br\/en\/wp-json\/wp\/v2\/pages\/100\/revisions"}],"predecessor-version":[{"id":2142,"href":"https:\/\/ppgenfermagemcptl.ufms.br\/en\/wp-json\/wp\/v2\/pages\/100\/revisions\/2142"}],"wp:attachment":[{"href":"https:\/\/ppgenfermagemcptl.ufms.br\/en\/wp-json\/wp\/v2\/media?parent=100"}],"wp:term":[{"taxonomy":"author","embeddable":true,"href":"https:\/\/ppgenfermagemcptl.ufms.br\/en\/wp-json\/wp\/v2\/coauthors?post=100"}],"curies":[{"name":"wp","href":"https:\/\/api.w.org\/{rel}","templated":true}]}}